{"id":184,"date":"2024-02-15T00:37:41","date_gmt":"2024-02-14T23:37:41","guid":{"rendered":"https:\/\/bam-digitalacademy.com\/?page_id=184"},"modified":"2024-03-18T07:46:36","modified_gmt":"2024-03-18T06:46:36","slug":"terminos-y-condiciones","status":"publish","type":"page","link":"https:\/\/bam-digitalacademy.com\/?page_id=184","title":{"rendered":"Terminos y condiciones"},"content":{"rendered":"\t\t<div data-elementor-type=\"wp-page\" data-elementor-id=\"184\" class=\"elementor elementor-184\">\n\t\t\t\t<div class=\"elementor-element elementor-element-45572ec e-flex e-con-boxed jltma-glass-effect-no wpr-particle-no wpr-jarallax-no wpr-parallax-no wpr-sticky-section-no e-con e-parent\" data-id=\"45572ec\" data-element_type=\"container\">\n\t\t\t\t\t<div class=\"e-con-inner\">\n\t\t\t\t<div class=\"elementor-element elementor-element-c6b2663 jltma-glass-effect-no elementor-widget elementor-widget-image\" data-id=\"c6b2663\" data-element_type=\"widget\" data-widget_type=\"image.default\">\n\t\t\t\t<div class=\"elementor-widget-container\">\n\t\t\t\t\t\t\t\t\t\t\t\t\t\t\t<img fetchpriority=\"high\" decoding=\"async\" width=\"439\" height=\"335\" src=\"https:\/\/bam-digitalacademy.com\/wp-content\/uploads\/2024\/03\/OJO.gif\" class=\"attachment-medium_large size-medium_large wp-image-268\" alt=\"\" \/>\t\t\t\t\t\t\t\t\t\t\t\t\t\t\t<\/div>\n\t\t\t\t<\/div>\n\t\t\t\t<div class=\"elementor-element elementor-element-1ef6599 jltma-glass-effect-no elementor-widget elementor-widget-heading\" data-id=\"1ef6599\" data-element_type=\"widget\" data-widget_type=\"heading.default\">\n\t\t\t\t<div class=\"elementor-widget-container\">\n\t\t\t\t\t<h2 class=\"elementor-heading-title elementor-size-default\">10 de abril de 2026 11:47<\/h2>\t\t\t\t<\/div>\n\t\t\t\t<\/div>\n\t\t\t\t<div class=\"elementor-element elementor-element-f0ab6ff jltma-glass-effect-no elementor-widget elementor-widget-text-editor\" data-id=\"f0ab6ff\" data-element_type=\"widget\" data-widget_type=\"text-editor.default\">\n\t\t\t\t<div class=\"elementor-widget-container\">\n\t\t\t\t\t\t\t\t\t<p><strong>Pol\u00edtica de Privacidad de Datos y T\u00e9rminos y Condiciones<\/strong><\/p><p><span style=\"color: var( --e-global-color-text ); font-family: var( --e-global-typography-text-font-family ), Sans-serif; font-weight: var( --e-global-typography-text-font-weight ); text-align: var(--text-align); font-style: inherit; text-transform: inherit;\">Gracias por confiar en BAM-Digital Agency. Nos comprometemos a proteger su privacidad y sus datos personales. A continuaci\u00f3n, detallamos nuestra pol\u00edtica de privacidad y los t\u00e9rminos y condiciones que rigen el uso de nuestros servicios.<\/span><\/p><p><strong>1. Recopilaci\u00f3n de Informaci\u00f3n Personal:<\/strong> Recopilamos informaci\u00f3n personal que usted nos proporciona directamente al utilizar nuestros servicios. Esta informaci\u00f3n puede incluir su nombre, direcci\u00f3n de correo electr\u00f3nico, direcci\u00f3n postal, n\u00famero de tel\u00e9fono, informaci\u00f3n de pago y cualquier otra informaci\u00f3n que nos proporcione voluntariamente.<\/p><p><strong>2. Uso de la Informaci\u00f3n:<\/strong> Utilizamos la informaci\u00f3n recopilada para proporcionar nuestros servicios, procesar transacciones, mejorar la experiencia del usuario, comunicarnos con usted y cumplir con nuestras obligaciones legales.<\/p><p><strong>3. Seguridad de los Datos:<\/strong> Implementamos medidas de seguridad para proteger su informaci\u00f3n personal contra el acceso no autorizado, la divulgaci\u00f3n, alteraci\u00f3n o destrucci\u00f3n no autorizada de datos.<\/p><p><strong>4. Divulgaci\u00f3n de Informaci\u00f3n:<\/strong> No compartiremos su informaci\u00f3n personal con terceros, excepto cuando sea necesario para proporcionar nuestros servicios, cumplir con la ley o proteger nuestros derechos, propiedad o seguridad.<\/p><p><strong>5. Pol\u00edtica de Cookies:<\/strong> Utilizamos cookies y tecnolog\u00edas similares para mejorar su experiencia en l\u00ednea y recopilar informaci\u00f3n sobre c\u00f3mo utiliza nuestro sitio web. Puede configurar su navegador para que le notifique cuando se env\u00ede una cookie o para que las rechace.<\/p><p><strong>6. Correcci\u00f3n y Eliminaci\u00f3n de Datos:<\/strong> Usted tiene derecho a acceder, corregir y eliminar su informaci\u00f3n personal en cualquier momento. Para ejercer estos derechos o si tiene alguna pregunta sobre nuestra pol\u00edtica de privacidad, cont\u00e1ctenos en <a target=\"_new\">info@bamdigitalagency.com<\/a>.<\/p><p><strong>T\u00e9rminos y Condiciones:<\/strong><\/p><p><strong>1. Uso Aceptable:<\/strong> Al utilizar nuestros servicios, usted acepta cumplir con estos t\u00e9rminos y condiciones, as\u00ed como con todas las leyes y regulaciones aplicables.<\/p><p><strong>2. Propiedad Intelectual:<\/strong> Todos los derechos de propiedad intelectual sobre nuestros servicios y su contenido son propiedad de BAM-Digital Agency. Usted acepta no copiar, modificar, distribuir, transmitir, exhibir, vender, licenciar o explotar de cualquier otra manera nuestros servicios sin nuestro consentimiento previo por escrito.<\/p><p><strong>3. Limitaci\u00f3n de Responsabilidad:<\/strong> En la medida m\u00e1xima permitida por la ley, BAM-Digital Agency no ser\u00e1 responsable por ning\u00fan da\u00f1o directo, indirecto, incidental, especial o consecuente que surja del uso de nuestros servicios.<\/p><p><strong>4. Modificaciones:<\/strong> Nos reservamos el derecho de modificar estos t\u00e9rminos y condiciones en cualquier momento. Cualquier modificaci\u00f3n entrar\u00e1 en vigencia inmediatamente despu\u00e9s de su publicaci\u00f3n en nuestro sitio web. Su uso continuado de nuestros servicios despu\u00e9s de cualquier modificaci\u00f3n constituir\u00e1 su aceptaci\u00f3n de dichas modificaciones.<\/p><p>Al utilizar nuestros servicios, usted acepta y consiente el procesamiento de su informaci\u00f3n personal de acuerdo con esta pol\u00edtica de privacidad y estos t\u00e9rminos y condiciones. Si no est\u00e1 de acuerdo con estos t\u00e9rminos, le solicitamos que no utilice nuestros servicios.<\/p><p>Si tiene alguna pregunta o inquietud sobre nuestra pol\u00edtica de privacidad o nuestros t\u00e9rminos y condiciones, no dude en contactarnos en <a target=\"_new\">info@bam-digitalagency.com<\/a>.<\/p><p>Gracias por confiar en BAM-Digital Agency.<\/p>\t\t\t\t\t\t\t\t<\/div>\n\t\t\t\t<\/div>\n\t\t\t\t\t<\/div>\n\t\t\t\t<\/div>\n\t\t\t\t<\/div>\n\t\t","protected":false},"excerpt":{"rendered":"<p>Pol\u00edtica de Privacidad de Datos y T\u00e9rminos y Condiciones Gracias por confiar en BAM-Digital Agency. Nos comprometemos a proteger su privacidad y sus datos personales. A continuaci\u00f3n, detallamos nuestra pol\u00edtica de privacidad y los t\u00e9rminos y condiciones que rigen el uso de nuestros servicios. 1. Recopilaci\u00f3n de Informaci\u00f3n Personal: Recopilamos informaci\u00f3n personal que usted nos proporciona directamente al utilizar nuestros servicios. Esta informaci\u00f3n puede incluir su nombre, direcci\u00f3n de correo electr\u00f3nico, direcci\u00f3n postal, n\u00famero de tel\u00e9fono, informaci\u00f3n de pago y cualquier otra informaci\u00f3n que nos proporcione voluntariamente. 2. Uso de la Informaci\u00f3n: Utilizamos la informaci\u00f3n recopilada para proporcionar nuestros servicios, procesar transacciones, mejorar la experiencia del usuario, comunicarnos con usted y cumplir con nuestras obligaciones legales. 3. Seguridad de los Datos: Implementamos medidas de seguridad para proteger su informaci\u00f3n personal contra el acceso no autorizado, la divulgaci\u00f3n, alteraci\u00f3n o destrucci\u00f3n no autorizada de datos. 4. Divulgaci\u00f3n de Informaci\u00f3n: No compartiremos su informaci\u00f3n personal con terceros, excepto cuando sea necesario para proporcionar nuestros servicios, cumplir con la ley o proteger nuestros derechos, propiedad o seguridad. 5. Pol\u00edtica de Cookies: Utilizamos cookies y tecnolog\u00edas similares para mejorar su experiencia en l\u00ednea y recopilar informaci\u00f3n sobre c\u00f3mo utiliza nuestro sitio web. Puede configurar su navegador para que le notifique cuando se env\u00ede una cookie o para que las rechace. 6. Correcci\u00f3n y Eliminaci\u00f3n de Datos: Usted tiene derecho a acceder, corregir y eliminar su informaci\u00f3n personal en cualquier momento. Para ejercer estos derechos o si tiene alguna pregunta sobre nuestra pol\u00edtica de privacidad, cont\u00e1ctenos en info@bamdigitalagency.com. T\u00e9rminos y Condiciones: 1. Uso Aceptable: Al utilizar nuestros servicios, usted acepta cumplir con estos t\u00e9rminos y condiciones, as\u00ed como con todas las leyes y regulaciones aplicables. 2. Propiedad Intelectual: Todos los derechos de propiedad intelectual sobre nuestros servicios y su contenido son propiedad de BAM-Digital Agency. Usted acepta no copiar, modificar, distribuir, transmitir, exhibir, vender, licenciar o explotar de cualquier otra manera nuestros servicios sin nuestro consentimiento previo por escrito. 3. Limitaci\u00f3n de Responsabilidad: En la medida m\u00e1xima permitida por la ley, BAM-Digital Agency no ser\u00e1 responsable por ning\u00fan da\u00f1o directo, indirecto, incidental, especial o consecuente que surja del uso de nuestros servicios. 4. Modificaciones: Nos reservamos el derecho de modificar estos t\u00e9rminos y condiciones en cualquier momento. Cualquier modificaci\u00f3n entrar\u00e1 en vigencia inmediatamente despu\u00e9s de su publicaci\u00f3n en nuestro sitio web. Su uso continuado de nuestros servicios despu\u00e9s de cualquier modificaci\u00f3n constituir\u00e1 su aceptaci\u00f3n de dichas modificaciones. Al utilizar nuestros servicios, usted acepta y consiente el procesamiento de su informaci\u00f3n personal de acuerdo con esta pol\u00edtica de privacidad y estos t\u00e9rminos y condiciones. Si no est\u00e1 de acuerdo con estos t\u00e9rminos, le solicitamos que no utilice nuestros servicios. Si tiene alguna pregunta o inquietud sobre nuestra pol\u00edtica de privacidad o nuestros t\u00e9rminos y condiciones, no dude en contactarnos en info@bam-digitalagency.com. Gracias por confiar en BAM-Digital Agency.<\/p>\n","protected":false},"author":1,"featured_media":0,"parent":0,"menu_order":0,"comment_status":"closed","ping_status":"closed","template":"","meta":{"footnotes":""},"class_list":["post-184","page","type-page","status-publish","hentry"],"_links":{"self":[{"href":"https:\/\/bam-digitalacademy.com\/index.php?rest_route=\/wp\/v2\/pages\/184","targetHints":{"allow":["GET"]}}],"collection":[{"href":"https:\/\/bam-digitalacademy.com\/index.php?rest_route=\/wp\/v2\/pages"}],"about":[{"href":"https:\/\/bam-digitalacademy.com\/index.php?rest_route=\/wp\/v2\/types\/page"}],"author":[{"embeddable":true,"href":"https:\/\/bam-digitalacademy.com\/index.php?rest_route=\/wp\/v2\/users\/1"}],"replies":[{"embeddable":true,"href":"https:\/\/bam-digitalacademy.com\/index.php?rest_route=%2Fwp%2Fv2%2Fcomments&post=184"}],"version-history":[{"count":25,"href":"https:\/\/bam-digitalacademy.com\/index.php?rest_route=\/wp\/v2\/pages\/184\/revisions"}],"predecessor-version":[{"id":632,"href":"https:\/\/bam-digitalacademy.com\/index.php?rest_route=\/wp\/v2\/pages\/184\/revisions\/632"}],"wp:attachment":[{"href":"https:\/\/bam-digitalacademy.com\/index.php?rest_route=%2Fwp%2Fv2%2Fmedia&parent=184"}],"curies":[{"name":"wp","href":"https:\/\/api.w.org\/{rel}","templated":true}]}}