{"id":1007,"date":"2025-09-18T03:29:01","date_gmt":"2025-09-18T01:29:01","guid":{"rendered":"https:\/\/bam-digitalacademy.com\/?post_type=product&#038;p=1007"},"modified":"2025-11-10T14:47:09","modified_gmt":"2025-11-10T13:47:09","slug":"servidor-privado-vps-medio-mensual","status":"publish","type":"product","link":"https:\/\/bam-digitalacademy.com\/?product=servidor-privado-vps-medio-mensual","title":{"rendered":"Servidor privado VPS Medio (mensual)"},"content":{"rendered":"<p data-start=\"156\" data-end=\"370\">El <strong data-start=\"159\" data-end=\"197\">Servidor Privado VPS Medio Mensual<\/strong> de <strong data-start=\"201\" data-end=\"216\">Artemis Lab<\/strong> te ofrece recursos dedicados y mayor capacidad de personalizaci\u00f3n para proyectos m\u00e1s exigentes, con m\u00e1s control y flexibilidad que un hosting compartido.<\/p>\n<p data-start=\"372\" data-end=\"404\"><strong data-start=\"372\" data-end=\"404\">Caracter\u00edsticas principales:<\/strong><\/p>\n<ul data-start=\"405\" data-end=\"832\">\n<li data-start=\"405\" data-end=\"488\">\n<p data-start=\"407\" data-end=\"488\"><strong data-start=\"407\" data-end=\"429\">Recursos dedicados<\/strong>: M\u00e1s CPU, RAM y almacenamiento exclusivo para tu proyecto.<\/p>\n<\/li>\n<li data-start=\"489\" data-end=\"587\">\n<p data-start=\"491\" data-end=\"587\"><strong data-start=\"491\" data-end=\"508\">Control total<\/strong>: Acceso completo para configurar tu servidor y software seg\u00fan tus necesidades.<\/p>\n<\/li>\n<li data-start=\"588\" data-end=\"667\">\n<p data-start=\"590\" data-end=\"667\"><strong data-start=\"590\" data-end=\"607\">Escalabilidad<\/strong>: Ampl\u00eda recursos f\u00e1cilmente a medida que tu proyecto crece.<\/p>\n<\/li>\n<li data-start=\"668\" data-end=\"762\">\n<p data-start=\"670\" data-end=\"762\"><strong data-start=\"670\" data-end=\"692\">Seguridad avanzada<\/strong>: Protecci\u00f3n con firewalls, copias de seguridad y monitoreo constante.<\/p>\n<\/li>\n<li data-start=\"763\" data-end=\"832\">\n<p data-start=\"765\" data-end=\"832\"><strong data-start=\"765\" data-end=\"781\">Soporte 24\/7<\/strong>: Asistencia t\u00e9cnica especializada en todo momento.<\/p>\n<\/li>\n<\/ul>\n<p data-start=\"834\" data-end=\"970\">Ideal para empresas de mayor tama\u00f1o o desarrolladores que requieren m\u00e1s recursos y control, sin llegar al costo de un servidor dedicado.<\/p>\n","protected":false},"excerpt":{"rendered":"<p>El Servidor Privado VPS Medio Mensual de Artemis Lab te ofrece recursos dedicados y mayor capacidad de personalizaci\u00f3n para proyectos m\u00e1s exigentes, con m\u00e1s control y flexibilidad que un hosting compartido. Caracter\u00edsticas principales: Recursos dedicados: M\u00e1s CPU, RAM y almacenamiento exclusivo para tu proyecto. Control total: Acceso completo para configurar tu servidor y software seg\u00fan tus necesidades. Escalabilidad: Ampl\u00eda recursos f\u00e1cilmente a medida que tu proyecto crece. Seguridad avanzada: Protecci\u00f3n con firewalls, copias de seguridad y monitoreo constante. Soporte 24\/7: Asistencia t\u00e9cnica especializada en todo momento. Ideal para empresas de mayor tama\u00f1o o desarrolladores que requieren m\u00e1s recursos y control, sin llegar al costo de un servidor dedicado.<\/p>\n","protected":false},"featured_media":1314,"template":"","meta":[],"product_brand":[],"product_cat":[24],"product_tag":[],"class_list":{"0":"post-1007","1":"product","2":"type-product","3":"status-publish","4":"has-post-thumbnail","6":"product_cat-hosting-y-servidores","8":"first","9":"instock","10":"shipping-taxable","11":"purchasable","12":"product-type-simple"},"_links":{"self":[{"href":"https:\/\/bam-digitalacademy.com\/index.php?rest_route=\/wp\/v2\/product\/1007","targetHints":{"allow":["GET"]}}],"collection":[{"href":"https:\/\/bam-digitalacademy.com\/index.php?rest_route=\/wp\/v2\/product"}],"about":[{"href":"https:\/\/bam-digitalacademy.com\/index.php?rest_route=\/wp\/v2\/types\/product"}],"wp:featuredmedia":[{"embeddable":true,"href":"https:\/\/bam-digitalacademy.com\/index.php?rest_route=\/wp\/v2\/media\/1314"}],"wp:attachment":[{"href":"https:\/\/bam-digitalacademy.com\/index.php?rest_route=%2Fwp%2Fv2%2Fmedia&parent=1007"}],"wp:term":[{"taxonomy":"product_brand","embeddable":true,"href":"https:\/\/bam-digitalacademy.com\/index.php?rest_route=%2Fwp%2Fv2%2Fproduct_brand&post=1007"},{"taxonomy":"product_cat","embeddable":true,"href":"https:\/\/bam-digitalacademy.com\/index.php?rest_route=%2Fwp%2Fv2%2Fproduct_cat&post=1007"},{"taxonomy":"product_tag","embeddable":true,"href":"https:\/\/bam-digitalacademy.com\/index.php?rest_route=%2Fwp%2Fv2%2Fproduct_tag&post=1007"}],"curies":[{"name":"wp","href":"https:\/\/api.w.org\/{rel}","templated":true}]}}