{"id":1008,"date":"2025-09-18T03:29:01","date_gmt":"2025-09-18T01:29:01","guid":{"rendered":"https:\/\/bam-digitalacademy.com\/?post_type=product&#038;p=1008"},"modified":"2025-11-10T14:47:11","modified_gmt":"2025-11-10T13:47:11","slug":"servidor-privado-vps-avanzado-mensual","status":"publish","type":"product","link":"https:\/\/bam-digitalacademy.com\/?product=servidor-privado-vps-avanzado-mensual","title":{"rendered":"Servidor privado VPS Avanzado (mensual)"},"content":{"rendered":"<p data-start=\"139\" data-end=\"290\">Un VPS avanzado ofrece un entorno de servidor virtual con recursos dedicados, ideal para proyectos que requieren control, rendimiento y flexibilidad.<\/p>\n<p data-start=\"292\" data-end=\"320\"><strong data-start=\"292\" data-end=\"318\">Caracter\u00edsticas clave:<\/strong><\/p>\n<ul data-start=\"321\" data-end=\"702\">\n<li data-start=\"321\" data-end=\"385\">\n<p data-start=\"323\" data-end=\"385\">Recursos dedicados: CPU, RAM, almacenamiento y IP exclusiva.<\/p>\n<\/li>\n<li data-start=\"386\" data-end=\"461\">\n<p data-start=\"388\" data-end=\"461\">Acceso root\/administrador completo para instalar y configurar software.<\/p>\n<\/li>\n<li data-start=\"462\" data-end=\"511\">\n<p data-start=\"464\" data-end=\"511\">Sistema operativo configurable (Linux, etc.).<\/p>\n<\/li>\n<li data-start=\"512\" data-end=\"570\">\n<p data-start=\"514\" data-end=\"570\">Almacenamiento SSD\/NVMe r\u00e1pido para mejor rendimiento.<\/p>\n<\/li>\n<li data-start=\"571\" data-end=\"652\">\n<p data-start=\"573\" data-end=\"652\">Tr\u00e1fico mensual y ancho de banda adecuados para proyectos medianos a grandes.<\/p>\n<\/li>\n<li data-start=\"653\" data-end=\"702\">\n<p data-start=\"655\" data-end=\"702\">Escalable seg\u00fan las necesidades del proyecto.<\/p>\n<\/li>\n<\/ul>\n<p data-start=\"704\" data-end=\"719\"><strong data-start=\"704\" data-end=\"717\">Ventajas:<\/strong><\/p>\n<ul data-start=\"720\" data-end=\"922\">\n<li data-start=\"720\" data-end=\"780\">\n<p data-start=\"722\" data-end=\"780\">Mayor rendimiento y seguridad que un hosting compartido.<\/p>\n<\/li>\n<li data-start=\"781\" data-end=\"840\">\n<p data-start=\"783\" data-end=\"840\">Flexibilidad para instalar aplicaciones personalizadas.<\/p>\n<\/li>\n<li data-start=\"841\" data-end=\"922\">\n<p data-start=\"843\" data-end=\"922\">Ideal para sitios web, aplicaciones, bases de datos o entornos de desarrollo.<\/p>\n<\/li>\n<\/ul>\n","protected":false},"excerpt":{"rendered":"<p>Un VPS avanzado ofrece un entorno de servidor virtual con recursos dedicados, ideal para proyectos que requieren control, rendimiento y flexibilidad. Caracter\u00edsticas clave: Recursos dedicados: CPU, RAM, almacenamiento y IP exclusiva. Acceso root\/administrador completo para instalar y configurar software. Sistema operativo configurable (Linux, etc.). Almacenamiento SSD\/NVMe r\u00e1pido para mejor rendimiento. Tr\u00e1fico mensual y ancho de banda adecuados para proyectos medianos a grandes. Escalable seg\u00fan las necesidades del proyecto. Ventajas: Mayor rendimiento y seguridad que un hosting compartido. Flexibilidad para instalar aplicaciones personalizadas. Ideal para sitios web, aplicaciones, bases de datos o entornos de desarrollo.<\/p>\n","protected":false},"featured_media":1315,"template":"","meta":[],"product_brand":[],"product_cat":[24],"product_tag":[],"class_list":{"0":"post-1008","1":"product","2":"type-product","3":"status-publish","4":"has-post-thumbnail","6":"product_cat-hosting-y-servidores","8":"first","9":"instock","10":"shipping-taxable","11":"purchasable","12":"product-type-simple"},"_links":{"self":[{"href":"https:\/\/bam-digitalacademy.com\/index.php?rest_route=\/wp\/v2\/product\/1008","targetHints":{"allow":["GET"]}}],"collection":[{"href":"https:\/\/bam-digitalacademy.com\/index.php?rest_route=\/wp\/v2\/product"}],"about":[{"href":"https:\/\/bam-digitalacademy.com\/index.php?rest_route=\/wp\/v2\/types\/product"}],"wp:featuredmedia":[{"embeddable":true,"href":"https:\/\/bam-digitalacademy.com\/index.php?rest_route=\/wp\/v2\/media\/1315"}],"wp:attachment":[{"href":"https:\/\/bam-digitalacademy.com\/index.php?rest_route=%2Fwp%2Fv2%2Fmedia&parent=1008"}],"wp:term":[{"taxonomy":"product_brand","embeddable":true,"href":"https:\/\/bam-digitalacademy.com\/index.php?rest_route=%2Fwp%2Fv2%2Fproduct_brand&post=1008"},{"taxonomy":"product_cat","embeddable":true,"href":"https:\/\/bam-digitalacademy.com\/index.php?rest_route=%2Fwp%2Fv2%2Fproduct_cat&post=1008"},{"taxonomy":"product_tag","embeddable":true,"href":"https:\/\/bam-digitalacademy.com\/index.php?rest_route=%2Fwp%2Fv2%2Fproduct_tag&post=1008"}],"curies":[{"name":"wp","href":"https:\/\/api.w.org\/{rel}","templated":true}]}}