{"id":1009,"date":"2025-09-18T03:29:01","date_gmt":"2025-09-18T01:29:01","guid":{"rendered":"https:\/\/bam-digitalacademy.com\/?post_type=product&#038;p=1009"},"modified":"2025-11-10T14:47:11","modified_gmt":"2025-11-10T13:47:11","slug":"hosting-compartido-basico-mensual","status":"publish","type":"product","link":"https:\/\/bam-digitalacademy.com\/?product=hosting-compartido-basico-mensual","title":{"rendered":"Hosting compartido B\u00e1sico (mensual)"},"content":{"rendered":"<p data-start=\"106\" data-end=\"143\"><strong data-start=\"106\" data-end=\"143\">Hosting Compartido B\u00e1sico Mensual<\/strong><\/p>\n<p data-start=\"145\" data-end=\"517\">El <strong data-start=\"148\" data-end=\"185\">Hosting Compartido B\u00e1sico Mensual<\/strong> de <strong data-start=\"189\" data-end=\"204\">Artemis Lab<\/strong> es la soluci\u00f3n perfecta para aquellos que buscan un alojamiento web sencillo, econ\u00f3mico y eficiente. Con este servicio, podr\u00e1s hospedar tu sitio web de manera segura y con recursos compartidos entre varios usuarios, ideal para sitios web peque\u00f1os o medianos que no requieren grandes capacidades de procesamiento.<\/p>\n<p data-start=\"519\" data-end=\"551\"><strong data-start=\"519\" data-end=\"551\">Caracter\u00edsticas principales:<\/strong><\/p>\n<ul data-start=\"552\" data-end=\"1153\">\n<li data-start=\"552\" data-end=\"684\">\n<p data-start=\"554\" data-end=\"684\"><strong data-start=\"554\" data-end=\"580\">Espacio web suficiente<\/strong>: Ofrece un espacio de almacenamiento adecuado para alojar tu sitio web, blogs o tiendas online b\u00e1sicas.<\/p>\n<\/li>\n<li data-start=\"685\" data-end=\"847\">\n<p data-start=\"687\" data-end=\"847\"><strong data-start=\"687\" data-end=\"706\">Acceso a cPanel<\/strong>: Disfruta de una interfaz intuitiva para gestionar tus archivos, bases de datos, correos electr\u00f3nicos y otras configuraciones de tu hosting.<\/p>\n<\/li>\n<li data-start=\"848\" data-end=\"988\">\n<p data-start=\"850\" data-end=\"988\"><strong data-start=\"850\" data-end=\"888\">Instalaci\u00f3n r\u00e1pida de aplicaciones<\/strong>: Acceso a herramientas como WordPress, Joomla y otras aplicaciones populares mediante un solo clic.<\/p>\n<\/li>\n<li data-start=\"989\" data-end=\"1153\">\n<p data-start=\"991\" data-end=\"1153\"><strong data-start=\"991\" data-end=\"1015\">Soporte t\u00e9cnico 24\/7<\/strong>: Asistencia continua para resolver cualquier problema relacionado con el hosting, garantizando el funcionamiento \u00f3ptimo de tu p\u00e1gina web.<\/p>\n<\/li>\n<\/ul>\n<p data-start=\"1155\" data-end=\"1317\">Este servicio es ideal para proyectos en crecimiento, emprendedores y peque\u00f1as empresas que necesitan un hosting fiable a bajo costo, sin complicaciones t\u00e9cnicas.<\/p>\n","protected":false},"excerpt":{"rendered":"<p>Hosting Compartido B\u00e1sico Mensual El Hosting Compartido B\u00e1sico Mensual de Artemis Lab es la soluci\u00f3n perfecta para aquellos que buscan un alojamiento web sencillo, econ\u00f3mico y eficiente. Con este servicio, podr\u00e1s hospedar tu sitio web de manera segura y con recursos compartidos entre varios usuarios, ideal para sitios web peque\u00f1os o medianos que no requieren grandes capacidades de procesamiento. Caracter\u00edsticas principales: Espacio web suficiente: Ofrece un espacio de almacenamiento adecuado para alojar tu sitio web, blogs o tiendas online b\u00e1sicas. Acceso a cPanel: Disfruta de una interfaz intuitiva para gestionar tus archivos, bases de datos, correos electr\u00f3nicos y otras configuraciones de tu hosting. Instalaci\u00f3n r\u00e1pida de aplicaciones: Acceso a herramientas como WordPress, Joomla y otras aplicaciones populares mediante un solo clic. Soporte t\u00e9cnico 24\/7: Asistencia continua para resolver cualquier problema relacionado con el hosting, garantizando el funcionamiento \u00f3ptimo de tu p\u00e1gina web. Este servicio es ideal para proyectos en crecimiento, emprendedores y peque\u00f1as empresas que necesitan un hosting fiable a bajo costo, sin complicaciones t\u00e9cnicas.<\/p>\n","protected":false},"featured_media":1313,"template":"","meta":[],"product_brand":[],"product_cat":[24],"product_tag":[],"class_list":{"0":"post-1009","1":"product","2":"type-product","3":"status-publish","4":"has-post-thumbnail","6":"product_cat-hosting-y-servidores","8":"first","9":"instock","10":"shipping-taxable","11":"purchasable","12":"product-type-simple"},"_links":{"self":[{"href":"https:\/\/bam-digitalacademy.com\/index.php?rest_route=\/wp\/v2\/product\/1009","targetHints":{"allow":["GET"]}}],"collection":[{"href":"https:\/\/bam-digitalacademy.com\/index.php?rest_route=\/wp\/v2\/product"}],"about":[{"href":"https:\/\/bam-digitalacademy.com\/index.php?rest_route=\/wp\/v2\/types\/product"}],"wp:featuredmedia":[{"embeddable":true,"href":"https:\/\/bam-digitalacademy.com\/index.php?rest_route=\/wp\/v2\/media\/1313"}],"wp:attachment":[{"href":"https:\/\/bam-digitalacademy.com\/index.php?rest_route=%2Fwp%2Fv2%2Fmedia&parent=1009"}],"wp:term":[{"taxonomy":"product_brand","embeddable":true,"href":"https:\/\/bam-digitalacademy.com\/index.php?rest_route=%2Fwp%2Fv2%2Fproduct_brand&post=1009"},{"taxonomy":"product_cat","embeddable":true,"href":"https:\/\/bam-digitalacademy.com\/index.php?rest_route=%2Fwp%2Fv2%2Fproduct_cat&post=1009"},{"taxonomy":"product_tag","embeddable":true,"href":"https:\/\/bam-digitalacademy.com\/index.php?rest_route=%2Fwp%2Fv2%2Fproduct_tag&post=1009"}],"curies":[{"name":"wp","href":"https:\/\/api.w.org\/{rel}","templated":true}]}}