{"id":1010,"date":"2025-09-18T03:29:01","date_gmt":"2025-09-18T01:29:01","guid":{"rendered":"https:\/\/bam-digitalacademy.com\/?post_type=product&#038;p=1010"},"modified":"2025-11-10T14:47:11","modified_gmt":"2025-11-10T13:47:11","slug":"hosting-compartido-business-mensual","status":"publish","type":"product","link":"https:\/\/bam-digitalacademy.com\/?product=hosting-compartido-business-mensual","title":{"rendered":"Hosting compartido Business (mensual)"},"content":{"rendered":"<p data-start=\"149\" data-end=\"568\">El <strong data-start=\"152\" data-end=\"191\">Hosting Compartido Business Mensual<\/strong> de <strong data-start=\"195\" data-end=\"210\">Artemis Lab<\/strong> es una soluci\u00f3n de alojamiento web optimizada para empresas y proyectos de mayor envergadura que requieren recursos adicionales para su crecimiento. Este plan ofrece una combinaci\u00f3n de alto rendimiento, seguridad y facilidad de gesti\u00f3n a un precio accesible, ideal para sitios web corporativos, tiendas en l\u00ednea y aplicaciones web con un tr\u00e1fico medio-alto.<\/p>\n<p data-start=\"570\" data-end=\"602\"><strong data-start=\"570\" data-end=\"602\">Caracter\u00edsticas principales:<\/strong><\/p>\n<ul data-start=\"603\" data-end=\"1527\">\n<li data-start=\"603\" data-end=\"798\">\n<p data-start=\"605\" data-end=\"798\"><strong data-start=\"605\" data-end=\"643\">Recursos optimizados para negocios<\/strong>: M\u00e1s espacio de almacenamiento y ancho de banda que el hosting b\u00e1sico, asegurando una experiencia fluida y sin interrupciones incluso con tr\u00e1fico elevado.<\/p>\n<\/li>\n<li data-start=\"799\" data-end=\"988\">\n<p data-start=\"801\" data-end=\"988\"><strong data-start=\"801\" data-end=\"820\">Acceso a cPanel<\/strong>: Control total sobre tu hosting con una interfaz intuitiva que te permite gestionar tus archivos, bases de datos, correos electr\u00f3nicos, y configuraciones de seguridad.<\/p>\n<\/li>\n<li data-start=\"989\" data-end=\"1181\">\n<p data-start=\"991\" data-end=\"1181\"><strong data-start=\"991\" data-end=\"1028\">Instalaci\u00f3n f\u00e1cil de aplicaciones<\/strong>: Acceso a un instalador de aplicaciones con un solo clic para plataformas como WordPress, Joomla, Magento y m\u00e1s, facilitando la gesti\u00f3n de tu sitio web.<\/p>\n<\/li>\n<li data-start=\"1182\" data-end=\"1342\">\n<p data-start=\"1184\" data-end=\"1342\"><strong data-start=\"1184\" data-end=\"1212\">Certificado SSL gratuito<\/strong>: Seguridad adicional con un certificado SSL, protegiendo tanto la informaci\u00f3n de tus usuarios como la integridad de tu sitio web.<\/p>\n<\/li>\n<li data-start=\"1343\" data-end=\"1527\">\n<p data-start=\"1345\" data-end=\"1527\"><strong data-start=\"1345\" data-end=\"1369\">Soporte t\u00e9cnico 24\/7<\/strong>: Atenci\u00f3n al cliente y soporte t\u00e9cnico especializado disponible en todo momento para garantizar que tu sitio est\u00e9 siempre activo y funcionando correctamente.<\/p>\n<\/li>\n<\/ul>\n<p data-start=\"1529\" data-end=\"1720\">Este plan de hosting es ideal para empresas que necesitan m\u00e1s recursos y estabilidad, sin sacrificar la facilidad de uso y sin necesidad de complicarse con configuraciones t\u00e9cnicas complejas.<\/p>\n","protected":false},"excerpt":{"rendered":"<p>El Hosting Compartido Business Mensual de Artemis Lab es una soluci\u00f3n de alojamiento web optimizada para empresas y proyectos de mayor envergadura que requieren recursos adicionales para su crecimiento. Este plan ofrece una combinaci\u00f3n de alto rendimiento, seguridad y facilidad de gesti\u00f3n a un precio accesible, ideal para sitios web corporativos, tiendas en l\u00ednea y aplicaciones web con un tr\u00e1fico medio-alto. Caracter\u00edsticas principales: Recursos optimizados para negocios: M\u00e1s espacio de almacenamiento y ancho de banda que el hosting b\u00e1sico, asegurando una experiencia fluida y sin interrupciones incluso con tr\u00e1fico elevado. Acceso a cPanel: Control total sobre tu hosting con una interfaz intuitiva que te permite gestionar tus archivos, bases de datos, correos electr\u00f3nicos, y configuraciones de seguridad. Instalaci\u00f3n f\u00e1cil de aplicaciones: Acceso a un instalador de aplicaciones con un solo clic para plataformas como WordPress, Joomla, Magento y m\u00e1s, facilitando la gesti\u00f3n de tu sitio web. Certificado SSL gratuito: Seguridad adicional con un certificado SSL, protegiendo tanto la informaci\u00f3n de tus usuarios como la integridad de tu sitio web. Soporte t\u00e9cnico 24\/7: Atenci\u00f3n al cliente y soporte t\u00e9cnico especializado disponible en todo momento para garantizar que tu sitio est\u00e9 siempre activo y funcionando correctamente. Este plan de hosting es ideal para empresas que necesitan m\u00e1s recursos y estabilidad, sin sacrificar la facilidad de uso y sin necesidad de complicarse con configuraciones t\u00e9cnicas complejas.<\/p>\n","protected":false},"featured_media":1314,"template":"","meta":[],"product_brand":[],"product_cat":[24],"product_tag":[],"class_list":{"0":"post-1010","1":"product","2":"type-product","3":"status-publish","4":"has-post-thumbnail","6":"product_cat-hosting-y-servidores","8":"first","9":"instock","10":"shipping-taxable","11":"purchasable","12":"product-type-simple"},"_links":{"self":[{"href":"https:\/\/bam-digitalacademy.com\/index.php?rest_route=\/wp\/v2\/product\/1010","targetHints":{"allow":["GET"]}}],"collection":[{"href":"https:\/\/bam-digitalacademy.com\/index.php?rest_route=\/wp\/v2\/product"}],"about":[{"href":"https:\/\/bam-digitalacademy.com\/index.php?rest_route=\/wp\/v2\/types\/product"}],"wp:featuredmedia":[{"embeddable":true,"href":"https:\/\/bam-digitalacademy.com\/index.php?rest_route=\/wp\/v2\/media\/1314"}],"wp:attachment":[{"href":"https:\/\/bam-digitalacademy.com\/index.php?rest_route=%2Fwp%2Fv2%2Fmedia&parent=1010"}],"wp:term":[{"taxonomy":"product_brand","embeddable":true,"href":"https:\/\/bam-digitalacademy.com\/index.php?rest_route=%2Fwp%2Fv2%2Fproduct_brand&post=1010"},{"taxonomy":"product_cat","embeddable":true,"href":"https:\/\/bam-digitalacademy.com\/index.php?rest_route=%2Fwp%2Fv2%2Fproduct_cat&post=1010"},{"taxonomy":"product_tag","embeddable":true,"href":"https:\/\/bam-digitalacademy.com\/index.php?rest_route=%2Fwp%2Fv2%2Fproduct_tag&post=1010"}],"curies":[{"name":"wp","href":"https:\/\/api.w.org\/{rel}","templated":true}]}}