{"id":1011,"date":"2025-09-18T03:29:01","date_gmt":"2025-09-18T01:29:01","guid":{"rendered":"https:\/\/bam-digitalacademy.com\/?post_type=product&#038;p=1011"},"modified":"2025-11-10T14:47:11","modified_gmt":"2025-11-10T13:47:11","slug":"hosting-wordpress-administrado-mensual","status":"publish","type":"product","link":"https:\/\/bam-digitalacademy.com\/?product=hosting-wordpress-administrado-mensual","title":{"rendered":"Hosting WordPress Administrado (mensual)"},"content":{"rendered":"<p data-start=\"155\" data-end=\"555\">El <strong data-start=\"158\" data-end=\"200\">Hosting WordPress Administrado Mensual<\/strong> de <strong data-start=\"204\" data-end=\"219\">Artemis Lab<\/strong> est\u00e1 dise\u00f1ado especialmente para quienes desean la m\u00e1xima optimizaci\u00f3n y rendimiento en su sitio web WordPress sin tener que preocuparse por la administraci\u00f3n t\u00e9cnica. Este plan ofrece un alojamiento dedicado y totalmente optimizado para WordPress, con soporte especializado para mantener tu sitio r\u00e1pido, seguro y siempre actualizado.<\/p>\n<p data-start=\"557\" data-end=\"589\"><strong data-start=\"557\" data-end=\"589\">Caracter\u00edsticas principales:<\/strong><\/p>\n<ul data-start=\"590\" data-end=\"1515\">\n<li data-start=\"590\" data-end=\"775\">\n<p data-start=\"592\" data-end=\"775\"><strong data-start=\"592\" data-end=\"633\">Optimizaci\u00f3n exclusiva para WordPress<\/strong>: Hosting configurado y ajustado espec\u00edficamente para WordPress, garantizando tiempos de carga r\u00e1pidos, estabilidad y un rendimiento superior.<\/p>\n<\/li>\n<li data-start=\"776\" data-end=\"996\">\n<p data-start=\"778\" data-end=\"996\"><strong data-start=\"778\" data-end=\"809\">Actualizaciones autom\u00e1ticas<\/strong>: El servicio se encarga de las actualizaciones autom\u00e1ticas de WordPress, plugins y temas, para que siempre tengas la versi\u00f3n m\u00e1s segura y funcional sin tener que gestionarlo manualmente.<\/p>\n<\/li>\n<li data-start=\"997\" data-end=\"1174\">\n<p data-start=\"999\" data-end=\"1174\"><strong data-start=\"999\" data-end=\"1021\">Seguridad avanzada<\/strong>: Protecci\u00f3n proactiva contra amenazas y ataques, con medidas de seguridad como firewalls, an\u00e1lisis de malware y copias de seguridad diarias autom\u00e1ticas.<\/p>\n<\/li>\n<li data-start=\"1175\" data-end=\"1349\">\n<p data-start=\"1177\" data-end=\"1349\"><strong data-start=\"1177\" data-end=\"1207\">Soporte especializado 24\/7<\/strong>: Asistencia t\u00e9cnica dedicada por expertos en WordPress, siempre disponible para ayudarte con cualquier problema relacionado con tu sitio web.<\/p>\n<\/li>\n<li data-start=\"1350\" data-end=\"1515\">\n<p data-start=\"1352\" data-end=\"1515\"><strong data-start=\"1352\" data-end=\"1385\">Panel de administraci\u00f3n f\u00e1cil<\/strong>: Accede a un panel de control sencillo y completo, con herramientas espec\u00edficas para administrar tu WordPress de forma intuitiva.<\/p>\n<\/li>\n<\/ul>\n<p data-start=\"1517\" data-end=\"1750\">Este servicio es ideal para empresas, bloggers y desarrolladores que desean un hosting potente, gestionado y sin complicaciones, permiti\u00e9ndoles centrarse en el crecimiento de su contenido sin preocuparse por el mantenimiento t\u00e9cnico.<\/p>\n","protected":false},"excerpt":{"rendered":"<p>El Hosting WordPress Administrado Mensual de Artemis Lab est\u00e1 dise\u00f1ado especialmente para quienes desean la m\u00e1xima optimizaci\u00f3n y rendimiento en su sitio web WordPress sin tener que preocuparse por la administraci\u00f3n t\u00e9cnica. Este plan ofrece un alojamiento dedicado y totalmente optimizado para WordPress, con soporte especializado para mantener tu sitio r\u00e1pido, seguro y siempre actualizado. Caracter\u00edsticas principales: Optimizaci\u00f3n exclusiva para WordPress: Hosting configurado y ajustado espec\u00edficamente para WordPress, garantizando tiempos de carga r\u00e1pidos, estabilidad y un rendimiento superior. Actualizaciones autom\u00e1ticas: El servicio se encarga de las actualizaciones autom\u00e1ticas de WordPress, plugins y temas, para que siempre tengas la versi\u00f3n m\u00e1s segura y funcional sin tener que gestionarlo manualmente. Seguridad avanzada: Protecci\u00f3n proactiva contra amenazas y ataques, con medidas de seguridad como firewalls, an\u00e1lisis de malware y copias de seguridad diarias autom\u00e1ticas. Soporte especializado 24\/7: Asistencia t\u00e9cnica dedicada por expertos en WordPress, siempre disponible para ayudarte con cualquier problema relacionado con tu sitio web. Panel de administraci\u00f3n f\u00e1cil: Accede a un panel de control sencillo y completo, con herramientas espec\u00edficas para administrar tu WordPress de forma intuitiva. Este servicio es ideal para empresas, bloggers y desarrolladores que desean un hosting potente, gestionado y sin complicaciones, permiti\u00e9ndoles centrarse en el crecimiento de su contenido sin preocuparse por el mantenimiento t\u00e9cnico.<\/p>\n","protected":false},"featured_media":1315,"template":"","meta":[],"product_brand":[],"product_cat":[24],"product_tag":[],"class_list":{"0":"post-1011","1":"product","2":"type-product","3":"status-publish","4":"has-post-thumbnail","6":"product_cat-hosting-y-servidores","8":"first","9":"instock","10":"shipping-taxable","11":"purchasable","12":"product-type-simple"},"_links":{"self":[{"href":"https:\/\/bam-digitalacademy.com\/index.php?rest_route=\/wp\/v2\/product\/1011","targetHints":{"allow":["GET"]}}],"collection":[{"href":"https:\/\/bam-digitalacademy.com\/index.php?rest_route=\/wp\/v2\/product"}],"about":[{"href":"https:\/\/bam-digitalacademy.com\/index.php?rest_route=\/wp\/v2\/types\/product"}],"wp:featuredmedia":[{"embeddable":true,"href":"https:\/\/bam-digitalacademy.com\/index.php?rest_route=\/wp\/v2\/media\/1315"}],"wp:attachment":[{"href":"https:\/\/bam-digitalacademy.com\/index.php?rest_route=%2Fwp%2Fv2%2Fmedia&parent=1011"}],"wp:term":[{"taxonomy":"product_brand","embeddable":true,"href":"https:\/\/bam-digitalacademy.com\/index.php?rest_route=%2Fwp%2Fv2%2Fproduct_brand&post=1011"},{"taxonomy":"product_cat","embeddable":true,"href":"https:\/\/bam-digitalacademy.com\/index.php?rest_route=%2Fwp%2Fv2%2Fproduct_cat&post=1011"},{"taxonomy":"product_tag","embeddable":true,"href":"https:\/\/bam-digitalacademy.com\/index.php?rest_route=%2Fwp%2Fv2%2Fproduct_tag&post=1011"}],"curies":[{"name":"wp","href":"https:\/\/api.w.org\/{rel}","templated":true}]}}