{"id":1012,"date":"2025-09-18T03:29:01","date_gmt":"2025-09-18T01:29:01","guid":{"rendered":"https:\/\/bam-digitalacademy.com\/?post_type=product&#038;p=1012"},"modified":"2025-11-10T14:47:12","modified_gmt":"2025-11-10T13:47:12","slug":"dominio-com-anual","status":"publish","type":"product","link":"https:\/\/bam-digitalacademy.com\/?product=dominio-com-anual","title":{"rendered":"Dominio .com (anual)"},"content":{"rendered":"<p data-start=\"91\" data-end=\"113\">Asegura la visibilidad y profesionalismo de tu negocio o proyecto personal con el registro de un <strong data-start=\"212\" data-end=\"234\">Dominio .com Anual<\/strong> a trav\u00e9s de <strong data-start=\"247\" data-end=\"262\">Artemis Lab<\/strong>. Con esta opci\u00f3n, obtienes uno de los dominios m\u00e1s populares y reconocidos a nivel mundial, ideal para empresas, emprendedores y cualquier persona que busque una presencia profesional en Internet.<\/p>\n<p data-start=\"461\" data-end=\"493\"><strong data-start=\"461\" data-end=\"493\">Caracter\u00edsticas principales:<\/strong><\/p>\n<ul data-start=\"494\" data-end=\"1137\">\n<li data-start=\"494\" data-end=\"659\">\n<p data-start=\"496\" data-end=\"659\"><strong data-start=\"496\" data-end=\"512\">Dominio .com<\/strong>: Registra tu dominio con la extensi\u00f3n m\u00e1s utilizada a nivel global, perfecto para marcas, negocios y proyectos que buscan aumentar su visibilidad.<\/p>\n<\/li>\n<li data-start=\"660\" data-end=\"822\">\n<p data-start=\"662\" data-end=\"822\"><strong data-start=\"662\" data-end=\"680\">Duraci\u00f3n anual<\/strong>: El servicio cubre el registro por un a\u00f1o, con posibilidad de renovaci\u00f3n autom\u00e1tica para garantizar la disponibilidad continua de tu dominio.<\/p>\n<\/li>\n<li data-start=\"823\" data-end=\"980\">\n<p data-start=\"825\" data-end=\"980\"><strong data-start=\"825\" data-end=\"842\">Gesti\u00f3n f\u00e1cil<\/strong>: Acceso a un panel de control simple y directo para administrar tus registros DNS, redirecci\u00f3n de correos y otros servicios relacionados.<\/p>\n<\/li>\n<li data-start=\"981\" data-end=\"1137\">\n<p data-start=\"983\" data-end=\"1137\"><strong data-start=\"983\" data-end=\"1002\">Soporte t\u00e9cnico<\/strong>: Asistencia t\u00e9cnica especializada para resolver cualquier duda o inconveniente durante el proceso de registro o gesti\u00f3n de tu dominio.<\/p>\n<\/li>\n<\/ul>\n<p data-start=\"1139\" data-end=\"1339\">El <strong data-start=\"1142\" data-end=\"1158\">Dominio .com<\/strong> es ideal para aquellos que desean transmitir seriedad, confianza y profesionalismo, siendo la opci\u00f3n m\u00e1s recomendada tanto para nuevas empresas como para proyectos ya establecidos.<\/p>\n","protected":false},"excerpt":{"rendered":"<p>Asegura la visibilidad y profesionalismo de tu negocio o proyecto personal con el registro de un Dominio .com Anual a trav\u00e9s de Artemis Lab. Con esta opci\u00f3n, obtienes uno de los dominios m\u00e1s populares y reconocidos a nivel mundial, ideal para empresas, emprendedores y cualquier persona que busque una presencia profesional en Internet. Caracter\u00edsticas principales: Dominio .com: Registra tu dominio con la extensi\u00f3n m\u00e1s utilizada a nivel global, perfecto para marcas, negocios y proyectos que buscan aumentar su visibilidad. Duraci\u00f3n anual: El servicio cubre el registro por un a\u00f1o, con posibilidad de renovaci\u00f3n autom\u00e1tica para garantizar la disponibilidad continua de tu dominio. Gesti\u00f3n f\u00e1cil: Acceso a un panel de control simple y directo para administrar tus registros DNS, redirecci\u00f3n de correos y otros servicios relacionados. Soporte t\u00e9cnico: Asistencia t\u00e9cnica especializada para resolver cualquier duda o inconveniente durante el proceso de registro o gesti\u00f3n de tu dominio. El Dominio .com es ideal para aquellos que desean transmitir seriedad, confianza y profesionalismo, siendo la opci\u00f3n m\u00e1s recomendada tanto para nuevas empresas como para proyectos ya establecidos.<\/p>\n","protected":false},"featured_media":1316,"template":"","meta":[],"product_brand":[],"product_cat":[25],"product_tag":[],"class_list":{"0":"post-1012","1":"product","2":"type-product","3":"status-publish","4":"has-post-thumbnail","6":"product_cat-dominios","8":"first","9":"instock","10":"shipping-taxable","11":"purchasable","12":"product-type-simple"},"_links":{"self":[{"href":"https:\/\/bam-digitalacademy.com\/index.php?rest_route=\/wp\/v2\/product\/1012","targetHints":{"allow":["GET"]}}],"collection":[{"href":"https:\/\/bam-digitalacademy.com\/index.php?rest_route=\/wp\/v2\/product"}],"about":[{"href":"https:\/\/bam-digitalacademy.com\/index.php?rest_route=\/wp\/v2\/types\/product"}],"wp:featuredmedia":[{"embeddable":true,"href":"https:\/\/bam-digitalacademy.com\/index.php?rest_route=\/wp\/v2\/media\/1316"}],"wp:attachment":[{"href":"https:\/\/bam-digitalacademy.com\/index.php?rest_route=%2Fwp%2Fv2%2Fmedia&parent=1012"}],"wp:term":[{"taxonomy":"product_brand","embeddable":true,"href":"https:\/\/bam-digitalacademy.com\/index.php?rest_route=%2Fwp%2Fv2%2Fproduct_brand&post=1012"},{"taxonomy":"product_cat","embeddable":true,"href":"https:\/\/bam-digitalacademy.com\/index.php?rest_route=%2Fwp%2Fv2%2Fproduct_cat&post=1012"},{"taxonomy":"product_tag","embeddable":true,"href":"https:\/\/bam-digitalacademy.com\/index.php?rest_route=%2Fwp%2Fv2%2Fproduct_tag&post=1012"}],"curies":[{"name":"wp","href":"https:\/\/api.w.org\/{rel}","templated":true}]}}