{"id":1015,"date":"2025-09-18T03:29:01","date_gmt":"2025-09-18T01:29:01","guid":{"rendered":"https:\/\/bam-digitalacademy.com\/?post_type=product&#038;p=1015"},"modified":"2025-11-10T14:47:12","modified_gmt":"2025-11-10T13:47:12","slug":"dominio-org-anual","status":"publish","type":"product","link":"https:\/\/bam-digitalacademy.com\/?product=dominio-org-anual","title":{"rendered":"Dominio .org (anual)"},"content":{"rendered":"<p data-start=\"115\" data-end=\"441\">Refuerza tu presencia en l\u00ednea con un <strong data-start=\"153\" data-end=\"175\">Dominio .org Anual<\/strong> a trav\u00e9s de <strong data-start=\"188\" data-end=\"203\">Artemis Lab<\/strong>. La extensi\u00f3n <strong data-start=\"218\" data-end=\"226\">.org<\/strong> es ampliamente reconocida y est\u00e1 asociada a organizaciones sin fines de lucro, asociaciones, proyectos educativos y entidades gubernamentales, por lo que es ideal para proyectos con un enfoque comunitario o social.<\/p>\n<p data-start=\"443\" data-end=\"475\"><strong data-start=\"443\" data-end=\"475\">Caracter\u00edsticas principales:<\/strong><\/p>\n<ul data-start=\"476\" data-end=\"1198\">\n<li data-start=\"476\" data-end=\"665\">\n<p data-start=\"478\" data-end=\"665\"><strong data-start=\"478\" data-end=\"494\">Dominio .org<\/strong>: Registra tu dominio con una extensi\u00f3n confiable y respetada, perfecta para ONGs, fundaciones, asociaciones y otros proyectos con fines de servicio p\u00fablico o bien social.<\/p>\n<\/li>\n<li data-start=\"666\" data-end=\"828\">\n<p data-start=\"668\" data-end=\"828\"><strong data-start=\"668\" data-end=\"686\">Duraci\u00f3n anual<\/strong>: El registro cubre un a\u00f1o completo, con opci\u00f3n de renovaci\u00f3n autom\u00e1tica, asegurando que tu dominio est\u00e9 siempre disponible y bajo tu control.<\/p>\n<\/li>\n<li data-start=\"829\" data-end=\"995\">\n<p data-start=\"831\" data-end=\"995\"><strong data-start=\"831\" data-end=\"855\">Facilidad de gesti\u00f3n<\/strong>: Accede a un panel de administraci\u00f3n sencillo para gestionar configuraciones DNS, correos electr\u00f3nicos y otras opciones de personalizaci\u00f3n.<\/p>\n<\/li>\n<li data-start=\"996\" data-end=\"1198\">\n<p data-start=\"998\" data-end=\"1198\"><strong data-start=\"998\" data-end=\"1031\">Soporte t\u00e9cnico especializado<\/strong>: Asistencia continua para resolver cualquier duda o inconveniente relacionado con la gesti\u00f3n de tu dominio, asegurando que tu proyecto est\u00e9 siempre en funcionamiento.<\/p>\n<\/li>\n<\/ul>\n<p data-start=\"1200\" data-end=\"1378\">El <strong data-start=\"1203\" data-end=\"1219\">Dominio .org<\/strong> es perfecto para organizaciones, comunidades y proyectos sin fines de lucro que buscan transmitir un mensaje de confianza y compromiso social en su sitio web.<\/p>\n","protected":false},"excerpt":{"rendered":"<p>Refuerza tu presencia en l\u00ednea con un Dominio .org Anual a trav\u00e9s de Artemis Lab. La extensi\u00f3n .org es ampliamente reconocida y est\u00e1 asociada a organizaciones sin fines de lucro, asociaciones, proyectos educativos y entidades gubernamentales, por lo que es ideal para proyectos con un enfoque comunitario o social. Caracter\u00edsticas principales: Dominio .org: Registra tu dominio con una extensi\u00f3n confiable y respetada, perfecta para ONGs, fundaciones, asociaciones y otros proyectos con fines de servicio p\u00fablico o bien social. Duraci\u00f3n anual: El registro cubre un a\u00f1o completo, con opci\u00f3n de renovaci\u00f3n autom\u00e1tica, asegurando que tu dominio est\u00e9 siempre disponible y bajo tu control. Facilidad de gesti\u00f3n: Accede a un panel de administraci\u00f3n sencillo para gestionar configuraciones DNS, correos electr\u00f3nicos y otras opciones de personalizaci\u00f3n. Soporte t\u00e9cnico especializado: Asistencia continua para resolver cualquier duda o inconveniente relacionado con la gesti\u00f3n de tu dominio, asegurando que tu proyecto est\u00e9 siempre en funcionamiento. El Dominio .org es perfecto para organizaciones, comunidades y proyectos sin fines de lucro que buscan transmitir un mensaje de confianza y compromiso social en su sitio web.<\/p>\n","protected":false},"featured_media":1316,"template":"","meta":[],"product_brand":[],"product_cat":[25],"product_tag":[],"class_list":{"0":"post-1015","1":"product","2":"type-product","3":"status-publish","4":"has-post-thumbnail","6":"product_cat-dominios","8":"first","9":"instock","10":"shipping-taxable","11":"purchasable","12":"product-type-simple"},"_links":{"self":[{"href":"https:\/\/bam-digitalacademy.com\/index.php?rest_route=\/wp\/v2\/product\/1015","targetHints":{"allow":["GET"]}}],"collection":[{"href":"https:\/\/bam-digitalacademy.com\/index.php?rest_route=\/wp\/v2\/product"}],"about":[{"href":"https:\/\/bam-digitalacademy.com\/index.php?rest_route=\/wp\/v2\/types\/product"}],"wp:featuredmedia":[{"embeddable":true,"href":"https:\/\/bam-digitalacademy.com\/index.php?rest_route=\/wp\/v2\/media\/1316"}],"wp:attachment":[{"href":"https:\/\/bam-digitalacademy.com\/index.php?rest_route=%2Fwp%2Fv2%2Fmedia&parent=1015"}],"wp:term":[{"taxonomy":"product_brand","embeddable":true,"href":"https:\/\/bam-digitalacademy.com\/index.php?rest_route=%2Fwp%2Fv2%2Fproduct_brand&post=1015"},{"taxonomy":"product_cat","embeddable":true,"href":"https:\/\/bam-digitalacademy.com\/index.php?rest_route=%2Fwp%2Fv2%2Fproduct_cat&post=1015"},{"taxonomy":"product_tag","embeddable":true,"href":"https:\/\/bam-digitalacademy.com\/index.php?rest_route=%2Fwp%2Fv2%2Fproduct_tag&post=1015"}],"curies":[{"name":"wp","href":"https:\/\/api.w.org\/{rel}","templated":true}]}}