{"id":1016,"date":"2025-09-18T03:29:01","date_gmt":"2025-09-18T01:29:01","guid":{"rendered":"https:\/\/bam-digitalacademy.com\/?post_type=product&#038;p=1016"},"modified":"2025-11-10T14:47:13","modified_gmt":"2025-11-10T13:47:13","slug":"correo-corporativo-1-cuenta-mensual","status":"publish","type":"product","link":"https:\/\/bam-digitalacademy.com\/?product=correo-corporativo-1-cuenta-mensual","title":{"rendered":"Correo corporativo 1 cuenta (mensual)"},"content":{"rendered":"<p data-start=\"213\" data-end=\"518\">Optimiza la comunicaci\u00f3n profesional de tu empresa con el servicio de <strong data-start=\"283\" data-end=\"305\">Correo Corporativo<\/strong> de <strong data-start=\"309\" data-end=\"324\">Artemis Lab<\/strong>. Esta soluci\u00f3n te proporciona una cuenta de correo electr\u00f3nico personalizada con tu propio dominio, ofreciendo una mayor confiabilidad y profesionalismo en todas tus interacciones comerciales.<\/p>\n<p data-start=\"520\" data-end=\"552\"><strong data-start=\"520\" data-end=\"552\">Caracter\u00edsticas principales:<\/strong><\/p>\n<ul data-start=\"553\" data-end=\"1101\">\n<li data-start=\"553\" data-end=\"665\">\n<p data-start=\"555\" data-end=\"665\"><strong data-start=\"555\" data-end=\"580\">Dominio personalizado<\/strong>: Usa tu propio dominio (ej. <a class=\"decorated-link cursor-pointer\" rel=\"noopener\" data-start=\"609\" data-end=\"631\">contacto@tudominio.com<\/a>) para una imagen m\u00e1s profesional.<\/p>\n<\/li>\n<li data-start=\"666\" data-end=\"809\">\n<p data-start=\"668\" data-end=\"809\"><strong data-start=\"668\" data-end=\"694\">Acceso multiplataforma<\/strong>: Accede a tu correo desde cualquier dispositivo, ya sea computadora, tablet o tel\u00e9fono m\u00f3vil, con total facilidad.<\/p>\n<\/li>\n<li data-start=\"810\" data-end=\"960\">\n<p data-start=\"812\" data-end=\"960\"><strong data-start=\"812\" data-end=\"834\">Seguridad avanzada<\/strong>: Protecci\u00f3n contra spam y filtros de seguridad para evitar correos no deseados y garantizar la privacidad de tu comunicaci\u00f3n.<\/p>\n<\/li>\n<li data-start=\"961\" data-end=\"1101\">\n<p data-start=\"963\" data-end=\"1101\"><strong data-start=\"963\" data-end=\"991\">Soporte t\u00e9cnico dedicado<\/strong>: Asistencia en caso de problemas o dudas, asegurando el correcto funcionamiento de tu cuenta en todo momento.<\/p>\n<\/li>\n<li data-start=\"961\" data-end=\"1101\">\n<p data-start=\"119\" data-end=\"405\">Asegura la identidad digital de tu empresa o proyecto con el servicio de <strong data-start=\"192\" data-end=\"216\">Dominio Online Anual<\/strong> de <strong data-start=\"220\" data-end=\"235\">Artemis Lab<\/strong>. Este producto te ofrece la posibilidad de registrar un dominio personalizado para tu p\u00e1gina web, garantizando una presencia profesional y f\u00e1cil de recordar en Internet.<\/p>\n<p data-start=\"407\" data-end=\"439\"><strong data-start=\"407\" data-end=\"439\">Caracter\u00edsticas principales:<\/strong><\/p>\n<ul data-start=\"440\" data-end=\"1046\">\n<li data-start=\"440\" data-end=\"595\">\n<p data-start=\"442\" data-end=\"595\"><strong data-start=\"442\" data-end=\"479\">Registro de dominio personalizado<\/strong>: Elige el nombre que represente a tu marca o negocio, con extensiones populares como .com, .net, .org y muchas m\u00e1s.<\/p>\n<\/li>\n<li data-start=\"596\" data-end=\"734\">\n<p data-start=\"598\" data-end=\"734\"><strong data-start=\"598\" data-end=\"616\">Duraci\u00f3n anual<\/strong>: El servicio cubre un a\u00f1o de registro, con opci\u00f3n de renovaci\u00f3n, asegurando la disponibilidad continua de tu dominio.<\/p>\n<\/li>\n<li data-start=\"735\" data-end=\"885\">\n<p data-start=\"737\" data-end=\"885\"><strong data-start=\"737\" data-end=\"754\">F\u00e1cil gesti\u00f3n<\/strong>: Accede a un panel de administraci\u00f3n intuitivo para gestionar tus configuraciones de DNS, correos y otros par\u00e1metros relacionados.<\/p>\n<\/li>\n<li data-start=\"886\" data-end=\"1046\">\n<p data-start=\"888\" data-end=\"1046\"><strong data-start=\"888\" data-end=\"907\">Soporte t\u00e9cnico<\/strong>: Asistencia dedicada para resolver cualquier problema relacionado con tu dominio, desde la configuraci\u00f3n inicial hasta problemas t\u00e9cnicos.<\/p>\n<\/li>\n<\/ul>\n<p data-start=\"1048\" data-end=\"1182\">Ideal para emprendedores, peque\u00f1as empresas y profesionales que necesitan una presencia online s\u00f3lida y accesible, sin complicaciones.<\/p>\n<\/li>\n<\/ul>\n","protected":false},"excerpt":{"rendered":"<p>Optimiza la comunicaci\u00f3n profesional de tu empresa con el servicio de Correo Corporativo de Artemis Lab. Esta soluci\u00f3n te proporciona una cuenta de correo electr\u00f3nico personalizada con tu propio dominio, ofreciendo una mayor confiabilidad y profesionalismo en todas tus interacciones comerciales. Caracter\u00edsticas principales: Dominio personalizado: Usa tu propio dominio (ej. contacto@tudominio.com) para una imagen m\u00e1s profesional. Acceso multiplataforma: Accede a tu correo desde cualquier dispositivo, ya sea computadora, tablet o tel\u00e9fono m\u00f3vil, con total facilidad. Seguridad avanzada: Protecci\u00f3n contra spam y filtros de seguridad para evitar correos no deseados y garantizar la privacidad de tu comunicaci\u00f3n. Soporte t\u00e9cnico dedicado: Asistencia en caso de problemas o dudas, asegurando el correcto funcionamiento de tu cuenta en todo momento. Asegura la identidad digital de tu empresa o proyecto con el servicio de Dominio Online Anual de Artemis Lab. Este producto te ofrece la posibilidad de registrar un dominio personalizado para tu p\u00e1gina web, garantizando una presencia profesional y f\u00e1cil de recordar en Internet. Caracter\u00edsticas principales: Registro de dominio personalizado: Elige el nombre que represente a tu marca o negocio, con extensiones populares como .com, .net, .org y muchas m\u00e1s. Duraci\u00f3n anual: El servicio cubre un a\u00f1o de registro, con opci\u00f3n de renovaci\u00f3n, asegurando la disponibilidad continua de tu dominio. F\u00e1cil gesti\u00f3n: Accede a un panel de administraci\u00f3n intuitivo para gestionar tus configuraciones de DNS, correos y otros par\u00e1metros relacionados. Soporte t\u00e9cnico: Asistencia dedicada para resolver cualquier problema relacionado con tu dominio, desde la configuraci\u00f3n inicial hasta problemas t\u00e9cnicos. Ideal para emprendedores, peque\u00f1as empresas y profesionales que necesitan una presencia online s\u00f3lida y accesible, sin complicaciones.<\/p>\n","protected":false},"featured_media":1317,"template":"","meta":[],"product_brand":[],"product_cat":[26],"product_tag":[],"class_list":{"0":"post-1016","1":"product","2":"type-product","3":"status-publish","4":"has-post-thumbnail","6":"product_cat-correos-corporativos","8":"first","9":"instock","10":"shipping-taxable","11":"purchasable","12":"product-type-simple"},"_links":{"self":[{"href":"https:\/\/bam-digitalacademy.com\/index.php?rest_route=\/wp\/v2\/product\/1016","targetHints":{"allow":["GET"]}}],"collection":[{"href":"https:\/\/bam-digitalacademy.com\/index.php?rest_route=\/wp\/v2\/product"}],"about":[{"href":"https:\/\/bam-digitalacademy.com\/index.php?rest_route=\/wp\/v2\/types\/product"}],"wp:featuredmedia":[{"embeddable":true,"href":"https:\/\/bam-digitalacademy.com\/index.php?rest_route=\/wp\/v2\/media\/1317"}],"wp:attachment":[{"href":"https:\/\/bam-digitalacademy.com\/index.php?rest_route=%2Fwp%2Fv2%2Fmedia&parent=1016"}],"wp:term":[{"taxonomy":"product_brand","embeddable":true,"href":"https:\/\/bam-digitalacademy.com\/index.php?rest_route=%2Fwp%2Fv2%2Fproduct_brand&post=1016"},{"taxonomy":"product_cat","embeddable":true,"href":"https:\/\/bam-digitalacademy.com\/index.php?rest_route=%2Fwp%2Fv2%2Fproduct_cat&post=1016"},{"taxonomy":"product_tag","embeddable":true,"href":"https:\/\/bam-digitalacademy.com\/index.php?rest_route=%2Fwp%2Fv2%2Fproduct_tag&post=1016"}],"curies":[{"name":"wp","href":"https:\/\/api.w.org\/{rel}","templated":true}]}}