{"id":1017,"date":"2025-09-18T03:29:01","date_gmt":"2025-09-18T01:29:01","guid":{"rendered":"https:\/\/bam-digitalacademy.com\/?post_type=product&#038;p=1017"},"modified":"2025-11-10T14:47:15","modified_gmt":"2025-11-10T13:47:15","slug":"correo-corporativo-5-cuentas-mensual","status":"publish","type":"product","link":"https:\/\/bam-digitalacademy.com\/?product=correo-corporativo-5-cuentas-mensual","title":{"rendered":"Correo corporativo (5 cuentas mensual)"},"content":{"rendered":"<p data-start=\"155\" data-end=\"530\">El <strong data-start=\"158\" data-end=\"200\">Correo Corporativo &#8211; 5 Cuentas Mensual<\/strong> de <strong data-start=\"204\" data-end=\"219\">Artemis Lab<\/strong> es una soluci\u00f3n ideal para peque\u00f1as y medianas empresas que necesitan gestionar su comunicaci\u00f3n profesional con hasta cinco cuentas de correo personalizadas bajo su propio dominio. Este servicio proporciona un entorno seguro, eficiente y profesional para que tu equipo se mantenga conectado de manera efectiva.<\/p>\n<p data-start=\"532\" data-end=\"564\"><strong data-start=\"532\" data-end=\"564\">Caracter\u00edsticas principales:<\/strong><\/p>\n<ul data-start=\"565\" data-end=\"1244\">\n<li data-start=\"565\" data-end=\"762\">\n<p data-start=\"567\" data-end=\"762\"><strong data-start=\"567\" data-end=\"605\">5 Cuentas de correo personalizadas<\/strong>: Crea hasta cinco direcciones de correo electr\u00f3nico con tu propio dominio (ej. <a class=\"decorated-link cursor-pointer\" rel=\"noopener\" data-start=\"685\" data-end=\"705\">nombre@tudominio.com<\/a>), ideal para equipos peque\u00f1os o empresas en crecimiento.<\/p>\n<\/li>\n<li data-start=\"763\" data-end=\"911\">\n<p data-start=\"765\" data-end=\"911\"><strong data-start=\"765\" data-end=\"791\">Acceso multiplataforma<\/strong>: Accede a tu correo desde cualquier dispositivo (PC, m\u00f3vil, tablet) a trav\u00e9s de una interfaz intuitiva y f\u00e1cil de usar.<\/p>\n<\/li>\n<li data-start=\"912\" data-end=\"1066\">\n<p data-start=\"914\" data-end=\"1066\"><strong data-start=\"914\" data-end=\"936\">Seguridad avanzada<\/strong>: Protecci\u00f3n contra spam y virus, adem\u00e1s de contar con protocolos de seguridad que garantizan la privacidad de tus comunicaciones.<\/p>\n<\/li>\n<li data-start=\"1067\" data-end=\"1244\">\n<p data-start=\"1069\" data-end=\"1244\"><strong data-start=\"1069\" data-end=\"1093\">Soporte t\u00e9cnico 24\/7<\/strong>: Asistencia t\u00e9cnica continua para resolver cualquier problema relacionado con las cuentas de correo, asegurando el funcionamiento \u00f3ptimo del servicio.<\/p>\n<\/li>\n<\/ul>\n<p data-start=\"1246\" data-end=\"1463\">Este paquete es perfecto para empresas que buscan profesionalismo en sus comunicaciones y desean gestionar m\u00faltiples cuentas de correo bajo un mismo dominio, con la tranquilidad de contar con soporte t\u00e9cnico dedicado.<\/p>\n","protected":false},"excerpt":{"rendered":"<p>El Correo Corporativo &#8211; 5 Cuentas Mensual de Artemis Lab es una soluci\u00f3n ideal para peque\u00f1as y medianas empresas que necesitan gestionar su comunicaci\u00f3n profesional con hasta cinco cuentas de correo personalizadas bajo su propio dominio. Este servicio proporciona un entorno seguro, eficiente y profesional para que tu equipo se mantenga conectado de manera efectiva. Caracter\u00edsticas principales: 5 Cuentas de correo personalizadas: Crea hasta cinco direcciones de correo electr\u00f3nico con tu propio dominio (ej. nombre@tudominio.com), ideal para equipos peque\u00f1os o empresas en crecimiento. Acceso multiplataforma: Accede a tu correo desde cualquier dispositivo (PC, m\u00f3vil, tablet) a trav\u00e9s de una interfaz intuitiva y f\u00e1cil de usar. Seguridad avanzada: Protecci\u00f3n contra spam y virus, adem\u00e1s de contar con protocolos de seguridad que garantizan la privacidad de tus comunicaciones. Soporte t\u00e9cnico 24\/7: Asistencia t\u00e9cnica continua para resolver cualquier problema relacionado con las cuentas de correo, asegurando el funcionamiento \u00f3ptimo del servicio. Este paquete es perfecto para empresas que buscan profesionalismo en sus comunicaciones y desean gestionar m\u00faltiples cuentas de correo bajo un mismo dominio, con la tranquilidad de contar con soporte t\u00e9cnico dedicado.<\/p>\n","protected":false},"featured_media":1318,"template":"","meta":[],"product_brand":[],"product_cat":[26],"product_tag":[],"class_list":{"0":"post-1017","1":"product","2":"type-product","3":"status-publish","4":"has-post-thumbnail","6":"product_cat-correos-corporativos","8":"first","9":"instock","10":"shipping-taxable","11":"purchasable","12":"product-type-simple"},"_links":{"self":[{"href":"https:\/\/bam-digitalacademy.com\/index.php?rest_route=\/wp\/v2\/product\/1017","targetHints":{"allow":["GET"]}}],"collection":[{"href":"https:\/\/bam-digitalacademy.com\/index.php?rest_route=\/wp\/v2\/product"}],"about":[{"href":"https:\/\/bam-digitalacademy.com\/index.php?rest_route=\/wp\/v2\/types\/product"}],"wp:featuredmedia":[{"embeddable":true,"href":"https:\/\/bam-digitalacademy.com\/index.php?rest_route=\/wp\/v2\/media\/1318"}],"wp:attachment":[{"href":"https:\/\/bam-digitalacademy.com\/index.php?rest_route=%2Fwp%2Fv2%2Fmedia&parent=1017"}],"wp:term":[{"taxonomy":"product_brand","embeddable":true,"href":"https:\/\/bam-digitalacademy.com\/index.php?rest_route=%2Fwp%2Fv2%2Fproduct_brand&post=1017"},{"taxonomy":"product_cat","embeddable":true,"href":"https:\/\/bam-digitalacademy.com\/index.php?rest_route=%2Fwp%2Fv2%2Fproduct_cat&post=1017"},{"taxonomy":"product_tag","embeddable":true,"href":"https:\/\/bam-digitalacademy.com\/index.php?rest_route=%2Fwp%2Fv2%2Fproduct_tag&post=1017"}],"curies":[{"name":"wp","href":"https:\/\/api.w.org\/{rel}","templated":true}]}}