{"id":1018,"date":"2025-09-18T03:29:01","date_gmt":"2025-09-18T01:29:01","guid":{"rendered":"https:\/\/bam-digitalacademy.com\/?post_type=product&#038;p=1018"},"modified":"2025-11-10T14:47:17","modified_gmt":"2025-11-10T13:47:17","slug":"correo-corporativo-10-cuentas-mensual","status":"publish","type":"product","link":"https:\/\/bam-digitalacademy.com\/?product=correo-corporativo-10-cuentas-mensual","title":{"rendered":"Correo corporativo 10 cuentas (mensual)"},"content":{"rendered":"<p data-start=\"166\" data-end=\"427\">El <strong data-start=\"169\" data-end=\"212\">Correo Corporativo &#8211; 10 Cuentas Mensual<\/strong> de <strong data-start=\"216\" data-end=\"231\">Artemis Lab<\/strong> ofrece hasta 10 cuentas de correo personalizadas con tu propio dominio, ideal para empresas de tama\u00f1o medio que requieren una soluci\u00f3n profesional y segura para su comunicaci\u00f3n interna y externa.<\/p>\n<p data-start=\"429\" data-end=\"461\"><strong data-start=\"429\" data-end=\"461\">Caracter\u00edsticas principales:<\/strong><\/p>\n<ul data-start=\"462\" data-end=\"819\">\n<li data-start=\"462\" data-end=\"574\">\n<p data-start=\"464\" data-end=\"574\"><strong data-start=\"464\" data-end=\"503\">10 cuentas de correo personalizadas<\/strong>: Crea hasta 10 direcciones bajo tu dominio (ej. <a class=\"decorated-link cursor-pointer\" rel=\"noopener\" data-start=\"552\" data-end=\"572\">nombre@tudominio.com<\/a>).<\/p>\n<\/li>\n<li data-start=\"575\" data-end=\"670\">\n<p data-start=\"577\" data-end=\"670\"><strong data-start=\"577\" data-end=\"603\">Acceso multiplataforma<\/strong>: Gestiona tus correos desde cualquier dispositivo de manera f\u00e1cil.<\/p>\n<\/li>\n<li data-start=\"671\" data-end=\"738\">\n<p data-start=\"673\" data-end=\"738\"><strong data-start=\"673\" data-end=\"695\">Seguridad avanzada<\/strong>: Protecci\u00f3n contra spam, virus y amenazas.<\/p>\n<\/li>\n<li data-start=\"739\" data-end=\"819\">\n<p data-start=\"741\" data-end=\"819\"><strong data-start=\"741\" data-end=\"765\">Soporte t\u00e9cnico 24\/7<\/strong>: Asistencia t\u00e9cnica especializada siempre disponible.<\/p>\n<\/li>\n<\/ul>\n<p data-start=\"821\" data-end=\"926\">Ideal para empresas que necesitan gestionar m\u00faltiples cuentas de correo de forma profesional y eficiente.<\/p>\n","protected":false},"excerpt":{"rendered":"<p>El Correo Corporativo &#8211; 10 Cuentas Mensual de Artemis Lab ofrece hasta 10 cuentas de correo personalizadas con tu propio dominio, ideal para empresas de tama\u00f1o medio que requieren una soluci\u00f3n profesional y segura para su comunicaci\u00f3n interna y externa. Caracter\u00edsticas principales: 10 cuentas de correo personalizadas: Crea hasta 10 direcciones bajo tu dominio (ej. nombre@tudominio.com). Acceso multiplataforma: Gestiona tus correos desde cualquier dispositivo de manera f\u00e1cil. Seguridad avanzada: Protecci\u00f3n contra spam, virus y amenazas. Soporte t\u00e9cnico 24\/7: Asistencia t\u00e9cnica especializada siempre disponible. Ideal para empresas que necesitan gestionar m\u00faltiples cuentas de correo de forma profesional y eficiente.<\/p>\n","protected":false},"featured_media":1319,"template":"","meta":[],"product_brand":[],"product_cat":[26],"product_tag":[],"class_list":{"0":"post-1018","1":"product","2":"type-product","3":"status-publish","4":"has-post-thumbnail","6":"product_cat-correos-corporativos","8":"first","9":"instock","10":"shipping-taxable","11":"purchasable","12":"product-type-simple"},"_links":{"self":[{"href":"https:\/\/bam-digitalacademy.com\/index.php?rest_route=\/wp\/v2\/product\/1018","targetHints":{"allow":["GET"]}}],"collection":[{"href":"https:\/\/bam-digitalacademy.com\/index.php?rest_route=\/wp\/v2\/product"}],"about":[{"href":"https:\/\/bam-digitalacademy.com\/index.php?rest_route=\/wp\/v2\/types\/product"}],"wp:featuredmedia":[{"embeddable":true,"href":"https:\/\/bam-digitalacademy.com\/index.php?rest_route=\/wp\/v2\/media\/1319"}],"wp:attachment":[{"href":"https:\/\/bam-digitalacademy.com\/index.php?rest_route=%2Fwp%2Fv2%2Fmedia&parent=1018"}],"wp:term":[{"taxonomy":"product_brand","embeddable":true,"href":"https:\/\/bam-digitalacademy.com\/index.php?rest_route=%2Fwp%2Fv2%2Fproduct_brand&post=1018"},{"taxonomy":"product_cat","embeddable":true,"href":"https:\/\/bam-digitalacademy.com\/index.php?rest_route=%2Fwp%2Fv2%2Fproduct_cat&post=1018"},{"taxonomy":"product_tag","embeddable":true,"href":"https:\/\/bam-digitalacademy.com\/index.php?rest_route=%2Fwp%2Fv2%2Fproduct_tag&post=1018"}],"curies":[{"name":"wp","href":"https:\/\/api.w.org\/{rel}","templated":true}]}}