{"id":1019,"date":"2025-09-18T03:29:01","date_gmt":"2025-09-18T01:29:01","guid":{"rendered":"https:\/\/bam-digitalacademy.com\/?post_type=product&#038;p=1019"},"modified":"2025-11-10T14:47:18","modified_gmt":"2025-11-10T13:47:18","slug":"landing-page-basica","status":"publish","type":"product","link":"https:\/\/bam-digitalacademy.com\/?product=landing-page-basica","title":{"rendered":"Landing Page B\u00e1sica"},"content":{"rendered":"<p data-start=\"130\" data-end=\"235\">Servicio de creaci\u00f3n de una landing page sencilla y efectiva para capturar clientes o promover productos.<\/p>\n<p data-start=\"237\" data-end=\"269\"><strong data-start=\"237\" data-end=\"269\">Caracter\u00edsticas principales:<\/strong><\/p>\n<ul data-start=\"270\" data-end=\"637\">\n<li data-start=\"270\" data-end=\"350\">\n<p data-start=\"272\" data-end=\"350\">Dise\u00f1o personalizado y optimizado para conversiones (captura de datos, clics).<\/p>\n<\/li>\n<li data-start=\"351\" data-end=\"426\">\n<p data-start=\"353\" data-end=\"426\">Contenido claro y estructurado, con enfoque en el objetivo de la campa\u00f1a.<\/p>\n<\/li>\n<li data-start=\"427\" data-end=\"490\">\n<p data-start=\"429\" data-end=\"490\">Adaptable a dispositivos m\u00f3viles y optimizada para velocidad.<\/p>\n<\/li>\n<li data-start=\"491\" data-end=\"567\">\n<p data-start=\"493\" data-end=\"567\">Implementaci\u00f3n de formularios de contacto o suscripci\u00f3n (si es necesario).<\/p>\n<\/li>\n<li data-start=\"568\" data-end=\"637\">\n<p data-start=\"570\" data-end=\"637\">Entrega lista para lanzar, sin necesidad de conocimientos t\u00e9cnicos.<\/p>\n<\/li>\n<\/ul>\n<p data-start=\"639\" data-end=\"654\"><strong data-start=\"639\" data-end=\"654\">Beneficios:<\/strong><\/p>\n<ul data-start=\"655\" data-end=\"856\">\n<li data-start=\"655\" data-end=\"715\">\n<p data-start=\"657\" data-end=\"715\">Ideal para campa\u00f1as puntuales, lanzamientos o promociones.<\/p>\n<\/li>\n<li data-start=\"716\" data-end=\"796\">\n<p data-start=\"718\" data-end=\"796\">P\u00e1gina optimizada para captar la atenci\u00f3n de usuarios y convertirlos en leads.<\/p>\n<\/li>\n<li data-start=\"797\" data-end=\"856\">\n<p data-start=\"799\" data-end=\"856\">R\u00e1pida implementaci\u00f3n con un dise\u00f1o limpio y profesional.<\/p>\n<\/li>\n<\/ul>\n","protected":false},"excerpt":{"rendered":"<p>Servicio de creaci\u00f3n de una landing page sencilla y efectiva para capturar clientes o promover productos. Caracter\u00edsticas principales: Dise\u00f1o personalizado y optimizado para conversiones (captura de datos, clics). Contenido claro y estructurado, con enfoque en el objetivo de la campa\u00f1a. Adaptable a dispositivos m\u00f3viles y optimizada para velocidad. Implementaci\u00f3n de formularios de contacto o suscripci\u00f3n (si es necesario). Entrega lista para lanzar, sin necesidad de conocimientos t\u00e9cnicos. Beneficios: Ideal para campa\u00f1as puntuales, lanzamientos o promociones. P\u00e1gina optimizada para captar la atenci\u00f3n de usuarios y convertirlos en leads. R\u00e1pida implementaci\u00f3n con un dise\u00f1o limpio y profesional.<\/p>\n","protected":false},"featured_media":1320,"template":"","meta":[],"product_brand":[],"product_cat":[27],"product_tag":[],"class_list":{"0":"post-1019","1":"product","2":"type-product","3":"status-publish","4":"has-post-thumbnail","6":"product_cat-desarrollo-web","8":"first","9":"instock","10":"shipping-taxable","11":"purchasable","12":"product-type-simple"},"_links":{"self":[{"href":"https:\/\/bam-digitalacademy.com\/index.php?rest_route=\/wp\/v2\/product\/1019","targetHints":{"allow":["GET"]}}],"collection":[{"href":"https:\/\/bam-digitalacademy.com\/index.php?rest_route=\/wp\/v2\/product"}],"about":[{"href":"https:\/\/bam-digitalacademy.com\/index.php?rest_route=\/wp\/v2\/types\/product"}],"wp:featuredmedia":[{"embeddable":true,"href":"https:\/\/bam-digitalacademy.com\/index.php?rest_route=\/wp\/v2\/media\/1320"}],"wp:attachment":[{"href":"https:\/\/bam-digitalacademy.com\/index.php?rest_route=%2Fwp%2Fv2%2Fmedia&parent=1019"}],"wp:term":[{"taxonomy":"product_brand","embeddable":true,"href":"https:\/\/bam-digitalacademy.com\/index.php?rest_route=%2Fwp%2Fv2%2Fproduct_brand&post=1019"},{"taxonomy":"product_cat","embeddable":true,"href":"https:\/\/bam-digitalacademy.com\/index.php?rest_route=%2Fwp%2Fv2%2Fproduct_cat&post=1019"},{"taxonomy":"product_tag","embeddable":true,"href":"https:\/\/bam-digitalacademy.com\/index.php?rest_route=%2Fwp%2Fv2%2Fproduct_tag&post=1019"}],"curies":[{"name":"wp","href":"https:\/\/api.w.org\/{rel}","templated":true}]}}