{"id":1020,"date":"2025-09-18T03:29:01","date_gmt":"2025-09-18T01:29:01","guid":{"rendered":"https:\/\/bam-digitalacademy.com\/?post_type=product&#038;p=1020"},"modified":"2025-11-10T14:47:19","modified_gmt":"2025-11-10T13:47:19","slug":"landing-page-premium","status":"publish","type":"product","link":"https:\/\/bam-digitalacademy.com\/?product=landing-page-premium","title":{"rendered":"Landing Page Premium"},"content":{"rendered":"<p data-start=\"132\" data-end=\"263\">Servicio de creaci\u00f3n de una landing page avanzada y personalizada, dise\u00f1ada para maximizar conversiones y optimizar el rendimiento.<\/p>\n<p data-start=\"265\" data-end=\"297\"><strong data-start=\"265\" data-end=\"297\">Caracter\u00edsticas principales:<\/strong><\/p>\n<ul data-start=\"298\" data-end=\"731\">\n<li data-start=\"298\" data-end=\"365\">\n<p data-start=\"300\" data-end=\"365\">Dise\u00f1o completamente personalizado con elementos visuales \u00fanicos.<\/p>\n<\/li>\n<li data-start=\"366\" data-end=\"451\">\n<p data-start=\"368\" data-end=\"451\">Optimizaci\u00f3n para conversi\u00f3n (dise\u00f1o enfocado en captar leads, ventas o registros).<\/p>\n<\/li>\n<li data-start=\"452\" data-end=\"521\">\n<p data-start=\"454\" data-end=\"521\">Integraci\u00f3n con herramientas de marketing (email, CRM, anal\u00edticas).<\/p>\n<\/li>\n<li data-start=\"522\" data-end=\"569\">\n<p data-start=\"524\" data-end=\"569\">Adaptaci\u00f3n m\u00f3vil completa y optimizaci\u00f3n SEO.<\/p>\n<\/li>\n<li data-start=\"570\" data-end=\"666\">\n<p data-start=\"572\" data-end=\"666\">Inclusi\u00f3n de formularios avanzados, llamadas a la acci\u00f3n y animaciones o efectos interactivos.<\/p>\n<\/li>\n<li data-start=\"667\" data-end=\"731\">\n<p data-start=\"669\" data-end=\"731\">Entrega r\u00e1pida y lista para ejecutar campa\u00f1as de alto impacto.<\/p>\n<\/li>\n<\/ul>\n<p data-start=\"733\" data-end=\"748\"><strong data-start=\"733\" data-end=\"748\">Beneficios:<\/strong><\/p>\n<ul data-start=\"749\" data-end=\"982\">\n<li data-start=\"749\" data-end=\"821\">\n<p data-start=\"751\" data-end=\"821\">Perfecta para proyectos que requieren un dise\u00f1o atractivo y funcional.<\/p>\n<\/li>\n<li data-start=\"822\" data-end=\"897\">\n<p data-start=\"824\" data-end=\"897\">Aumenta la tasa de conversi\u00f3n gracias a un dise\u00f1o enfocado en el usuario.<\/p>\n<\/li>\n<li data-start=\"898\" data-end=\"982\">\n<p data-start=\"900\" data-end=\"982\">Ideal para campa\u00f1as de marketing, lanzamientos de productos o generaci\u00f3n de leads.<\/p>\n<\/li>\n<\/ul>\n","protected":false},"excerpt":{"rendered":"<p>Servicio de creaci\u00f3n de una landing page avanzada y personalizada, dise\u00f1ada para maximizar conversiones y optimizar el rendimiento. Caracter\u00edsticas principales: Dise\u00f1o completamente personalizado con elementos visuales \u00fanicos. Optimizaci\u00f3n para conversi\u00f3n (dise\u00f1o enfocado en captar leads, ventas o registros). Integraci\u00f3n con herramientas de marketing (email, CRM, anal\u00edticas). Adaptaci\u00f3n m\u00f3vil completa y optimizaci\u00f3n SEO. Inclusi\u00f3n de formularios avanzados, llamadas a la acci\u00f3n y animaciones o efectos interactivos. Entrega r\u00e1pida y lista para ejecutar campa\u00f1as de alto impacto. Beneficios: Perfecta para proyectos que requieren un dise\u00f1o atractivo y funcional. Aumenta la tasa de conversi\u00f3n gracias a un dise\u00f1o enfocado en el usuario. Ideal para campa\u00f1as de marketing, lanzamientos de productos o generaci\u00f3n de leads.<\/p>\n","protected":false},"featured_media":1321,"template":"","meta":[],"product_brand":[],"product_cat":[27],"product_tag":[],"class_list":{"0":"post-1020","1":"product","2":"type-product","3":"status-publish","4":"has-post-thumbnail","6":"product_cat-desarrollo-web","8":"first","9":"instock","10":"shipping-taxable","11":"purchasable","12":"product-type-simple"},"_links":{"self":[{"href":"https:\/\/bam-digitalacademy.com\/index.php?rest_route=\/wp\/v2\/product\/1020","targetHints":{"allow":["GET"]}}],"collection":[{"href":"https:\/\/bam-digitalacademy.com\/index.php?rest_route=\/wp\/v2\/product"}],"about":[{"href":"https:\/\/bam-digitalacademy.com\/index.php?rest_route=\/wp\/v2\/types\/product"}],"wp:featuredmedia":[{"embeddable":true,"href":"https:\/\/bam-digitalacademy.com\/index.php?rest_route=\/wp\/v2\/media\/1321"}],"wp:attachment":[{"href":"https:\/\/bam-digitalacademy.com\/index.php?rest_route=%2Fwp%2Fv2%2Fmedia&parent=1020"}],"wp:term":[{"taxonomy":"product_brand","embeddable":true,"href":"https:\/\/bam-digitalacademy.com\/index.php?rest_route=%2Fwp%2Fv2%2Fproduct_brand&post=1020"},{"taxonomy":"product_cat","embeddable":true,"href":"https:\/\/bam-digitalacademy.com\/index.php?rest_route=%2Fwp%2Fv2%2Fproduct_cat&post=1020"},{"taxonomy":"product_tag","embeddable":true,"href":"https:\/\/bam-digitalacademy.com\/index.php?rest_route=%2Fwp%2Fv2%2Fproduct_tag&post=1020"}],"curies":[{"name":"wp","href":"https:\/\/api.w.org\/{rel}","templated":true}]}}