{"id":1021,"date":"2025-09-18T03:29:01","date_gmt":"2025-09-18T01:29:01","guid":{"rendered":"https:\/\/bam-digitalacademy.com\/?post_type=product&#038;p=1021"},"modified":"2025-11-10T14:47:20","modified_gmt":"2025-11-10T13:47:20","slug":"tienda-woocommerce-80-productos","status":"publish","type":"product","link":"https:\/\/bam-digitalacademy.com\/?product=tienda-woocommerce-80-productos","title":{"rendered":"Tienda WooCommerce (80 productos)"},"content":{"rendered":"<p data-start=\"158\" data-end=\"278\">Servicio de creaci\u00f3n de tienda online con WooCommerce, configurada para vender hasta 80 productos de manera profesional.<\/p>\n<p data-start=\"280\" data-end=\"312\"><strong data-start=\"280\" data-end=\"312\">Caracter\u00edsticas principales:<\/strong><\/p>\n<ul data-start=\"313\" data-end=\"759\">\n<li data-start=\"313\" data-end=\"380\">\n<p data-start=\"315\" data-end=\"380\">Instalaci\u00f3n y configuraci\u00f3n de WooCommerce en tu sitio WordPress.<\/p>\n<\/li>\n<li data-start=\"381\" data-end=\"472\">\n<p data-start=\"383\" data-end=\"472\">Integraci\u00f3n con m\u00e9todos de pago populares (PayPal, Stripe, transferencia bancaria, etc.).<\/p>\n<\/li>\n<li data-start=\"473\" data-end=\"553\">\n<p data-start=\"475\" data-end=\"553\">Carga de hasta 80 productos con sus detalles (descripci\u00f3n, im\u00e1genes, precios).<\/p>\n<\/li>\n<li data-start=\"554\" data-end=\"615\">\n<p data-start=\"556\" data-end=\"615\">Configuraci\u00f3n de env\u00edo, impuestos y opciones de inventario.<\/p>\n<\/li>\n<li data-start=\"616\" data-end=\"687\">\n<p data-start=\"618\" data-end=\"687\">Dise\u00f1o personalizado para asegurar una experiencia de usuario fluida.<\/p>\n<\/li>\n<li data-start=\"688\" data-end=\"759\">\n<p data-start=\"690\" data-end=\"759\">Optimizaci\u00f3n para velocidad y SEO b\u00e1sico para mejorar la visibilidad.<\/p>\n<\/li>\n<\/ul>\n<p data-start=\"761\" data-end=\"776\"><strong data-start=\"761\" data-end=\"776\">Beneficios:<\/strong><\/p>\n<ul data-start=\"777\" data-end=\"1004\">\n<li data-start=\"777\" data-end=\"831\">\n<p data-start=\"779\" data-end=\"831\">Tienda online funcional lista para empezar a vender.<\/p>\n<\/li>\n<li data-start=\"832\" data-end=\"927\">\n<p data-start=\"834\" data-end=\"927\">Ideal para emprendedores o peque\u00f1as empresas que buscan vender productos f\u00edsicos o digitales.<\/p>\n<\/li>\n<li data-start=\"928\" data-end=\"1004\">\n<p data-start=\"930\" data-end=\"1004\">Facilidad para gestionar productos, pedidos y clientes sin complicaciones.<\/p>\n<\/li>\n<\/ul>\n","protected":false},"excerpt":{"rendered":"<p>Servicio de creaci\u00f3n de tienda online con WooCommerce, configurada para vender hasta 80 productos de manera profesional. Caracter\u00edsticas principales: Instalaci\u00f3n y configuraci\u00f3n de WooCommerce en tu sitio WordPress. Integraci\u00f3n con m\u00e9todos de pago populares (PayPal, Stripe, transferencia bancaria, etc.). Carga de hasta 80 productos con sus detalles (descripci\u00f3n, im\u00e1genes, precios). Configuraci\u00f3n de env\u00edo, impuestos y opciones de inventario. Dise\u00f1o personalizado para asegurar una experiencia de usuario fluida. Optimizaci\u00f3n para velocidad y SEO b\u00e1sico para mejorar la visibilidad. Beneficios: Tienda online funcional lista para empezar a vender. Ideal para emprendedores o peque\u00f1as empresas que buscan vender productos f\u00edsicos o digitales. Facilidad para gestionar productos, pedidos y clientes sin complicaciones.<\/p>\n","protected":false},"featured_media":1322,"template":"","meta":[],"product_brand":[],"product_cat":[27],"product_tag":[],"class_list":{"0":"post-1021","1":"product","2":"type-product","3":"status-publish","4":"has-post-thumbnail","6":"product_cat-desarrollo-web","8":"first","9":"instock","10":"shipping-taxable","11":"purchasable","12":"product-type-simple"},"_links":{"self":[{"href":"https:\/\/bam-digitalacademy.com\/index.php?rest_route=\/wp\/v2\/product\/1021","targetHints":{"allow":["GET"]}}],"collection":[{"href":"https:\/\/bam-digitalacademy.com\/index.php?rest_route=\/wp\/v2\/product"}],"about":[{"href":"https:\/\/bam-digitalacademy.com\/index.php?rest_route=\/wp\/v2\/types\/product"}],"wp:featuredmedia":[{"embeddable":true,"href":"https:\/\/bam-digitalacademy.com\/index.php?rest_route=\/wp\/v2\/media\/1322"}],"wp:attachment":[{"href":"https:\/\/bam-digitalacademy.com\/index.php?rest_route=%2Fwp%2Fv2%2Fmedia&parent=1021"}],"wp:term":[{"taxonomy":"product_brand","embeddable":true,"href":"https:\/\/bam-digitalacademy.com\/index.php?rest_route=%2Fwp%2Fv2%2Fproduct_brand&post=1021"},{"taxonomy":"product_cat","embeddable":true,"href":"https:\/\/bam-digitalacademy.com\/index.php?rest_route=%2Fwp%2Fv2%2Fproduct_cat&post=1021"},{"taxonomy":"product_tag","embeddable":true,"href":"https:\/\/bam-digitalacademy.com\/index.php?rest_route=%2Fwp%2Fv2%2Fproduct_tag&post=1021"}],"curies":[{"name":"wp","href":"https:\/\/api.w.org\/{rel}","templated":true}]}}