{"id":1023,"date":"2025-09-18T03:29:01","date_gmt":"2025-09-18T01:29:01","guid":{"rendered":"https:\/\/bam-digitalacademy.com\/?post_type=product&#038;p=1023"},"modified":"2025-11-10T14:47:27","modified_gmt":"2025-11-10T13:47:27","slug":"integracion-de-pagos-payu-wompi-stripe-paypal","status":"publish","type":"product","link":"https:\/\/bam-digitalacademy.com\/?product=integracion-de-pagos-payu-wompi-stripe-paypal","title":{"rendered":"Integraci\u00f3n de pagos (PayU \/ Wompi \/ Stripe \/ PayPal)"},"content":{"rendered":"<p data-start=\"162\" data-end=\"282\">Servicio de integraci\u00f3n de sistemas de pago populares como PayU, Wompi, Stripe y PayPal en tu sitio web o tienda online.<\/p>\n<p data-start=\"284\" data-end=\"316\"><strong data-start=\"284\" data-end=\"316\">Caracter\u00edsticas principales:<\/strong><\/p>\n<ul data-start=\"317\" data-end=\"693\">\n<li data-start=\"317\" data-end=\"395\">\n<p data-start=\"319\" data-end=\"395\">Implementaci\u00f3n de m\u00faltiples pasarelas de pago (PayU, Wompi, Stripe, PayPal).<\/p>\n<\/li>\n<li data-start=\"396\" data-end=\"487\">\n<p data-start=\"398\" data-end=\"487\">Configuraci\u00f3n de pagos seguros y adaptados a tu negocio (tarjetas, transferencias, etc.).<\/p>\n<\/li>\n<li data-start=\"488\" data-end=\"535\">\n<p data-start=\"490\" data-end=\"535\">Soporte para pagos internacionales y locales.<\/p>\n<\/li>\n<li data-start=\"536\" data-end=\"609\">\n<p data-start=\"538\" data-end=\"609\">Integraci\u00f3n con plataformas de e-commerce (WooCommerce, Shopify, etc.).<\/p>\n<\/li>\n<li data-start=\"610\" data-end=\"693\">\n<p data-start=\"612\" data-end=\"693\">Configuraci\u00f3n de notificaciones autom\u00e1ticas de pagos y actualizaciones de estado.<\/p>\n<\/li>\n<\/ul>\n<p data-start=\"695\" data-end=\"710\"><strong data-start=\"695\" data-end=\"710\">Beneficios:<\/strong><\/p>\n<ul data-start=\"711\" data-end=\"939\">\n<li data-start=\"711\" data-end=\"786\">\n<p data-start=\"713\" data-end=\"786\">Ofrece a tus clientes diversas opciones de pago, mejorando la conversi\u00f3n.<\/p>\n<\/li>\n<li data-start=\"787\" data-end=\"860\">\n<p data-start=\"789\" data-end=\"860\">Proceso de pago seguro y r\u00e1pido para una experiencia de usuario \u00f3ptima.<\/p>\n<\/li>\n<li data-start=\"861\" data-end=\"939\">\n<p data-start=\"863\" data-end=\"939\">Ideal para empresas que buscan vender en l\u00ednea y gestionar pagos f\u00e1cilmente.<\/p>\n<\/li>\n<\/ul>\n","protected":false},"excerpt":{"rendered":"<p>Servicio de integraci\u00f3n de sistemas de pago populares como PayU, Wompi, Stripe y PayPal en tu sitio web o tienda online. Caracter\u00edsticas principales: Implementaci\u00f3n de m\u00faltiples pasarelas de pago (PayU, Wompi, Stripe, PayPal). Configuraci\u00f3n de pagos seguros y adaptados a tu negocio (tarjetas, transferencias, etc.). Soporte para pagos internacionales y locales. Integraci\u00f3n con plataformas de e-commerce (WooCommerce, Shopify, etc.). Configuraci\u00f3n de notificaciones autom\u00e1ticas de pagos y actualizaciones de estado. Beneficios: Ofrece a tus clientes diversas opciones de pago, mejorando la conversi\u00f3n. Proceso de pago seguro y r\u00e1pido para una experiencia de usuario \u00f3ptima. Ideal para empresas que buscan vender en l\u00ednea y gestionar pagos f\u00e1cilmente.<\/p>\n","protected":false},"featured_media":1324,"template":"","meta":[],"product_brand":[],"product_cat":[27],"product_tag":[],"class_list":{"0":"post-1023","1":"product","2":"type-product","3":"status-publish","4":"has-post-thumbnail","6":"product_cat-desarrollo-web","8":"first","9":"instock","10":"shipping-taxable","11":"purchasable","12":"product-type-simple"},"_links":{"self":[{"href":"https:\/\/bam-digitalacademy.com\/index.php?rest_route=\/wp\/v2\/product\/1023","targetHints":{"allow":["GET"]}}],"collection":[{"href":"https:\/\/bam-digitalacademy.com\/index.php?rest_route=\/wp\/v2\/product"}],"about":[{"href":"https:\/\/bam-digitalacademy.com\/index.php?rest_route=\/wp\/v2\/types\/product"}],"wp:featuredmedia":[{"embeddable":true,"href":"https:\/\/bam-digitalacademy.com\/index.php?rest_route=\/wp\/v2\/media\/1324"}],"wp:attachment":[{"href":"https:\/\/bam-digitalacademy.com\/index.php?rest_route=%2Fwp%2Fv2%2Fmedia&parent=1023"}],"wp:term":[{"taxonomy":"product_brand","embeddable":true,"href":"https:\/\/bam-digitalacademy.com\/index.php?rest_route=%2Fwp%2Fv2%2Fproduct_brand&post=1023"},{"taxonomy":"product_cat","embeddable":true,"href":"https:\/\/bam-digitalacademy.com\/index.php?rest_route=%2Fwp%2Fv2%2Fproduct_cat&post=1023"},{"taxonomy":"product_tag","embeddable":true,"href":"https:\/\/bam-digitalacademy.com\/index.php?rest_route=%2Fwp%2Fv2%2Fproduct_tag&post=1023"}],"curies":[{"name":"wp","href":"https:\/\/api.w.org\/{rel}","templated":true}]}}