{"id":1024,"date":"2025-09-18T03:29:01","date_gmt":"2025-09-18T01:29:01","guid":{"rendered":"https:\/\/bam-digitalacademy.com\/?post_type=product&#038;p=1024"},"modified":"2025-11-10T14:47:29","modified_gmt":"2025-11-10T13:47:29","slug":"mantenimiento-web-mensual","status":"publish","type":"product","link":"https:\/\/bam-digitalacademy.com\/?product=mantenimiento-web-mensual","title":{"rendered":"Mantenimiento Web Mensual"},"content":{"rendered":"<p data-start=\"142\" data-end=\"243\">Servicio de mantenimiento web mensual que asegura el funcionamiento \u00f3ptimo y actualizado de tu sitio.<\/p>\n<p data-start=\"245\" data-end=\"277\"><strong data-start=\"245\" data-end=\"277\">Caracter\u00edsticas principales:<\/strong><\/p>\n<ul data-start=\"278\" data-end=\"576\">\n<li data-start=\"278\" data-end=\"331\">\n<p data-start=\"280\" data-end=\"331\">Actualizaci\u00f3n regular de plugins, temas y sistemas.<\/p>\n<\/li>\n<li data-start=\"332\" data-end=\"387\">\n<p data-start=\"334\" data-end=\"387\">Revisi\u00f3n de seguridad para prevenir vulnerabilidades.<\/p>\n<\/li>\n<li data-start=\"388\" data-end=\"447\">\n<p data-start=\"390\" data-end=\"447\">Optimizaci\u00f3n de rendimiento (velocidad, carga de p\u00e1gina).<\/p>\n<\/li>\n<li data-start=\"448\" data-end=\"510\">\n<p data-start=\"450\" data-end=\"510\">Copias de seguridad peri\u00f3dicas para evitar p\u00e9rdida de datos.<\/p>\n<\/li>\n<li data-start=\"511\" data-end=\"576\">\n<p data-start=\"513\" data-end=\"576\">Soporte t\u00e9cnico para resolver incidencias y problemas urgentes.<\/p>\n<\/li>\n<\/ul>\n<p data-start=\"578\" data-end=\"593\"><strong data-start=\"578\" data-end=\"593\">Beneficios:<\/strong><\/p>\n<ul data-start=\"594\" data-end=\"808\">\n<li data-start=\"594\" data-end=\"654\">\n<p data-start=\"596\" data-end=\"654\">Mant\u00e9n tu sitio seguro, r\u00e1pido y funcional todo el tiempo.<\/p>\n<\/li>\n<li data-start=\"655\" data-end=\"724\">\n<p data-start=\"657\" data-end=\"724\">Previene problemas antes de que afecten la experiencia del usuario.<\/p>\n<\/li>\n<li data-start=\"725\" data-end=\"808\">\n<p data-start=\"727\" data-end=\"808\">Ideal para quienes prefieren delegar tareas t\u00e9cnicas y enfocarse en el contenido.<\/p>\n<\/li>\n<\/ul>\n","protected":false},"excerpt":{"rendered":"<p>Servicio de mantenimiento web mensual que asegura el funcionamiento \u00f3ptimo y actualizado de tu sitio. Caracter\u00edsticas principales: Actualizaci\u00f3n regular de plugins, temas y sistemas. Revisi\u00f3n de seguridad para prevenir vulnerabilidades. Optimizaci\u00f3n de rendimiento (velocidad, carga de p\u00e1gina). Copias de seguridad peri\u00f3dicas para evitar p\u00e9rdida de datos. Soporte t\u00e9cnico para resolver incidencias y problemas urgentes. Beneficios: Mant\u00e9n tu sitio seguro, r\u00e1pido y funcional todo el tiempo. Previene problemas antes de que afecten la experiencia del usuario. Ideal para quienes prefieren delegar tareas t\u00e9cnicas y enfocarse en el contenido.<\/p>\n","protected":false},"featured_media":1325,"template":"","meta":[],"product_brand":[],"product_cat":[27],"product_tag":[],"class_list":{"0":"post-1024","1":"product","2":"type-product","3":"status-publish","4":"has-post-thumbnail","6":"product_cat-desarrollo-web","8":"first","9":"instock","10":"shipping-taxable","11":"purchasable","12":"product-type-simple"},"_links":{"self":[{"href":"https:\/\/bam-digitalacademy.com\/index.php?rest_route=\/wp\/v2\/product\/1024","targetHints":{"allow":["GET"]}}],"collection":[{"href":"https:\/\/bam-digitalacademy.com\/index.php?rest_route=\/wp\/v2\/product"}],"about":[{"href":"https:\/\/bam-digitalacademy.com\/index.php?rest_route=\/wp\/v2\/types\/product"}],"wp:featuredmedia":[{"embeddable":true,"href":"https:\/\/bam-digitalacademy.com\/index.php?rest_route=\/wp\/v2\/media\/1325"}],"wp:attachment":[{"href":"https:\/\/bam-digitalacademy.com\/index.php?rest_route=%2Fwp%2Fv2%2Fmedia&parent=1024"}],"wp:term":[{"taxonomy":"product_brand","embeddable":true,"href":"https:\/\/bam-digitalacademy.com\/index.php?rest_route=%2Fwp%2Fv2%2Fproduct_brand&post=1024"},{"taxonomy":"product_cat","embeddable":true,"href":"https:\/\/bam-digitalacademy.com\/index.php?rest_route=%2Fwp%2Fv2%2Fproduct_cat&post=1024"},{"taxonomy":"product_tag","embeddable":true,"href":"https:\/\/bam-digitalacademy.com\/index.php?rest_route=%2Fwp%2Fv2%2Fproduct_tag&post=1024"}],"curies":[{"name":"wp","href":"https:\/\/api.w.org\/{rel}","templated":true}]}}