{"id":1027,"date":"2025-09-18T03:29:02","date_gmt":"2025-09-18T01:29:02","guid":{"rendered":"https:\/\/bam-digitalacademy.com\/?post_type=product&#038;p=1027"},"modified":"2025-11-10T14:47:33","modified_gmt":"2025-11-10T13:47:33","slug":"manual-de-marca-basico","status":"publish","type":"product","link":"https:\/\/bam-digitalacademy.com\/?product=manual-de-marca-basico","title":{"rendered":"Manual de Marca B\u00e1sico"},"content":{"rendered":"<p data-start=\"136\" data-end=\"261\">Servicio de creaci\u00f3n de un manual b\u00e1sico de marca, dise\u00f1ado para definir la identidad visual y las normas de uso de la marca.<\/p>\n<p data-start=\"263\" data-end=\"295\"><strong data-start=\"263\" data-end=\"295\">Caracter\u00edsticas principales:<\/strong><\/p>\n<ul data-start=\"296\" data-end=\"603\">\n<li data-start=\"296\" data-end=\"370\">\n<p data-start=\"298\" data-end=\"370\">Gu\u00eda de uso del logotipo, paleta de colores, tipograf\u00eda y estilo visual.<\/p>\n<\/li>\n<li data-start=\"371\" data-end=\"442\">\n<p data-start=\"373\" data-end=\"442\">Recomendaciones para aplicaciones en materiales digitales e impresos.<\/p>\n<\/li>\n<li data-start=\"443\" data-end=\"526\">\n<p data-start=\"445\" data-end=\"526\">Definici\u00f3n de tono y voz de la marca para asegurar coherencia en la comunicaci\u00f3n.<\/p>\n<\/li>\n<li data-start=\"527\" data-end=\"603\">\n<p data-start=\"529\" data-end=\"603\">Entrega de documentos en formatos f\u00e1ciles de usar y compartir (PDF, etc.).<\/p>\n<\/li>\n<\/ul>\n<p data-start=\"605\" data-end=\"620\"><strong data-start=\"605\" data-end=\"620\">Beneficios:<\/strong><\/p>\n<ul data-start=\"621\" data-end=\"833\">\n<li data-start=\"621\" data-end=\"680\">\n<p data-start=\"623\" data-end=\"680\">Asegura consistencia visual y comunicacional de la marca.<\/p>\n<\/li>\n<li data-start=\"681\" data-end=\"763\">\n<p data-start=\"683\" data-end=\"763\">Facilita la aplicaci\u00f3n correcta de los elementos de la marca en cualquier medio.<\/p>\n<\/li>\n<li data-start=\"764\" data-end=\"833\">\n<p data-start=\"766\" data-end=\"833\">Ideal para empresas que buscan fortalecer su identidad corporativa.<\/p>\n<\/li>\n<\/ul>\n","protected":false},"excerpt":{"rendered":"<p>Servicio de creaci\u00f3n de un manual b\u00e1sico de marca, dise\u00f1ado para definir la identidad visual y las normas de uso de la marca. Caracter\u00edsticas principales: Gu\u00eda de uso del logotipo, paleta de colores, tipograf\u00eda y estilo visual. Recomendaciones para aplicaciones en materiales digitales e impresos. Definici\u00f3n de tono y voz de la marca para asegurar coherencia en la comunicaci\u00f3n. Entrega de documentos en formatos f\u00e1ciles de usar y compartir (PDF, etc.). Beneficios: Asegura consistencia visual y comunicacional de la marca. Facilita la aplicaci\u00f3n correcta de los elementos de la marca en cualquier medio. Ideal para empresas que buscan fortalecer su identidad corporativa.<\/p>\n","protected":false},"featured_media":1328,"template":"","meta":[],"product_brand":[],"product_cat":[28],"product_tag":[],"class_list":{"0":"post-1027","1":"product","2":"type-product","3":"status-publish","4":"has-post-thumbnail","6":"product_cat-diseno-branding","8":"first","9":"instock","10":"shipping-taxable","11":"purchasable","12":"product-type-simple"},"_links":{"self":[{"href":"https:\/\/bam-digitalacademy.com\/index.php?rest_route=\/wp\/v2\/product\/1027","targetHints":{"allow":["GET"]}}],"collection":[{"href":"https:\/\/bam-digitalacademy.com\/index.php?rest_route=\/wp\/v2\/product"}],"about":[{"href":"https:\/\/bam-digitalacademy.com\/index.php?rest_route=\/wp\/v2\/types\/product"}],"wp:featuredmedia":[{"embeddable":true,"href":"https:\/\/bam-digitalacademy.com\/index.php?rest_route=\/wp\/v2\/media\/1328"}],"wp:attachment":[{"href":"https:\/\/bam-digitalacademy.com\/index.php?rest_route=%2Fwp%2Fv2%2Fmedia&parent=1027"}],"wp:term":[{"taxonomy":"product_brand","embeddable":true,"href":"https:\/\/bam-digitalacademy.com\/index.php?rest_route=%2Fwp%2Fv2%2Fproduct_brand&post=1027"},{"taxonomy":"product_cat","embeddable":true,"href":"https:\/\/bam-digitalacademy.com\/index.php?rest_route=%2Fwp%2Fv2%2Fproduct_cat&post=1027"},{"taxonomy":"product_tag","embeddable":true,"href":"https:\/\/bam-digitalacademy.com\/index.php?rest_route=%2Fwp%2Fv2%2Fproduct_tag&post=1027"}],"curies":[{"name":"wp","href":"https:\/\/api.w.org\/{rel}","templated":true}]}}