{"id":1197,"date":"2025-10-03T20:24:05","date_gmt":"2025-10-03T18:24:05","guid":{"rendered":"https:\/\/bam-digitalacademy.com\/?post_type=product&#038;p=1197"},"modified":"2025-11-10T14:48:41","modified_gmt":"2025-11-10T13:48:41","slug":"cartilla-interactiva-1-primaria","status":"publish","type":"product","link":"https:\/\/bam-digitalacademy.com\/?product=cartilla-interactiva-1-primaria","title":{"rendered":"Cartilla Interactiva \u2013 1\u00b0 Primaria"},"content":{"rendered":"<p data-start=\"495\" data-end=\"564\">\u2728 <strong data-start=\"522\" data-end=\"560\">\u00a1Aprender nunca fue tan divertido!<\/strong> \u2728<\/p>\n<p data-start=\"566\" data-end=\"768\">Presentamos nuestra <strong data-start=\"586\" data-end=\"625\">Cartilla Interactiva de Aprendizaje<\/strong>, dise\u00f1ada para que los ni\u00f1os de <strong data-start=\"658\" data-end=\"690\">primero a quinto de primaria<\/strong> desarrollen matem\u00e1ticas, ingl\u00e9s y programaci\u00f3n de manera f\u00e1cil y entretenida.<\/p>\n<p data-start=\"770\" data-end=\"802\">\ud83d\udcd8 <strong data-start=\"773\" data-end=\"800\">\u00bfQu\u00e9 incluye cada pack?<\/strong><\/p>\n<ul data-start=\"803\" data-end=\"1121\">\n<li data-start=\"803\" data-end=\"893\">\n<p data-start=\"805\" data-end=\"893\">Una cartilla f\u00edsica de 10 hojas con actividades din\u00e1micas, juegos y retos paso a paso.<\/p>\n<\/li>\n<li data-start=\"894\" data-end=\"967\">\n<p data-start=\"896\" data-end=\"967\">Una caja de colores para que cada ejercicio sea creativo y divertido.<\/p>\n<\/li>\n<li data-start=\"968\" data-end=\"1121\">\n<p data-start=\"970\" data-end=\"1121\">Acceso a un plan digital exclusivo, donde podr\u00e1n ingresar con un c\u00f3digo y continuar las actividades en l\u00ednea con videos, juegos y pruebas interactivas.<\/p>\n<\/li>\n<\/ul>\n<p data-start=\"1123\" data-end=\"1143\">\ud83c\udfaf <strong data-start=\"1126\" data-end=\"1141\">Beneficios:<\/strong><\/p>\n<ul data-start=\"1144\" data-end=\"1422\">\n<li data-start=\"1144\" data-end=\"1197\">\n<p data-start=\"1146\" data-end=\"1197\">Aprende matem\u00e1ticas de forma pr\u00e1ctica y aplicada.<\/p>\n<\/li>\n<li data-start=\"1198\" data-end=\"1269\">\n<p data-start=\"1200\" data-end=\"1269\">Se introduce al mundo de la programaci\u00f3n con actividades creativas.<\/p>\n<\/li>\n<li data-start=\"1270\" data-end=\"1326\">\n<p data-start=\"1272\" data-end=\"1326\">Refuerza el ingl\u00e9s con vocabulario \u00fatil y divertido.<\/p>\n<\/li>\n<li data-start=\"1327\" data-end=\"1422\">\n<p data-start=\"1329\" data-end=\"1422\">Combina lo f\u00edsico (dibujar, pintar, escribir) con lo digital (jugar, programar, interactuar).<\/p>\n<\/li>\n<\/ul>\n<p data-start=\"1424\" data-end=\"1573\">\ud83d\udcda <strong data-start=\"1427\" data-end=\"1460\">Especial para 1\u00b0 de primaria.<\/strong><br data-start=\"1460\" data-end=\"1463\" \/>Ideal para estudiar en cualquier momento del a\u00f1o, a su propio ritmo, completando el curso en 15 d\u00edas o un mes.<\/p>\n","protected":false},"excerpt":{"rendered":"<p>Pack interactivo de aprendizaje para 1\u00b0 de primaria. Ideal para que los ni\u00f1os aprendan jugando, combinando actividades f\u00edsicas y digitales.<\/p>\n","protected":false},"featured_media":1330,"template":"","meta":[],"product_brand":[],"product_cat":[17],"product_tag":[],"class_list":{"0":"post-1197","1":"product","2":"type-product","3":"status-publish","4":"has-post-thumbnail","6":"product_cat-suscripciones","8":"first","9":"instock","10":"shipping-taxable","11":"purchasable","12":"product-type-simple"},"_links":{"self":[{"href":"https:\/\/bam-digitalacademy.com\/index.php?rest_route=\/wp\/v2\/product\/1197","targetHints":{"allow":["GET"]}}],"collection":[{"href":"https:\/\/bam-digitalacademy.com\/index.php?rest_route=\/wp\/v2\/product"}],"about":[{"href":"https:\/\/bam-digitalacademy.com\/index.php?rest_route=\/wp\/v2\/types\/product"}],"wp:featuredmedia":[{"embeddable":true,"href":"https:\/\/bam-digitalacademy.com\/index.php?rest_route=\/wp\/v2\/media\/1330"}],"wp:attachment":[{"href":"https:\/\/bam-digitalacademy.com\/index.php?rest_route=%2Fwp%2Fv2%2Fmedia&parent=1197"}],"wp:term":[{"taxonomy":"product_brand","embeddable":true,"href":"https:\/\/bam-digitalacademy.com\/index.php?rest_route=%2Fwp%2Fv2%2Fproduct_brand&post=1197"},{"taxonomy":"product_cat","embeddable":true,"href":"https:\/\/bam-digitalacademy.com\/index.php?rest_route=%2Fwp%2Fv2%2Fproduct_cat&post=1197"},{"taxonomy":"product_tag","embeddable":true,"href":"https:\/\/bam-digitalacademy.com\/index.php?rest_route=%2Fwp%2Fv2%2Fproduct_tag&post=1197"}],"curies":[{"name":"wp","href":"https:\/\/api.w.org\/{rel}","templated":true}]}}