{"id":1204,"date":"2025-10-03T20:30:47","date_gmt":"2025-10-03T18:30:47","guid":{"rendered":"https:\/\/bam-digitalacademy.com\/?post_type=product&#038;p=1204"},"modified":"2025-11-10T14:50:11","modified_gmt":"2025-11-10T13:50:11","slug":"cartilla-interactiva-2-primaria","status":"publish","type":"product","link":"https:\/\/bam-digitalacademy.com\/?product=cartilla-interactiva-2-primaria","title":{"rendered":"Cartilla Interactiva \u2013 2\u00b0 Primaria"},"content":{"rendered":"<p data-start=\"1889\" data-end=\"1958\">\u2728 <strong data-start=\"1916\" data-end=\"1954\">\u00a1Aprender nunca fue tan divertido!<\/strong> \u2728<\/p>\n<p data-start=\"1960\" data-end=\"2095\">La cartilla para segundo grado est\u00e1 especialmente dise\u00f1ada para fortalecer lo aprendido en primero y presentar nuevos retos. Incluye:<\/p>\n<ul data-start=\"2096\" data-end=\"2231\">\n<li data-start=\"2096\" data-end=\"2128\">\n<p data-start=\"2098\" data-end=\"2128\">Cartilla f\u00edsica de 10 hojas.<\/p>\n<\/li>\n<li data-start=\"2129\" data-end=\"2149\">\n<p data-start=\"2131\" data-end=\"2149\">Caja de colores.<\/p>\n<\/li>\n<li data-start=\"2150\" data-end=\"2231\">\n<p data-start=\"2152\" data-end=\"2231\">Acceso al plan digital exclusivo con juegos, videos y actividades interactivas.<\/p>\n<\/li>\n<\/ul>\n<p data-start=\"2233\" data-end=\"2253\">\ud83c\udfaf <strong data-start=\"2236\" data-end=\"2251\">Beneficios:<\/strong><\/p>\n<ul data-start=\"2254\" data-end=\"2445\">\n<li data-start=\"2254\" data-end=\"2320\">\n<p data-start=\"2256\" data-end=\"2320\">Refuerza las bases matem\u00e1ticas y ampl\u00eda vocabulario en ingl\u00e9s.<\/p>\n<\/li>\n<li data-start=\"2321\" data-end=\"2389\">\n<p data-start=\"2323\" data-end=\"2389\">Inicia conceptos de programaci\u00f3n mediante actividades creativas.<\/p>\n<\/li>\n<li data-start=\"2390\" data-end=\"2445\">\n<p data-start=\"2392\" data-end=\"2445\">Perfecta combinaci\u00f3n de aprendizaje f\u00edsico y digital.<\/p>\n<\/li>\n<\/ul>\n<p data-start=\"2447\" data-end=\"2483\">\ud83d\udcda <strong data-start=\"2450\" data-end=\"2483\">Especial para 2\u00b0 de primaria.<\/strong><\/p>\n","protected":false},"excerpt":{"rendered":"<p>Pack interactivo de aprendizaje para 2\u00b0 de primaria, con actividades que refuerzan matem\u00e1ticas, ingl\u00e9s y programaci\u00f3n.<\/p>\n","protected":false},"featured_media":1331,"template":"","meta":[],"product_brand":[],"product_cat":[17],"product_tag":[],"class_list":{"0":"post-1204","1":"product","2":"type-product","3":"status-publish","4":"has-post-thumbnail","6":"product_cat-suscripciones","8":"first","9":"instock","10":"shipping-taxable","11":"purchasable","12":"product-type-simple"},"_links":{"self":[{"href":"https:\/\/bam-digitalacademy.com\/index.php?rest_route=\/wp\/v2\/product\/1204","targetHints":{"allow":["GET"]}}],"collection":[{"href":"https:\/\/bam-digitalacademy.com\/index.php?rest_route=\/wp\/v2\/product"}],"about":[{"href":"https:\/\/bam-digitalacademy.com\/index.php?rest_route=\/wp\/v2\/types\/product"}],"wp:featuredmedia":[{"embeddable":true,"href":"https:\/\/bam-digitalacademy.com\/index.php?rest_route=\/wp\/v2\/media\/1331"}],"wp:attachment":[{"href":"https:\/\/bam-digitalacademy.com\/index.php?rest_route=%2Fwp%2Fv2%2Fmedia&parent=1204"}],"wp:term":[{"taxonomy":"product_brand","embeddable":true,"href":"https:\/\/bam-digitalacademy.com\/index.php?rest_route=%2Fwp%2Fv2%2Fproduct_brand&post=1204"},{"taxonomy":"product_cat","embeddable":true,"href":"https:\/\/bam-digitalacademy.com\/index.php?rest_route=%2Fwp%2Fv2%2Fproduct_cat&post=1204"},{"taxonomy":"product_tag","embeddable":true,"href":"https:\/\/bam-digitalacademy.com\/index.php?rest_route=%2Fwp%2Fv2%2Fproduct_tag&post=1204"}],"curies":[{"name":"wp","href":"https:\/\/api.w.org\/{rel}","templated":true}]}}