{"id":1206,"date":"2025-10-03T20:30:35","date_gmt":"2025-10-03T18:30:35","guid":{"rendered":"https:\/\/bam-digitalacademy.com\/?post_type=product&#038;p=1206"},"modified":"2025-11-10T14:53:05","modified_gmt":"2025-11-10T13:53:05","slug":"cartilla-interactiva-4-primaria","status":"publish","type":"product","link":"https:\/\/bam-digitalacademy.com\/?product=cartilla-interactiva-4-primaria","title":{"rendered":"Cartilla Interactiva \u2013 4\u00b0 Primaria"},"content":{"rendered":"<p data-start=\"3620\" data-end=\"3689\">\u2728 <strong data-start=\"3647\" data-end=\"3685\">\u00a1Aprender nunca fue tan divertido!<\/strong> \u2728<\/p>\n<p data-start=\"3691\" data-end=\"3831\">Para estudiantes de cuarto grado, esta cartilla potencia habilidades en matem\u00e1ticas, ingl\u00e9s y programaci\u00f3n mediante actividades pr\u00e1cticas:<\/p>\n<ul data-start=\"3832\" data-end=\"3942\">\n<li data-start=\"3832\" data-end=\"3864\">\n<p data-start=\"3834\" data-end=\"3864\">Cartilla f\u00edsica de 10 hojas.<\/p>\n<\/li>\n<li data-start=\"3865\" data-end=\"3885\">\n<p data-start=\"3867\" data-end=\"3885\">Caja de colores.<\/p>\n<\/li>\n<li data-start=\"3886\" data-end=\"3942\">\n<p data-start=\"3888\" data-end=\"3942\">Acceso a plataforma digital con actividades avanzadas.<\/p>\n<\/li>\n<\/ul>\n<p data-start=\"3944\" data-end=\"3964\">\ud83c\udfaf <strong data-start=\"3947\" data-end=\"3962\">Beneficios:<\/strong><\/p>\n<ul data-start=\"3965\" data-end=\"4095\">\n<li data-start=\"3965\" data-end=\"4006\">\n<p data-start=\"3967\" data-end=\"4006\">Profundiza conocimientos matem\u00e1ticos.<\/p>\n<\/li>\n<li data-start=\"4007\" data-end=\"4040\">\n<p data-start=\"4009\" data-end=\"4040\">Mejora comprensi\u00f3n de ingl\u00e9s.<\/p>\n<\/li>\n<li data-start=\"4041\" data-end=\"4095\">\n<p data-start=\"4043\" data-end=\"4095\">Introduce conceptos de programaci\u00f3n m\u00e1s complejos.<\/p>\n<\/li>\n<\/ul>\n<p data-start=\"4097\" data-end=\"4133\">\ud83d\udcda <strong data-start=\"4100\" data-end=\"4133\">Especial para 4\u00b0 de primaria.<\/strong><\/p>\n","protected":false},"excerpt":{"rendered":"<p>Pack interactivo de aprendizaje para 4\u00b0 de primaria. Une actividades f\u00edsicas con desaf\u00edos digitales.<\/p>\n","protected":false},"featured_media":1333,"template":"","meta":[],"product_brand":[],"product_cat":[17],"product_tag":[],"class_list":{"0":"post-1206","1":"product","2":"type-product","3":"status-publish","4":"has-post-thumbnail","6":"product_cat-suscripciones","8":"first","9":"instock","10":"shipping-taxable","11":"purchasable","12":"product-type-simple"},"_links":{"self":[{"href":"https:\/\/bam-digitalacademy.com\/index.php?rest_route=\/wp\/v2\/product\/1206","targetHints":{"allow":["GET"]}}],"collection":[{"href":"https:\/\/bam-digitalacademy.com\/index.php?rest_route=\/wp\/v2\/product"}],"about":[{"href":"https:\/\/bam-digitalacademy.com\/index.php?rest_route=\/wp\/v2\/types\/product"}],"wp:featuredmedia":[{"embeddable":true,"href":"https:\/\/bam-digitalacademy.com\/index.php?rest_route=\/wp\/v2\/media\/1333"}],"wp:attachment":[{"href":"https:\/\/bam-digitalacademy.com\/index.php?rest_route=%2Fwp%2Fv2%2Fmedia&parent=1206"}],"wp:term":[{"taxonomy":"product_brand","embeddable":true,"href":"https:\/\/bam-digitalacademy.com\/index.php?rest_route=%2Fwp%2Fv2%2Fproduct_brand&post=1206"},{"taxonomy":"product_cat","embeddable":true,"href":"https:\/\/bam-digitalacademy.com\/index.php?rest_route=%2Fwp%2Fv2%2Fproduct_cat&post=1206"},{"taxonomy":"product_tag","embeddable":true,"href":"https:\/\/bam-digitalacademy.com\/index.php?rest_route=%2Fwp%2Fv2%2Fproduct_tag&post=1206"}],"curies":[{"name":"wp","href":"https:\/\/api.w.org\/{rel}","templated":true}]}}