{"id":1207,"date":"2025-10-03T20:32:08","date_gmt":"2025-10-03T18:32:08","guid":{"rendered":"https:\/\/bam-digitalacademy.com\/?post_type=product&#038;p=1207"},"modified":"2025-11-10T14:54:35","modified_gmt":"2025-11-10T13:54:35","slug":"cartilla-interactiva-5-primaria","status":"publish","type":"product","link":"https:\/\/bam-digitalacademy.com\/?product=cartilla-interactiva-5-primaria","title":{"rendered":"Cartilla Interactiva \u2013 5\u00b0 Primaria"},"content":{"rendered":"<p data-start=\"4428\" data-end=\"4497\">\u2728 <strong data-start=\"4455\" data-end=\"4493\">\u00a1Aprender nunca fue tan divertido!<\/strong> \u2728<\/p>\n<p data-start=\"4499\" data-end=\"4584\">La cartilla para quinto grado prepara a los ni\u00f1os para un aprendizaje m\u00e1s aut\u00f3nomo:<\/p>\n<ul data-start=\"4585\" data-end=\"4719\">\n<li data-start=\"4585\" data-end=\"4631\">\n<p data-start=\"4587\" data-end=\"4631\">Cartilla f\u00edsica con proyectos desafiantes.<\/p>\n<\/li>\n<li data-start=\"4632\" data-end=\"4661\">\n<p data-start=\"4634\" data-end=\"4661\">Caja de colores incluida.<\/p>\n<\/li>\n<li data-start=\"4662\" data-end=\"4719\">\n<p data-start=\"4664\" data-end=\"4719\">Acceso digital para actividades interactivas avanzadas.<\/p>\n<\/li>\n<\/ul>\n<p data-start=\"4721\" data-end=\"4741\">\ud83c\udfaf <strong data-start=\"4724\" data-end=\"4739\">Beneficios:<\/strong><\/p>\n<ul data-start=\"4742\" data-end=\"4897\">\n<li data-start=\"4742\" data-end=\"4785\">\n<p data-start=\"4744\" data-end=\"4785\">Fortalece pensamiento cr\u00edtico y l\u00f3gico.<\/p>\n<\/li>\n<li data-start=\"4786\" data-end=\"4834\">\n<p data-start=\"4788\" data-end=\"4834\">Expande vocabulario y comprensi\u00f3n de ingl\u00e9s.<\/p>\n<\/li>\n<li data-start=\"4835\" data-end=\"4897\">\n<p data-start=\"4837\" data-end=\"4897\">Introduce fundamentos de programaci\u00f3n de manera divertida.<\/p>\n<\/li>\n<\/ul>\n<p data-start=\"4899\" data-end=\"4935\">\ud83d\udcda <strong data-start=\"4902\" data-end=\"4935\">Especial para 5\u00b0 de primaria.<\/strong><\/p>\n","protected":false},"excerpt":{"rendered":"<p>Pack interactivo para 5\u00b0 de primaria con proyectos, retos de programaci\u00f3n y vocabulario avanzado.<\/p>\n","protected":false},"featured_media":1334,"template":"","meta":[],"product_brand":[],"product_cat":[17],"product_tag":[],"class_list":{"0":"post-1207","1":"product","2":"type-product","3":"status-publish","4":"has-post-thumbnail","6":"product_cat-suscripciones","8":"first","9":"instock","10":"shipping-taxable","11":"purchasable","12":"product-type-simple"},"_links":{"self":[{"href":"https:\/\/bam-digitalacademy.com\/index.php?rest_route=\/wp\/v2\/product\/1207","targetHints":{"allow":["GET"]}}],"collection":[{"href":"https:\/\/bam-digitalacademy.com\/index.php?rest_route=\/wp\/v2\/product"}],"about":[{"href":"https:\/\/bam-digitalacademy.com\/index.php?rest_route=\/wp\/v2\/types\/product"}],"wp:featuredmedia":[{"embeddable":true,"href":"https:\/\/bam-digitalacademy.com\/index.php?rest_route=\/wp\/v2\/media\/1334"}],"wp:attachment":[{"href":"https:\/\/bam-digitalacademy.com\/index.php?rest_route=%2Fwp%2Fv2%2Fmedia&parent=1207"}],"wp:term":[{"taxonomy":"product_brand","embeddable":true,"href":"https:\/\/bam-digitalacademy.com\/index.php?rest_route=%2Fwp%2Fv2%2Fproduct_brand&post=1207"},{"taxonomy":"product_cat","embeddable":true,"href":"https:\/\/bam-digitalacademy.com\/index.php?rest_route=%2Fwp%2Fv2%2Fproduct_cat&post=1207"},{"taxonomy":"product_tag","embeddable":true,"href":"https:\/\/bam-digitalacademy.com\/index.php?rest_route=%2Fwp%2Fv2%2Fproduct_tag&post=1207"}],"curies":[{"name":"wp","href":"https:\/\/api.w.org\/{rel}","templated":true}]}}