{"id":1274,"date":"2025-10-21T17:45:48","date_gmt":"2025-10-21T15:45:48","guid":{"rendered":"https:\/\/bam-digitalacademy.com\/?post_type=product&#038;p=1274"},"modified":"2025-11-10T14:54:37","modified_gmt":"2025-11-10T13:54:37","slug":"sistema-de-11-camaras-de-seguridad-con-instalacion-completa","status":"publish","type":"product","link":"https:\/\/bam-digitalacademy.com\/?product=sistema-de-11-camaras-de-seguridad-con-instalacion-completa","title":{"rendered":"Sistema de 11 C\u00e1maras de Seguridad con Instalaci\u00f3n Completa"},"content":{"rendered":"<p data-start=\"316\" data-end=\"596\">Sistema profesional de videovigilancia ideal para empresas, bodegas, conjuntos residenciales o locales comerciales.<br data-start=\"431\" data-end=\"434\" \/>Incluye <strong data-start=\"442\" data-end=\"474\">11 c\u00e1maras met\u00e1licas Full HD<\/strong>, <strong data-start=\"476\" data-end=\"496\">DVR de 8 canales<\/strong>, almacenamiento interno, todos los accesorios de conexi\u00f3n y <strong data-start=\"557\" data-end=\"593\">servicio completo de instalaci\u00f3n<\/strong>.<\/p>\n<hr data-start=\"598\" data-end=\"601\" \/>\n<h4 data-start=\"603\" data-end=\"636\">\u2699\ufe0f <strong data-start=\"611\" data-end=\"636\">Componentes Incluidos<\/strong><\/h4>\n<div class=\"_tableContainer_1rjym_1\">\n<div class=\"group _tableWrapper_1rjym_13 flex w-fit flex-col-reverse\" tabindex=\"-1\">\n<table class=\"w-fit min-w-(--thread-content-width)\" data-start=\"637\" data-end=\"1352\">\n<thead data-start=\"637\" data-end=\"698\">\n<tr data-start=\"637\" data-end=\"698\">\n<th data-start=\"637\" data-end=\"644\" data-col-size=\"md\">\u00cdtem<\/th>\n<th data-start=\"644\" data-end=\"658\" data-col-size=\"sm\">Descripci\u00f3n<\/th>\n<th data-start=\"658\" data-end=\"669\" data-col-size=\"sm\">Cantidad<\/th>\n<th data-start=\"669\" data-end=\"686\" data-col-size=\"sm\">Valor Unitario<\/th>\n<th data-start=\"686\" data-end=\"698\" data-col-size=\"sm\">Subtotal<\/th>\n<\/tr>\n<\/thead>\n<tbody data-start=\"767\" data-end=\"1352\">\n<tr data-start=\"767\" data-end=\"830\">\n<td data-start=\"767\" data-end=\"803\" data-col-size=\"md\">DVR 8 CANALES TURBO HD 4MP HILOOK<\/td>\n<td data-col-size=\"sm\" data-start=\"803\" data-end=\"807\">1<\/td>\n<td data-col-size=\"sm\" data-start=\"807\" data-end=\"818\">$320.000<\/td>\n<td data-col-size=\"sm\" data-start=\"818\" data-end=\"830\">$320.000<\/td>\n<td data-col-size=\"sm\"><\/td>\n<\/tr>\n<tr data-start=\"831\" data-end=\"922\">\n<td data-start=\"831\" data-end=\"895\" data-col-size=\"md\">C\u00c1MARA DOMO MET\u00c1LICA TURBO HD 1080P (HILOOK THC-T120-M 2.8mm)<\/td>\n<td data-col-size=\"sm\" data-start=\"895\" data-end=\"900\">11<\/td>\n<td data-col-size=\"sm\" data-start=\"900\" data-end=\"910\">$63.865<\/td>\n<td data-col-size=\"sm\" data-start=\"910\" data-end=\"922\">$702.520<\/td>\n<td data-col-size=\"sm\"><\/td>\n<\/tr>\n<tr data-start=\"923\" data-end=\"982\">\n<td data-start=\"923\" data-end=\"957\" data-col-size=\"md\">VIDEO BALUM AHD\/CVTI CAT 5\/5E\/6<\/td>\n<td data-col-size=\"sm\" data-start=\"957\" data-end=\"962\">11<\/td>\n<td data-col-size=\"sm\" data-start=\"962\" data-end=\"971\">$5.500<\/td>\n<td data-col-size=\"sm\" data-start=\"971\" data-end=\"982\">$60.500<\/td>\n<td data-col-size=\"sm\"><\/td>\n<\/tr>\n<tr data-start=\"983\" data-end=\"1042\">\n<td data-start=\"983\" data-end=\"1017\" data-col-size=\"md\">CAJA DE PASO PL\u00c1STICA 10&#215;10 ITS<\/td>\n<td data-col-size=\"sm\" data-start=\"1017\" data-end=\"1022\">11<\/td>\n<td data-col-size=\"sm\" data-start=\"1022\" data-end=\"1031\">$2.016<\/td>\n<td data-col-size=\"sm\" data-start=\"1031\" data-end=\"1042\">$22.185<\/td>\n<td data-col-size=\"sm\"><\/td>\n<\/tr>\n<tr data-start=\"1043\" data-end=\"1094\">\n<td data-start=\"1043\" data-end=\"1069\" data-col-size=\"md\">ADAPTADOR CCTV 12V 3AMP<\/td>\n<td data-col-size=\"sm\" data-start=\"1069\" data-end=\"1073\">3<\/td>\n<td data-col-size=\"sm\" data-start=\"1073\" data-end=\"1083\">$10.084<\/td>\n<td data-col-size=\"sm\" data-start=\"1083\" data-end=\"1094\">$30.252<\/td>\n<td data-col-size=\"sm\"><\/td>\n<\/tr>\n<tr data-start=\"1095\" data-end=\"1163\">\n<td data-start=\"1095\" data-end=\"1136\" data-col-size=\"md\">DISCO DURO 1TB WESTERN DIGITAL PURPURA<\/td>\n<td data-col-size=\"sm\" data-start=\"1136\" data-end=\"1140\">1<\/td>\n<td data-col-size=\"sm\" data-start=\"1140\" data-end=\"1151\">$220.000<\/td>\n<td data-col-size=\"sm\" data-start=\"1151\" data-end=\"1163\">$220.000<\/td>\n<td data-col-size=\"sm\"><\/td>\n<\/tr>\n<tr data-start=\"1164\" data-end=\"1233\">\n<td data-start=\"1164\" data-end=\"1209\" data-col-size=\"md\">BORNERA 12V HEMBRA\/MACHO (Paquete 5 pares)<\/td>\n<td data-col-size=\"sm\" data-start=\"1209\" data-end=\"1213\">2<\/td>\n<td data-col-size=\"sm\" data-start=\"1213\" data-end=\"1222\">$6.722<\/td>\n<td data-col-size=\"sm\" data-start=\"1222\" data-end=\"1233\">$13.445<\/td>\n<td data-col-size=\"sm\"><\/td>\n<\/tr>\n<tr data-start=\"1234\" data-end=\"1295\">\n<td data-start=\"1234\" data-end=\"1268\" data-col-size=\"md\">INSTALACI\u00d3N COMPLETA DE C\u00c1MARAS<\/td>\n<td data-col-size=\"sm\" data-start=\"1268\" data-end=\"1273\">11<\/td>\n<td data-col-size=\"sm\" data-start=\"1273\" data-end=\"1283\">$40.000<\/td>\n<td data-col-size=\"sm\" data-start=\"1283\" data-end=\"1295\">$440.000<\/td>\n<td data-col-size=\"sm\"><\/td>\n<\/tr>\n<tr data-start=\"1296\" data-end=\"1352\">\n<td data-start=\"1296\" data-end=\"1322\" data-col-size=\"md\">CABLE COAXIAL Y ENERG\u00cdA<\/td>\n<td data-col-size=\"sm\" data-start=\"1322\" data-end=\"1334\">40 metros<\/td>\n<td data-col-size=\"sm\" data-start=\"1334\" data-end=\"1341\">$900<\/td>\n<td data-col-size=\"sm\" data-start=\"1341\" data-end=\"1352\">$36.000<\/td>\n<td data-col-size=\"sm\"><\/td>\n<\/tr>\n<\/tbody>\n<\/table>\n<\/div>\n<\/div>\n<hr data-start=\"1354\" data-end=\"1357\" \/>\n<h4 data-start=\"1359\" data-end=\"1378\">\ud83d\udcb0 <strong data-start=\"1367\" data-end=\"1378\">Totales<\/strong><\/h4>\n<ul data-start=\"1379\" data-end=\"1484\">\n<li data-start=\"1379\" data-end=\"1407\">\n<p data-start=\"1381\" data-end=\"1407\"><strong data-start=\"1381\" data-end=\"1394\">Subtotal:<\/strong> $1.844.902<\/p>\n<\/li>\n<li data-start=\"1408\" data-end=\"1435\">\n<p data-start=\"1410\" data-end=\"1435\"><strong data-start=\"1410\" data-end=\"1424\">IVA (19%):<\/strong> $350.531<\/p>\n<\/li>\n<li data-start=\"1436\" data-end=\"1484\">\n<p data-start=\"1438\" data-end=\"1484\">\u2705 <strong data-start=\"1440\" data-end=\"1465\">Precio Total con IVA:<\/strong> <strong data-start=\"1466\" data-end=\"1484\">$2.195.433 COP<\/strong><\/p>\n<\/li>\n<\/ul>\n<hr data-start=\"1486\" data-end=\"1489\" \/>\n<h4 data-start=\"1491\" data-end=\"1510\">\ud83e\uddf0 <strong data-start=\"1499\" data-end=\"1510\">Incluye<\/strong><\/h4>\n<ul data-start=\"1511\" data-end=\"1696\">\n<li data-start=\"1511\" data-end=\"1569\">\n<p data-start=\"1513\" data-end=\"1569\">Instalaci\u00f3n completa (configuraci\u00f3n y conexi\u00f3n al DVR)<\/p>\n<\/li>\n<li data-start=\"1570\" data-end=\"1616\">\n<p data-start=\"1572\" data-end=\"1616\">Cableado hasta 40 metros (energ\u00eda + video)<\/p>\n<\/li>\n<li data-start=\"1617\" data-end=\"1653\">\n<p data-start=\"1619\" data-end=\"1653\">Prueba y calibraci\u00f3n del sistema<\/p>\n<\/li>\n<li data-start=\"1654\" data-end=\"1696\">\n<p data-start=\"1656\" data-end=\"1696\">Soporte t\u00e9cnico b\u00e1sico postinstalaci\u00f3n<\/p>\n<\/li>\n<\/ul>\n<hr data-start=\"1698\" data-end=\"1701\" \/>\n<h4 data-start=\"1703\" data-end=\"1738\">\u26a1 <strong data-start=\"1710\" data-end=\"1738\">Caracter\u00edsticas T\u00e9cnicas<\/strong><\/h4>\n<ul data-start=\"1739\" data-end=\"2017\">\n<li data-start=\"1739\" data-end=\"1784\">\n<p data-start=\"1741\" data-end=\"1784\">C\u00e1maras Full HD 1080p con visi\u00f3n nocturna<\/p>\n<\/li>\n<li data-start=\"1785\" data-end=\"1815\">\n<p data-start=\"1787\" data-end=\"1815\">Compresi\u00f3n de video H.265+<\/p>\n<\/li>\n<li data-start=\"1816\" data-end=\"1888\">\n<p data-start=\"1818\" data-end=\"1888\">Almacenamiento continuo hasta 30 d\u00edas (dependiendo de configuraci\u00f3n)<\/p>\n<\/li>\n<li data-start=\"1889\" data-end=\"1955\">\n<p data-start=\"1891\" data-end=\"1955\">Compatible con visualizaci\u00f3n remota por celular (app gratuita)<\/p>\n<\/li>\n<li data-start=\"1956\" data-end=\"2017\">\n<p data-start=\"1958\" data-end=\"2017\">Sistema escalable (permite agregar m\u00e1s c\u00e1maras o canales)<\/p>\n<\/li>\n<\/ul>\n<hr data-start=\"2019\" data-end=\"2022\" \/>\n<h4 data-start=\"2024\" data-end=\"2044\">\ud83d\udce6 <strong data-start=\"2032\" data-end=\"2044\">Garant\u00eda<\/strong><\/h4>\n<ul data-start=\"2045\" data-end=\"2160\">\n<li data-start=\"2045\" data-end=\"2096\">\n<p data-start=\"2047\" data-end=\"2096\"><strong data-start=\"2047\" data-end=\"2059\">12 meses<\/strong> por defectos de f\u00e1brica en equipos<\/p>\n<\/li>\n<li data-start=\"2097\" data-end=\"2160\">\n<p data-start=\"2099\" data-end=\"2160\"><strong data-start=\"2099\" data-end=\"2110\">30 d\u00edas<\/strong> en instalaci\u00f3n (ajustes o reconexiones menores)<\/p>\n<\/li>\n<\/ul>\n<hr data-start=\"2162\" data-end=\"2165\" \/>\n<h4 data-start=\"2167\" data-end=\"2194\">\ud83d\udcb5 <strong data-start=\"2175\" data-end=\"2192\">Precio Final:<\/strong><\/h4>\n<p data-start=\"2195\" data-end=\"2231\">\ud83d\udfe9 <strong data-start=\"2198\" data-end=\"2229\">$2.195.433 COP IVA incluido<\/strong><\/p>\n","protected":false},"excerpt":{"rendered":"<p data-start=\"316\" data-end=\"596\">Sistema profesional de videovigilancia ideal para empresas, bodegas, conjuntos residenciales o locales comerciales.<br data-start=\"431\" data-end=\"434\" \/>Incluye <strong data-start=\"442\" data-end=\"474\">11 c\u00e1maras met\u00e1licas Full HD<\/strong>, <strong data-start=\"476\" data-end=\"496\">DVR de 8 canales<\/strong>, almacenamiento interno, todos los accesorios de conexi\u00f3n y <strong data-start=\"557\" data-end=\"593\">servicio completo de instalaci\u00f3n<\/strong>.<\/p>\n","protected":false},"featured_media":1335,"template":"","meta":[],"product_brand":[29],"product_cat":[21],"product_tag":[],"class_list":{"0":"post-1274","1":"product","2":"type-product","3":"status-publish","4":"has-post-thumbnail","6":"product_brand-hilook-vision","7":"product_cat-industrial","9":"first","10":"instock","11":"shipping-taxable","12":"purchasable","13":"product-type-simple"},"_links":{"self":[{"href":"https:\/\/bam-digitalacademy.com\/index.php?rest_route=\/wp\/v2\/product\/1274","targetHints":{"allow":["GET"]}}],"collection":[{"href":"https:\/\/bam-digitalacademy.com\/index.php?rest_route=\/wp\/v2\/product"}],"about":[{"href":"https:\/\/bam-digitalacademy.com\/index.php?rest_route=\/wp\/v2\/types\/product"}],"wp:featuredmedia":[{"embeddable":true,"href":"https:\/\/bam-digitalacademy.com\/index.php?rest_route=\/wp\/v2\/media\/1335"}],"wp:attachment":[{"href":"https:\/\/bam-digitalacademy.com\/index.php?rest_route=%2Fwp%2Fv2%2Fmedia&parent=1274"}],"wp:term":[{"taxonomy":"product_brand","embeddable":true,"href":"https:\/\/bam-digitalacademy.com\/index.php?rest_route=%2Fwp%2Fv2%2Fproduct_brand&post=1274"},{"taxonomy":"product_cat","embeddable":true,"href":"https:\/\/bam-digitalacademy.com\/index.php?rest_route=%2Fwp%2Fv2%2Fproduct_cat&post=1274"},{"taxonomy":"product_tag","embeddable":true,"href":"https:\/\/bam-digitalacademy.com\/index.php?rest_route=%2Fwp%2Fv2%2Fproduct_tag&post=1274"}],"curies":[{"name":"wp","href":"https:\/\/api.w.org\/{rel}","templated":true}]}}