{"id":1278,"date":"2025-10-27T03:13:30","date_gmt":"2025-10-27T02:13:30","guid":{"rendered":"https:\/\/bam-digitalacademy.com\/?post_type=product&#038;p=1278"},"modified":"2025-11-10T14:54:40","modified_gmt":"2025-11-10T13:54:40","slug":"paquete-anual-de-presencia-digital-corporativa","status":"publish","type":"product","link":"https:\/\/bam-digitalacademy.com\/?product=paquete-anual-de-presencia-digital-corporativa","title":{"rendered":"Paquete Anual de Presencia Digital Corporativa"},"content":{"rendered":"<h4 data-start=\"428\" data-end=\"448\">\ud83d\udd27 <strong data-start=\"436\" data-end=\"448\">Incluye:<\/strong><\/h4>\n<p data-start=\"450\" data-end=\"471\"><strong data-start=\"450\" data-end=\"471\">\ud83d\udcf1 Redes Sociales<\/strong><\/p>\n<ul data-start=\"472\" data-end=\"779\">\n<li data-start=\"472\" data-end=\"559\">\n<p data-start=\"474\" data-end=\"559\">Creaci\u00f3n, integraci\u00f3n y adecuaci\u00f3n profesional (Facebook, Instagram.).<\/p>\n<\/li>\n<li data-start=\"560\" data-end=\"628\">\n<p data-start=\"562\" data-end=\"628\">1 publicaci\u00f3n semanal durante 1 a\u00f1o (promocional o informativa).<\/p>\n<\/li>\n<li data-start=\"629\" data-end=\"707\">\n<p data-start=\"631\" data-end=\"707\">Segmentaci\u00f3n del p\u00fablico objetivo y proyecci\u00f3n de costos en el primer mes.<\/p>\n<\/li>\n<li data-start=\"708\" data-end=\"779\">\n<p data-start=\"710\" data-end=\"779\">Informe de punto de equilibrio para definir inversi\u00f3n mensual \u00f3ptima.<\/p>\n<\/li>\n<\/ul>\n<p data-start=\"781\" data-end=\"814\"><strong data-start=\"781\" data-end=\"814\">\ud83d\udcbb P\u00e1gina Web + Tienda Online<\/strong><\/p>\n<ul data-start=\"815\" data-end=\"1075\">\n<li data-start=\"815\" data-end=\"868\">\n<p data-start=\"817\" data-end=\"868\">Landing page con hasta <strong data-start=\"840\" data-end=\"865\">10 secciones internas<\/strong>.<\/p>\n<\/li>\n<li data-start=\"869\" data-end=\"937\">\n<p data-start=\"871\" data-end=\"937\"><strong data-start=\"871\" data-end=\"893\">Tienda WooCommerce<\/strong> con hasta <strong data-start=\"904\" data-end=\"922\">80 referencias<\/strong> de producto.<\/p>\n<\/li>\n<li data-start=\"938\" data-end=\"976\">\n<p data-start=\"940\" data-end=\"976\">Hosting b\u00e1sico incluido por 1 a\u00f1o.<\/p>\n<\/li>\n<li data-start=\"977\" data-end=\"1017\">\n<p data-start=\"979\" data-end=\"1017\">Dominio conectado y certificado SSL.<\/p>\n<\/li>\n<li data-start=\"1018\" data-end=\"1075\">\n<p data-start=\"1020\" data-end=\"1075\">Sistema de pagos integrado con <strong data-start=\"1051\" data-end=\"1074\">Wompi (Bancolombia)<\/strong>.<\/p>\n<\/li>\n<\/ul>\n<p data-start=\"1077\" data-end=\"1104\"><strong data-start=\"1077\" data-end=\"1104\">\ud83d\udce9 Correos Corporativos<\/strong><\/p>\n<ul data-start=\"1105\" data-end=\"1213\">\n<li data-start=\"1105\" data-end=\"1151\">\n<p data-start=\"1107\" data-end=\"1151\">15 cuentas profesionales (15 GB cada una).<\/p>\n<\/li>\n<li data-start=\"1152\" data-end=\"1213\">\n<p data-start=\"1154\" data-end=\"1213\">Integraci\u00f3n con dominio principal y soporte t\u00e9cnico b\u00e1sico.<\/p>\n<\/li>\n<\/ul>\n<p data-start=\"1215\" data-end=\"1248\"><strong data-start=\"1215\" data-end=\"1248\">\ud83d\udcac Comunicaci\u00f3n y Seguimiento<\/strong><\/p>\n<ul data-start=\"1249\" data-end=\"1341\">\n<li data-start=\"1249\" data-end=\"1341\">\n<p data-start=\"1251\" data-end=\"1341\">Chat en l\u00ednea <strong data-start=\"1265\" data-end=\"1276\">Tawk.to<\/strong> con seguimiento de visitas, historial y m\u00e9tricas en tiempo real.<\/p>\n<\/li>\n<\/ul>\n<p data-start=\"1343\" data-end=\"1366\"><strong data-start=\"1343\" data-end=\"1366\">\ud83c\udfa8 Identidad Visual<\/strong><\/p>\n<ul data-start=\"1367\" data-end=\"1452\">\n<li data-start=\"1367\" data-end=\"1452\">\n<p data-start=\"1369\" data-end=\"1452\">Creaci\u00f3n o animaci\u00f3n de logo en <strong data-start=\"1401\" data-end=\"1412\">Blender<\/strong> (versi\u00f3n animada y formato est\u00e1tico).<\/p>\n<\/li>\n<\/ul>\n<hr data-start=\"1454\" data-end=\"1457\" \/>\n<h4 data-start=\"1459\" data-end=\"1500\">\ud83d\udcc5 <strong data-start=\"1467\" data-end=\"1489\">Duraci\u00f3n del plan:<\/strong> 12 meses<\/h4>\n<h4 data-start=\"1501\" data-end=\"1541\">\ud83d\udcb0 <strong data-start=\"1509\" data-end=\"1526\">Pago inicial:<\/strong> $500.000 COP<\/h4>\n<h4 data-start=\"1542\" data-end=\"1588\">\ud83d\udcb3 <strong data-start=\"1550\" data-end=\"1574\">11 cuotas mensuales:<\/strong> $68.181 COP<\/h4>\n<p data-start=\"1589\" data-end=\"1622\"><strong data-start=\"1589\" data-end=\"1605\">Total anual:<\/strong> $1.250.000 COP<\/p>\n<hr data-start=\"1624\" data-end=\"1627\" \/>\n<p data-start=\"1629\" data-end=\"1773\">\ud83d\udd12 Soporte t\u00e9cnico b\u00e1sico incluido.<br data-start=\"1664\" data-end=\"1667\" \/>\ud83d\ude80 Ideal para emprendimientos, pymes o marcas que buscan digitalizaci\u00f3n completa con control financiero.<\/p>\n","protected":false},"excerpt":{"rendered":"<p>Optimiza tu marca con un sistema completo de marketing y presencia digital, dise\u00f1ado para ofrecer integraci\u00f3n, rendimiento y an\u00e1lisis profesional durante <strong data-start=\"406\" data-end=\"418\">12 meses<\/strong>.<\/p>\n","protected":false},"featured_media":1336,"template":"","meta":[],"product_brand":[],"product_cat":[17],"product_tag":[],"class_list":{"0":"post-1278","1":"product","2":"type-product","3":"status-publish","4":"has-post-thumbnail","6":"product_cat-suscripciones","8":"first","9":"instock","10":"shipping-taxable","11":"purchasable","12":"product-type-simple"},"_links":{"self":[{"href":"https:\/\/bam-digitalacademy.com\/index.php?rest_route=\/wp\/v2\/product\/1278","targetHints":{"allow":["GET"]}}],"collection":[{"href":"https:\/\/bam-digitalacademy.com\/index.php?rest_route=\/wp\/v2\/product"}],"about":[{"href":"https:\/\/bam-digitalacademy.com\/index.php?rest_route=\/wp\/v2\/types\/product"}],"wp:featuredmedia":[{"embeddable":true,"href":"https:\/\/bam-digitalacademy.com\/index.php?rest_route=\/wp\/v2\/media\/1336"}],"wp:attachment":[{"href":"https:\/\/bam-digitalacademy.com\/index.php?rest_route=%2Fwp%2Fv2%2Fmedia&parent=1278"}],"wp:term":[{"taxonomy":"product_brand","embeddable":true,"href":"https:\/\/bam-digitalacademy.com\/index.php?rest_route=%2Fwp%2Fv2%2Fproduct_brand&post=1278"},{"taxonomy":"product_cat","embeddable":true,"href":"https:\/\/bam-digitalacademy.com\/index.php?rest_route=%2Fwp%2Fv2%2Fproduct_cat&post=1278"},{"taxonomy":"product_tag","embeddable":true,"href":"https:\/\/bam-digitalacademy.com\/index.php?rest_route=%2Fwp%2Fv2%2Fproduct_tag&post=1278"}],"curies":[{"name":"wp","href":"https:\/\/api.w.org\/{rel}","templated":true}]}}