{"id":942,"date":"2025-09-05T00:34:59","date_gmt":"2025-09-04T22:34:59","guid":{"rendered":"https:\/\/bam-digitalacademy.com\/?product=tarjetas-brillo-uv-por-1-lado-1000-unds-cote-350gr"},"modified":"2025-11-10T14:40:59","modified_gmt":"2025-11-10T13:40:59","slug":"tarjetas-brillo-uv-por-1-lado-1000-unds-cote-350gr","status":"publish","type":"product","link":"https:\/\/bam-digitalacademy.com\/?product=tarjetas-brillo-uv-por-1-lado-1000-unds-cote-350gr","title":{"rendered":"Tarjetas Brillo UV por 1 Lado (1000 unds, Cote 350gr)"},"content":{"rendered":"<p data-start=\"198\" data-end=\"330\">Impresi\u00f3n de tarjetas de alta calidad con acabado brillante UV en un solo lado, ideales para presentaci\u00f3n de negocios o promociones.<\/p>\n<p data-start=\"332\" data-end=\"364\"><strong data-start=\"332\" data-end=\"364\">Caracter\u00edsticas principales:<\/strong><\/p>\n<ul data-start=\"365\" data-end=\"680\">\n<li data-start=\"365\" data-end=\"435\">\n<p data-start=\"367\" data-end=\"435\">Impresi\u00f3n a color con acabado brillante UV en un solo lado (frente).<\/p>\n<\/li>\n<li data-start=\"436\" data-end=\"527\">\n<p data-start=\"438\" data-end=\"527\">Papel Cote 350 gramos, ideal para tarjetas de presentaci\u00f3n resistentes y de alto impacto.<\/p>\n<\/li>\n<li data-start=\"528\" data-end=\"604\">\n<p data-start=\"530\" data-end=\"604\">Cantidad de 1000 unidades, para grandes tiradas o distribuci\u00f3n en eventos.<\/p>\n<\/li>\n<li data-start=\"605\" data-end=\"680\">\n<p data-start=\"607\" data-end=\"680\">Alta calidad de impresi\u00f3n, ideal para detalles finos y colores vibrantes.<\/p>\n<\/li>\n<\/ul>\n<p data-start=\"682\" data-end=\"697\"><strong data-start=\"682\" data-end=\"697\">Beneficios:<\/strong><\/p>\n<ul data-start=\"698\" data-end=\"921\">\n<li data-start=\"698\" data-end=\"779\">\n<p data-start=\"700\" data-end=\"779\">Perfectas para tarjetas de presentaci\u00f3n, invitaciones o promociones exclusivas.<\/p>\n<\/li>\n<li data-start=\"780\" data-end=\"846\">\n<p data-start=\"782\" data-end=\"846\">El acabado Brillo UV agrega un toque de elegancia y durabilidad.<\/p>\n<\/li>\n<li data-start=\"847\" data-end=\"921\">\n<p data-start=\"849\" data-end=\"921\">Gran cantidad a precio competitivo, ideal para empresas o emprendedores.<\/p>\n<\/li>\n<\/ul>\n","protected":false},"excerpt":{"rendered":"<p>Impresi\u00f3n de tarjetas de alta calidad con acabado brillante UV en un solo lado, ideales para presentaci\u00f3n de negocios o promociones. Caracter\u00edsticas principales: Impresi\u00f3n a color con acabado brillante UV en un solo lado (frente). Papel Cote 350 gramos, ideal para tarjetas de presentaci\u00f3n resistentes y de alto impacto. Cantidad de 1000 unidades, para grandes tiradas o distribuci\u00f3n en eventos. Alta calidad de impresi\u00f3n, ideal para detalles finos y colores vibrantes. Beneficios: Perfectas para tarjetas de presentaci\u00f3n, invitaciones o promociones exclusivas. El acabado Brillo UV agrega un toque de elegancia y durabilidad. Gran cantidad a precio competitivo, ideal para empresas o emprendedores.<\/p>\n","protected":false},"featured_media":1300,"template":"","meta":[],"product_brand":[],"product_cat":[23],"product_tag":[],"class_list":{"0":"post-942","1":"product","2":"type-product","3":"status-publish","4":"has-post-thumbnail","6":"product_cat-impresos-por-millar","8":"first","9":"instock","10":"shipping-taxable","11":"purchasable","12":"product-type-simple"},"_links":{"self":[{"href":"https:\/\/bam-digitalacademy.com\/index.php?rest_route=\/wp\/v2\/product\/942","targetHints":{"allow":["GET"]}}],"collection":[{"href":"https:\/\/bam-digitalacademy.com\/index.php?rest_route=\/wp\/v2\/product"}],"about":[{"href":"https:\/\/bam-digitalacademy.com\/index.php?rest_route=\/wp\/v2\/types\/product"}],"wp:featuredmedia":[{"embeddable":true,"href":"https:\/\/bam-digitalacademy.com\/index.php?rest_route=\/wp\/v2\/media\/1300"}],"wp:attachment":[{"href":"https:\/\/bam-digitalacademy.com\/index.php?rest_route=%2Fwp%2Fv2%2Fmedia&parent=942"}],"wp:term":[{"taxonomy":"product_brand","embeddable":true,"href":"https:\/\/bam-digitalacademy.com\/index.php?rest_route=%2Fwp%2Fv2%2Fproduct_brand&post=942"},{"taxonomy":"product_cat","embeddable":true,"href":"https:\/\/bam-digitalacademy.com\/index.php?rest_route=%2Fwp%2Fv2%2Fproduct_cat&post=942"},{"taxonomy":"product_tag","embeddable":true,"href":"https:\/\/bam-digitalacademy.com\/index.php?rest_route=%2Fwp%2Fv2%2Fproduct_tag&post=942"}],"curies":[{"name":"wp","href":"https:\/\/api.w.org\/{rel}","templated":true}]}}