{"id":943,"date":"2025-09-05T00:34:59","date_gmt":"2025-09-04T22:34:59","guid":{"rendered":"https:\/\/bam-digitalacademy.com\/?product=tarjetas-brillo-uv-por-2-lados-1000-unds-cote-350gr"},"modified":"2025-11-10T14:41:00","modified_gmt":"2025-11-10T13:41:00","slug":"tarjetas-brillo-uv-por-2-lados-1000-unds-cote-350gr","status":"publish","type":"product","link":"https:\/\/bam-digitalacademy.com\/?product=tarjetas-brillo-uv-por-2-lados-1000-unds-cote-350gr","title":{"rendered":"Tarjetas Brillo UV por 2 Lados (1000 unds, Cote 350gr)"},"content":{"rendered":"<p data-start=\"200\" data-end=\"329\">Impresi\u00f3n de tarjetas de alta calidad con acabado brillante UV en ambos lados, ideal para una presentaci\u00f3n impactante y duradera.<\/p>\n<p data-start=\"331\" data-end=\"363\"><strong data-start=\"331\" data-end=\"363\">Caracter\u00edsticas principales:<\/strong><\/p>\n<ul data-start=\"364\" data-end=\"727\">\n<li data-start=\"364\" data-end=\"466\">\n<p data-start=\"366\" data-end=\"466\">Impresi\u00f3n a color en ambos lados (4&#215;4), con acabado brillante UV que resalta los colores y detalles.<\/p>\n<\/li>\n<li data-start=\"467\" data-end=\"555\">\n<p data-start=\"469\" data-end=\"555\">Papel Cote 350 gramos, ideal para tarjetas firmes, duraderas y de alto impacto visual.<\/p>\n<\/li>\n<li data-start=\"556\" data-end=\"651\">\n<p data-start=\"558\" data-end=\"651\">Cantidad de 1000 unidades, perfectas para empresas que necesitan impresiones en gran volumen.<\/p>\n<\/li>\n<li data-start=\"652\" data-end=\"727\">\n<p data-start=\"654\" data-end=\"727\">El acabado UV ofrece un toque premium, con mayor resistencia al desgaste.<\/p>\n<\/li>\n<\/ul>\n<p data-start=\"729\" data-end=\"744\"><strong data-start=\"729\" data-end=\"744\">Beneficios:<\/strong><\/p>\n<ul data-start=\"745\" data-end=\"982\">\n<li data-start=\"745\" data-end=\"825\">\n<p data-start=\"747\" data-end=\"825\">Ideal para tarjetas de presentaci\u00f3n, invitaciones o promociones de alto nivel.<\/p>\n<\/li>\n<li data-start=\"826\" data-end=\"897\">\n<p data-start=\"828\" data-end=\"897\">El acabado Brillo UV proporciona una apariencia llamativa y elegante.<\/p>\n<\/li>\n<li data-start=\"898\" data-end=\"982\">\n<p data-start=\"900\" data-end=\"982\">Alta durabilidad y profesionalismo en cada tarjeta, destacando tu marca o mensaje.<\/p>\n<\/li>\n<\/ul>\n","protected":false},"excerpt":{"rendered":"<p>Impresi\u00f3n de tarjetas de alta calidad con acabado brillante UV en ambos lados, ideal para una presentaci\u00f3n impactante y duradera. Caracter\u00edsticas principales: Impresi\u00f3n a color en ambos lados (4&#215;4), con acabado brillante UV que resalta los colores y detalles. Papel Cote 350 gramos, ideal para tarjetas firmes, duraderas y de alto impacto visual. Cantidad de 1000 unidades, perfectas para empresas que necesitan impresiones en gran volumen. El acabado UV ofrece un toque premium, con mayor resistencia al desgaste. Beneficios: Ideal para tarjetas de presentaci\u00f3n, invitaciones o promociones de alto nivel. El acabado Brillo UV proporciona una apariencia llamativa y elegante. Alta durabilidad y profesionalismo en cada tarjeta, destacando tu marca o mensaje.<\/p>\n","protected":false},"featured_media":1300,"template":"","meta":[],"product_brand":[],"product_cat":[23],"product_tag":[],"class_list":{"0":"post-943","1":"product","2":"type-product","3":"status-publish","4":"has-post-thumbnail","6":"product_cat-impresos-por-millar","8":"first","9":"instock","10":"shipping-taxable","11":"purchasable","12":"product-type-simple"},"_links":{"self":[{"href":"https:\/\/bam-digitalacademy.com\/index.php?rest_route=\/wp\/v2\/product\/943","targetHints":{"allow":["GET"]}}],"collection":[{"href":"https:\/\/bam-digitalacademy.com\/index.php?rest_route=\/wp\/v2\/product"}],"about":[{"href":"https:\/\/bam-digitalacademy.com\/index.php?rest_route=\/wp\/v2\/types\/product"}],"wp:featuredmedia":[{"embeddable":true,"href":"https:\/\/bam-digitalacademy.com\/index.php?rest_route=\/wp\/v2\/media\/1300"}],"wp:attachment":[{"href":"https:\/\/bam-digitalacademy.com\/index.php?rest_route=%2Fwp%2Fv2%2Fmedia&parent=943"}],"wp:term":[{"taxonomy":"product_brand","embeddable":true,"href":"https:\/\/bam-digitalacademy.com\/index.php?rest_route=%2Fwp%2Fv2%2Fproduct_brand&post=943"},{"taxonomy":"product_cat","embeddable":true,"href":"https:\/\/bam-digitalacademy.com\/index.php?rest_route=%2Fwp%2Fv2%2Fproduct_cat&post=943"},{"taxonomy":"product_tag","embeddable":true,"href":"https:\/\/bam-digitalacademy.com\/index.php?rest_route=%2Fwp%2Fv2%2Fproduct_tag&post=943"}],"curies":[{"name":"wp","href":"https:\/\/api.w.org\/{rel}","templated":true}]}}