{"id":944,"date":"2025-09-05T00:35:00","date_gmt":"2025-09-04T22:35:00","guid":{"rendered":"https:\/\/bam-digitalacademy.com\/?product=tarjetas-brillo-uv-y-troqueladas-1000-unds-cote-350gr"},"modified":"2025-11-10T14:41:00","modified_gmt":"2025-11-10T13:41:00","slug":"tarjetas-brillo-uv-y-troqueladas-1000-unds-cote-350gr","status":"publish","type":"product","link":"https:\/\/bam-digitalacademy.com\/?product=tarjetas-brillo-uv-y-troqueladas-1000-unds-cote-350gr","title":{"rendered":"Tarjetas Brillo UV y Troqueladas (1000 unds, Cote 350gr)"},"content":{"rendered":"<p data-start=\"208\" data-end=\"323\">Tarjetas personalizadas con acabado brillante UV y corte troquelado, ideales para una presentaci\u00f3n premium y \u00fanica.<\/p>\n<p data-start=\"325\" data-end=\"357\"><strong data-start=\"325\" data-end=\"357\">Caracter\u00edsticas principales:<\/strong><\/p>\n<ul data-start=\"358\" data-end=\"719\">\n<li data-start=\"358\" data-end=\"448\">\n<p data-start=\"360\" data-end=\"448\">Impresi\u00f3n a color con acabado brillante UV en el frente, que resalta colores y detalles.<\/p>\n<\/li>\n<li data-start=\"449\" data-end=\"537\">\n<p data-start=\"451\" data-end=\"537\">Corte troquelado que da forma personalizada a las tarjetas, destac\u00e1ndolas visualmente.<\/p>\n<\/li>\n<li data-start=\"538\" data-end=\"597\">\n<p data-start=\"540\" data-end=\"597\">Papel Cote 350 gramos, de alta calidad, firme y duradero.<\/p>\n<\/li>\n<li data-start=\"598\" data-end=\"719\">\n<p data-start=\"600\" data-end=\"719\">Paquete de 1000 unidades, perfecto para empresas o eventos que requieren una gran cantidad de tarjetas de alta calidad.<\/p>\n<\/li>\n<\/ul>\n<p data-start=\"721\" data-end=\"736\"><strong data-start=\"721\" data-end=\"736\">Beneficios:<\/strong><\/p>\n<ul data-start=\"737\" data-end=\"989\">\n<li data-start=\"737\" data-end=\"816\">\n<p data-start=\"739\" data-end=\"816\">El acabado Brillo UV proporciona un toque profesional, elegante y resistente.<\/p>\n<\/li>\n<li data-start=\"817\" data-end=\"891\">\n<p data-start=\"819\" data-end=\"891\">Corte troquelado que hace que las tarjetas sean m\u00e1s atractivas y \u00fanicas.<\/p>\n<\/li>\n<li data-start=\"892\" data-end=\"989\">\n<p data-start=\"894\" data-end=\"989\">Ideal para tarjetas de presentaci\u00f3n, invitaciones, promociones exclusivas o eventos especiales.<\/p>\n<\/li>\n<\/ul>\n","protected":false},"excerpt":{"rendered":"<p>Tarjetas personalizadas con acabado brillante UV y corte troquelado, ideales para una presentaci\u00f3n premium y \u00fanica. Caracter\u00edsticas principales: Impresi\u00f3n a color con acabado brillante UV en el frente, que resalta colores y detalles. Corte troquelado que da forma personalizada a las tarjetas, destac\u00e1ndolas visualmente. Papel Cote 350 gramos, de alta calidad, firme y duradero. Paquete de 1000 unidades, perfecto para empresas o eventos que requieren una gran cantidad de tarjetas de alta calidad. Beneficios: El acabado Brillo UV proporciona un toque profesional, elegante y resistente. Corte troquelado que hace que las tarjetas sean m\u00e1s atractivas y \u00fanicas. Ideal para tarjetas de presentaci\u00f3n, invitaciones, promociones exclusivas o eventos especiales.<\/p>\n","protected":false},"featured_media":1300,"template":"","meta":[],"product_brand":[],"product_cat":[23],"product_tag":[],"class_list":{"0":"post-944","1":"product","2":"type-product","3":"status-publish","4":"has-post-thumbnail","6":"product_cat-impresos-por-millar","8":"first","9":"instock","10":"shipping-taxable","11":"purchasable","12":"product-type-simple"},"_links":{"self":[{"href":"https:\/\/bam-digitalacademy.com\/index.php?rest_route=\/wp\/v2\/product\/944","targetHints":{"allow":["GET"]}}],"collection":[{"href":"https:\/\/bam-digitalacademy.com\/index.php?rest_route=\/wp\/v2\/product"}],"about":[{"href":"https:\/\/bam-digitalacademy.com\/index.php?rest_route=\/wp\/v2\/types\/product"}],"wp:featuredmedia":[{"embeddable":true,"href":"https:\/\/bam-digitalacademy.com\/index.php?rest_route=\/wp\/v2\/media\/1300"}],"wp:attachment":[{"href":"https:\/\/bam-digitalacademy.com\/index.php?rest_route=%2Fwp%2Fv2%2Fmedia&parent=944"}],"wp:term":[{"taxonomy":"product_brand","embeddable":true,"href":"https:\/\/bam-digitalacademy.com\/index.php?rest_route=%2Fwp%2Fv2%2Fproduct_brand&post=944"},{"taxonomy":"product_cat","embeddable":true,"href":"https:\/\/bam-digitalacademy.com\/index.php?rest_route=%2Fwp%2Fv2%2Fproduct_cat&post=944"},{"taxonomy":"product_tag","embeddable":true,"href":"https:\/\/bam-digitalacademy.com\/index.php?rest_route=%2Fwp%2Fv2%2Fproduct_tag&post=944"}],"curies":[{"name":"wp","href":"https:\/\/api.w.org\/{rel}","templated":true}]}}