{"id":945,"date":"2025-09-05T00:35:00","date_gmt":"2025-09-04T22:35:00","guid":{"rendered":"https:\/\/bam-digitalacademy.com\/?product=tarjetas-mate-y-reserva-1-lado-1000-unds-cote-350gr"},"modified":"2025-11-10T14:41:00","modified_gmt":"2025-11-10T13:41:00","slug":"tarjetas-mate-y-reserva-1-lado-1000-unds-cote-350gr","status":"publish","type":"product","link":"https:\/\/bam-digitalacademy.com\/?product=tarjetas-mate-y-reserva-1-lado-1000-unds-cote-350gr","title":{"rendered":"Tarjetas Mate y Reserva 1 Lado (1000 unds, Cote 350gr)"},"content":{"rendered":"<p data-start=\"204\" data-end=\"350\">Impresi\u00f3n de tarjetas de alta calidad con acabado mate en el frente y reserva en el reverso, ideales para una presentaci\u00f3n profesional y elegante.<\/p>\n<p data-start=\"352\" data-end=\"384\"><strong data-start=\"352\" data-end=\"384\">Caracter\u00edsticas principales:<\/strong><\/p>\n<ul data-start=\"385\" data-end=\"756\">\n<li data-start=\"385\" data-end=\"499\">\n<p data-start=\"387\" data-end=\"499\">Impresi\u00f3n a color en el anverso (frente) con acabado mate, y reverso en blanco para personalizaci\u00f3n o escritura.<\/p>\n<\/li>\n<li data-start=\"500\" data-end=\"570\">\n<p data-start=\"502\" data-end=\"570\">Papel Cote 350 gramos, ideal para tarjetas firmes y de alta calidad.<\/p>\n<\/li>\n<li data-start=\"571\" data-end=\"673\">\n<p data-start=\"573\" data-end=\"673\">Cantidad de 1000 unidades, perfecto para negocios o eventos con grandes necesidades de distribuci\u00f3n.<\/p>\n<\/li>\n<li data-start=\"674\" data-end=\"756\">\n<p data-start=\"676\" data-end=\"756\">Acabado mate que proporciona una textura suave y profesional, libre de reflejos.<\/p>\n<\/li>\n<\/ul>\n<p data-start=\"758\" data-end=\"773\"><strong data-start=\"758\" data-end=\"773\">Beneficios:<\/strong><\/p>\n<ul data-start=\"774\" data-end=\"1032\">\n<li data-start=\"774\" data-end=\"875\">\n<p data-start=\"776\" data-end=\"875\">Ideal para tarjetas de presentaci\u00f3n, invitaciones o promociones que requieren un toque profesional.<\/p>\n<\/li>\n<li data-start=\"876\" data-end=\"949\">\n<p data-start=\"878\" data-end=\"949\">Acabado mate que ofrece elegancia y evita marcas de huellas dactilares.<\/p>\n<\/li>\n<li data-start=\"950\" data-end=\"1032\">\n<p data-start=\"952\" data-end=\"1032\">El reverso en blanco permite escribir o personalizar las tarjetas con facilidad.<\/p>\n<\/li>\n<\/ul>\n","protected":false},"excerpt":{"rendered":"<p>Impresi\u00f3n de tarjetas de alta calidad con acabado mate en el frente y reserva en el reverso, ideales para una presentaci\u00f3n profesional y elegante. Caracter\u00edsticas principales: Impresi\u00f3n a color en el anverso (frente) con acabado mate, y reverso en blanco para personalizaci\u00f3n o escritura. Papel Cote 350 gramos, ideal para tarjetas firmes y de alta calidad. Cantidad de 1000 unidades, perfecto para negocios o eventos con grandes necesidades de distribuci\u00f3n. Acabado mate que proporciona una textura suave y profesional, libre de reflejos. Beneficios: Ideal para tarjetas de presentaci\u00f3n, invitaciones o promociones que requieren un toque profesional. Acabado mate que ofrece elegancia y evita marcas de huellas dactilares. El reverso en blanco permite escribir o personalizar las tarjetas con facilidad.<\/p>\n","protected":false},"featured_media":1300,"template":"","meta":[],"product_brand":[],"product_cat":[23],"product_tag":[],"class_list":{"0":"post-945","1":"product","2":"type-product","3":"status-publish","4":"has-post-thumbnail","6":"product_cat-impresos-por-millar","8":"first","9":"instock","10":"shipping-taxable","11":"purchasable","12":"product-type-simple"},"_links":{"self":[{"href":"https:\/\/bam-digitalacademy.com\/index.php?rest_route=\/wp\/v2\/product\/945","targetHints":{"allow":["GET"]}}],"collection":[{"href":"https:\/\/bam-digitalacademy.com\/index.php?rest_route=\/wp\/v2\/product"}],"about":[{"href":"https:\/\/bam-digitalacademy.com\/index.php?rest_route=\/wp\/v2\/types\/product"}],"wp:featuredmedia":[{"embeddable":true,"href":"https:\/\/bam-digitalacademy.com\/index.php?rest_route=\/wp\/v2\/media\/1300"}],"wp:attachment":[{"href":"https:\/\/bam-digitalacademy.com\/index.php?rest_route=%2Fwp%2Fv2%2Fmedia&parent=945"}],"wp:term":[{"taxonomy":"product_brand","embeddable":true,"href":"https:\/\/bam-digitalacademy.com\/index.php?rest_route=%2Fwp%2Fv2%2Fproduct_brand&post=945"},{"taxonomy":"product_cat","embeddable":true,"href":"https:\/\/bam-digitalacademy.com\/index.php?rest_route=%2Fwp%2Fv2%2Fproduct_cat&post=945"},{"taxonomy":"product_tag","embeddable":true,"href":"https:\/\/bam-digitalacademy.com\/index.php?rest_route=%2Fwp%2Fv2%2Fproduct_tag&post=945"}],"curies":[{"name":"wp","href":"https:\/\/api.w.org\/{rel}","templated":true}]}}