{"id":946,"date":"2025-09-05T00:35:00","date_gmt":"2025-09-04T22:35:00","guid":{"rendered":"https:\/\/bam-digitalacademy.com\/?product=tarjetas-mate-y-reserva-2-lados-1000-unds-cote-350gr"},"modified":"2025-11-10T14:41:00","modified_gmt":"2025-11-10T13:41:00","slug":"tarjetas-mate-y-reserva-2-lados-1000-unds-cote-350gr","status":"publish","type":"product","link":"https:\/\/bam-digitalacademy.com\/?product=tarjetas-mate-y-reserva-2-lados-1000-unds-cote-350gr","title":{"rendered":"Tarjetas Mate y Reserva 2 Lados (1000 unds, Cote 350gr)"},"content":{"rendered":"<p data-start=\"206\" data-end=\"387\">Impresi\u00f3n de tarjetas de alta calidad con acabado mate en ambos lados y reserva para personalizaci\u00f3n o escritura en el reverso, ideales para una presentaci\u00f3n elegante y profesional.<\/p>\n<p data-start=\"389\" data-end=\"421\"><strong data-start=\"389\" data-end=\"421\">Caracter\u00edsticas principales:<\/strong><\/p>\n<ul data-start=\"422\" data-end=\"813\">\n<li data-start=\"422\" data-end=\"534\">\n<p data-start=\"424\" data-end=\"534\">Impresi\u00f3n a color en ambos lados (4&#215;4) con acabado mate, proporcionando un aspecto sofisticado y sin reflejos.<\/p>\n<\/li>\n<li data-start=\"535\" data-end=\"623\">\n<p data-start=\"537\" data-end=\"623\">Papel Cote 350 gramos, resistente y de alta calidad, perfecto para tarjetas duraderas.<\/p>\n<\/li>\n<li data-start=\"624\" data-end=\"726\">\n<p data-start=\"626\" data-end=\"726\">Cantidad de 1000 unidades, ideal para empresas o eventos que requieren distribuci\u00f3n en gran volumen.<\/p>\n<\/li>\n<li data-start=\"727\" data-end=\"813\">\n<p data-start=\"729\" data-end=\"813\">El reverso en blanco permite escribir o personalizar cada tarjeta seg\u00fan se necesite.<\/p>\n<\/li>\n<\/ul>\n<p data-start=\"815\" data-end=\"830\"><strong data-start=\"815\" data-end=\"830\">Beneficios:<\/strong><\/p>\n<ul data-start=\"831\" data-end=\"1065\">\n<li data-start=\"831\" data-end=\"908\">\n<p data-start=\"833\" data-end=\"908\">Ideal para tarjetas de presentaci\u00f3n, invitaciones o promociones exclusivas.<\/p>\n<\/li>\n<li data-start=\"909\" data-end=\"989\">\n<p data-start=\"911\" data-end=\"989\">Acabado mate que da un toque elegante y permite f\u00e1cil escritura en el reverso.<\/p>\n<\/li>\n<li data-start=\"990\" data-end=\"1065\">\n<p data-start=\"992\" data-end=\"1065\">Alta durabilidad y apariencia profesional, destacando tu marca o mensaje.<\/p>\n<\/li>\n<\/ul>\n","protected":false},"excerpt":{"rendered":"<p>Impresi\u00f3n de tarjetas de alta calidad con acabado mate en ambos lados y reserva para personalizaci\u00f3n o escritura en el reverso, ideales para una presentaci\u00f3n elegante y profesional. Caracter\u00edsticas principales: Impresi\u00f3n a color en ambos lados (4&#215;4) con acabado mate, proporcionando un aspecto sofisticado y sin reflejos. Papel Cote 350 gramos, resistente y de alta calidad, perfecto para tarjetas duraderas. Cantidad de 1000 unidades, ideal para empresas o eventos que requieren distribuci\u00f3n en gran volumen. El reverso en blanco permite escribir o personalizar cada tarjeta seg\u00fan se necesite. Beneficios: Ideal para tarjetas de presentaci\u00f3n, invitaciones o promociones exclusivas. Acabado mate que da un toque elegante y permite f\u00e1cil escritura en el reverso. Alta durabilidad y apariencia profesional, destacando tu marca o mensaje.<\/p>\n","protected":false},"featured_media":1300,"template":"","meta":[],"product_brand":[],"product_cat":[23],"product_tag":[],"class_list":{"0":"post-946","1":"product","2":"type-product","3":"status-publish","4":"has-post-thumbnail","6":"product_cat-impresos-por-millar","8":"first","9":"instock","10":"shipping-taxable","11":"purchasable","12":"product-type-simple"},"_links":{"self":[{"href":"https:\/\/bam-digitalacademy.com\/index.php?rest_route=\/wp\/v2\/product\/946","targetHints":{"allow":["GET"]}}],"collection":[{"href":"https:\/\/bam-digitalacademy.com\/index.php?rest_route=\/wp\/v2\/product"}],"about":[{"href":"https:\/\/bam-digitalacademy.com\/index.php?rest_route=\/wp\/v2\/types\/product"}],"wp:featuredmedia":[{"embeddable":true,"href":"https:\/\/bam-digitalacademy.com\/index.php?rest_route=\/wp\/v2\/media\/1300"}],"wp:attachment":[{"href":"https:\/\/bam-digitalacademy.com\/index.php?rest_route=%2Fwp%2Fv2%2Fmedia&parent=946"}],"wp:term":[{"taxonomy":"product_brand","embeddable":true,"href":"https:\/\/bam-digitalacademy.com\/index.php?rest_route=%2Fwp%2Fv2%2Fproduct_brand&post=946"},{"taxonomy":"product_cat","embeddable":true,"href":"https:\/\/bam-digitalacademy.com\/index.php?rest_route=%2Fwp%2Fv2%2Fproduct_cat&post=946"},{"taxonomy":"product_tag","embeddable":true,"href":"https:\/\/bam-digitalacademy.com\/index.php?rest_route=%2Fwp%2Fv2%2Fproduct_tag&post=946"}],"curies":[{"name":"wp","href":"https:\/\/api.w.org\/{rel}","templated":true}]}}