{"id":947,"date":"2025-09-05T00:35:00","date_gmt":"2025-09-04T22:35:00","guid":{"rendered":"https:\/\/bam-digitalacademy.com\/?product=tarjetas-mate-y-reserva-troqueladas-1000-unds-cote-350gr"},"modified":"2025-11-10T14:41:00","modified_gmt":"2025-11-10T13:41:00","slug":"tarjetas-mate-y-reserva-troqueladas-1000-unds-cote-350gr","status":"publish","type":"product","link":"https:\/\/bam-digitalacademy.com\/?product=tarjetas-mate-y-reserva-troqueladas-1000-unds-cote-350gr","title":{"rendered":"Tarjetas Mate y Reserva Troqueladas (1000 unds, Cote 350gr)"},"content":{"rendered":"<p data-start=\"214\" data-end=\"367\">Tarjetas personalizadas con acabado mate, corte troquelado y reverso en blanco para personalizaci\u00f3n o escritura, ideales para una presentaci\u00f3n exclusiva.<\/p>\n<p data-start=\"369\" data-end=\"401\"><strong data-start=\"369\" data-end=\"401\">Caracter\u00edsticas principales:<\/strong><\/p>\n<ul data-start=\"402\" data-end=\"803\">\n<li data-start=\"402\" data-end=\"495\">\n<p data-start=\"404\" data-end=\"495\">Impresi\u00f3n a color con acabado mate en el frente, que proporciona un tacto suave y elegante.<\/p>\n<\/li>\n<li data-start=\"496\" data-end=\"592\">\n<p data-start=\"498\" data-end=\"592\">Corte troquelado que le da una forma personalizada y \u00fanica, destacando visualmente la tarjeta.<\/p>\n<\/li>\n<li data-start=\"593\" data-end=\"666\">\n<p data-start=\"595\" data-end=\"666\">Reverso en blanco para facilitar la personalizaci\u00f3n o escritura a mano.<\/p>\n<\/li>\n<li data-start=\"667\" data-end=\"731\">\n<p data-start=\"669\" data-end=\"731\">Papel Cote 350 gramos, de alta calidad, resistente y duradero.<\/p>\n<\/li>\n<li data-start=\"732\" data-end=\"803\">\n<p data-start=\"734\" data-end=\"803\">Paquete de 1000 unidades, ideal para empresas, eventos o promociones.<\/p>\n<\/li>\n<\/ul>\n<p data-start=\"805\" data-end=\"820\"><strong data-start=\"805\" data-end=\"820\">Beneficios:<\/strong><\/p>\n<ul data-start=\"821\" data-end=\"1173\">\n<li data-start=\"821\" data-end=\"899\">\n<p data-start=\"823\" data-end=\"899\">El acabado mate proporciona una apariencia sofisticada y evita los reflejos.<\/p>\n<\/li>\n<li data-start=\"900\" data-end=\"985\">\n<p data-start=\"902\" data-end=\"985\">El corte troquelado agrega un toque de distinci\u00f3n, perfecto para dise\u00f1os creativos.<\/p>\n<\/li>\n<li data-start=\"986\" data-end=\"1071\">\n<p data-start=\"988\" data-end=\"1071\">El reverso en blanco permite escribir o agregar detalles personalizados f\u00e1cilmente.<\/p>\n<\/li>\n<li data-start=\"1072\" data-end=\"1173\">\n<p data-start=\"1074\" data-end=\"1173\">Alta durabilidad y profesionalismo en cada tarjeta, ideal para presentaciones o eventos exclusivos.<\/p>\n<\/li>\n<\/ul>\n","protected":false},"excerpt":{"rendered":"<p>Tarjetas personalizadas con acabado mate, corte troquelado y reverso en blanco para personalizaci\u00f3n o escritura, ideales para una presentaci\u00f3n exclusiva. Caracter\u00edsticas principales: Impresi\u00f3n a color con acabado mate en el frente, que proporciona un tacto suave y elegante. Corte troquelado que le da una forma personalizada y \u00fanica, destacando visualmente la tarjeta. Reverso en blanco para facilitar la personalizaci\u00f3n o escritura a mano. Papel Cote 350 gramos, de alta calidad, resistente y duradero. Paquete de 1000 unidades, ideal para empresas, eventos o promociones. Beneficios: El acabado mate proporciona una apariencia sofisticada y evita los reflejos. El corte troquelado agrega un toque de distinci\u00f3n, perfecto para dise\u00f1os creativos. El reverso en blanco permite escribir o agregar detalles personalizados f\u00e1cilmente. Alta durabilidad y profesionalismo en cada tarjeta, ideal para presentaciones o eventos exclusivos.<\/p>\n","protected":false},"featured_media":1300,"template":"","meta":[],"product_brand":[],"product_cat":[23],"product_tag":[],"class_list":{"0":"post-947","1":"product","2":"type-product","3":"status-publish","4":"has-post-thumbnail","6":"product_cat-impresos-por-millar","8":"first","9":"instock","10":"shipping-taxable","11":"purchasable","12":"product-type-simple"},"_links":{"self":[{"href":"https:\/\/bam-digitalacademy.com\/index.php?rest_route=\/wp\/v2\/product\/947","targetHints":{"allow":["GET"]}}],"collection":[{"href":"https:\/\/bam-digitalacademy.com\/index.php?rest_route=\/wp\/v2\/product"}],"about":[{"href":"https:\/\/bam-digitalacademy.com\/index.php?rest_route=\/wp\/v2\/types\/product"}],"wp:featuredmedia":[{"embeddable":true,"href":"https:\/\/bam-digitalacademy.com\/index.php?rest_route=\/wp\/v2\/media\/1300"}],"wp:attachment":[{"href":"https:\/\/bam-digitalacademy.com\/index.php?rest_route=%2Fwp%2Fv2%2Fmedia&parent=947"}],"wp:term":[{"taxonomy":"product_brand","embeddable":true,"href":"https:\/\/bam-digitalacademy.com\/index.php?rest_route=%2Fwp%2Fv2%2Fproduct_brand&post=947"},{"taxonomy":"product_cat","embeddable":true,"href":"https:\/\/bam-digitalacademy.com\/index.php?rest_route=%2Fwp%2Fv2%2Fproduct_cat&post=947"},{"taxonomy":"product_tag","embeddable":true,"href":"https:\/\/bam-digitalacademy.com\/index.php?rest_route=%2Fwp%2Fv2%2Fproduct_tag&post=947"}],"curies":[{"name":"wp","href":"https:\/\/api.w.org\/{rel}","templated":true}]}}