{"id":949,"date":"2025-09-05T00:35:00","date_gmt":"2025-09-04T22:35:00","guid":{"rendered":"https:\/\/bam-digitalacademy.com\/?product=tarjetas-mate-y-troqueladas-1000-unds-cote-350gr"},"modified":"2025-11-10T14:41:00","modified_gmt":"2025-11-10T13:41:00","slug":"tarjetas-mate-y-troqueladas-1000-unds-cote-350gr","status":"publish","type":"product","link":"https:\/\/bam-digitalacademy.com\/?product=tarjetas-mate-y-troqueladas-1000-unds-cote-350gr","title":{"rendered":"Tarjetas Mate y Troqueladas (1000 unds, Cote 350gr)"},"content":{"rendered":"<p data-start=\"198\" data-end=\"313\">Tarjetas personalizadas con acabado mate y corte troquelado, ideales para una presentaci\u00f3n exclusiva y profesional.<\/p>\n<p data-start=\"315\" data-end=\"347\"><strong data-start=\"315\" data-end=\"347\">Caracter\u00edsticas principales:<\/strong><\/p>\n<ul data-start=\"348\" data-end=\"728\">\n<li data-start=\"348\" data-end=\"430\">\n<p data-start=\"350\" data-end=\"430\">Impresi\u00f3n a color con acabado mate, que proporciona un acabado suave y elegante.<\/p>\n<\/li>\n<li data-start=\"431\" data-end=\"527\">\n<p data-start=\"433\" data-end=\"527\">Corte troquelado que le da una forma personalizada y \u00fanica, destacando la tarjeta visualmente.<\/p>\n<\/li>\n<li data-start=\"528\" data-end=\"610\">\n<p data-start=\"530\" data-end=\"610\">Papel Cote 350 gramos, resistente y de alta calidad para garantizar durabilidad.<\/p>\n<\/li>\n<li data-start=\"611\" data-end=\"728\">\n<p data-start=\"613\" data-end=\"728\">Paquete de 1000 unidades, ideal para negocios o eventos que requieren una gran cantidad de tarjetas personalizadas.<\/p>\n<\/li>\n<\/ul>\n<p data-start=\"730\" data-end=\"745\"><strong data-start=\"730\" data-end=\"745\">Beneficios:<\/strong><\/p>\n<ul data-start=\"746\" data-end=\"1060\">\n<li data-start=\"746\" data-end=\"845\">\n<p data-start=\"748\" data-end=\"845\">El acabado mate ofrece una apariencia sofisticada, sin reflejos, ideal para escribir sobre ellas.<\/p>\n<\/li>\n<li data-start=\"846\" data-end=\"946\">\n<p data-start=\"848\" data-end=\"946\">El corte troquelado da un toque de distinci\u00f3n, permitiendo dise\u00f1os m\u00e1s creativos y personalizados.<\/p>\n<\/li>\n<li data-start=\"947\" data-end=\"1060\">\n<p data-start=\"949\" data-end=\"1060\">Alta durabilidad y resistencia, perfectas para tarjetas de presentaci\u00f3n, invitaciones o promociones exclusivas.<\/p>\n<\/li>\n<\/ul>\n","protected":false},"excerpt":{"rendered":"<p>Tarjetas personalizadas con acabado mate y corte troquelado, ideales para una presentaci\u00f3n exclusiva y profesional. Caracter\u00edsticas principales: Impresi\u00f3n a color con acabado mate, que proporciona un acabado suave y elegante. Corte troquelado que le da una forma personalizada y \u00fanica, destacando la tarjeta visualmente. Papel Cote 350 gramos, resistente y de alta calidad para garantizar durabilidad. Paquete de 1000 unidades, ideal para negocios o eventos que requieren una gran cantidad de tarjetas personalizadas. Beneficios: El acabado mate ofrece una apariencia sofisticada, sin reflejos, ideal para escribir sobre ellas. El corte troquelado da un toque de distinci\u00f3n, permitiendo dise\u00f1os m\u00e1s creativos y personalizados. Alta durabilidad y resistencia, perfectas para tarjetas de presentaci\u00f3n, invitaciones o promociones exclusivas.<\/p>\n","protected":false},"featured_media":1300,"template":"","meta":[],"product_brand":[],"product_cat":[23],"product_tag":[],"class_list":{"0":"post-949","1":"product","2":"type-product","3":"status-publish","4":"has-post-thumbnail","6":"product_cat-impresos-por-millar","8":"first","9":"instock","10":"shipping-taxable","11":"purchasable","12":"product-type-simple"},"_links":{"self":[{"href":"https:\/\/bam-digitalacademy.com\/index.php?rest_route=\/wp\/v2\/product\/949","targetHints":{"allow":["GET"]}}],"collection":[{"href":"https:\/\/bam-digitalacademy.com\/index.php?rest_route=\/wp\/v2\/product"}],"about":[{"href":"https:\/\/bam-digitalacademy.com\/index.php?rest_route=\/wp\/v2\/types\/product"}],"wp:featuredmedia":[{"embeddable":true,"href":"https:\/\/bam-digitalacademy.com\/index.php?rest_route=\/wp\/v2\/media\/1300"}],"wp:attachment":[{"href":"https:\/\/bam-digitalacademy.com\/index.php?rest_route=%2Fwp%2Fv2%2Fmedia&parent=949"}],"wp:term":[{"taxonomy":"product_brand","embeddable":true,"href":"https:\/\/bam-digitalacademy.com\/index.php?rest_route=%2Fwp%2Fv2%2Fproduct_brand&post=949"},{"taxonomy":"product_cat","embeddable":true,"href":"https:\/\/bam-digitalacademy.com\/index.php?rest_route=%2Fwp%2Fv2%2Fproduct_cat&post=949"},{"taxonomy":"product_tag","embeddable":true,"href":"https:\/\/bam-digitalacademy.com\/index.php?rest_route=%2Fwp%2Fv2%2Fproduct_tag&post=949"}],"curies":[{"name":"wp","href":"https:\/\/api.w.org\/{rel}","templated":true}]}}