{"id":950,"date":"2025-09-05T00:35:00","date_gmt":"2025-09-04T22:35:00","guid":{"rendered":"https:\/\/bam-digitalacademy.com\/?product=tarjetas-estampada-foil-1-lado-1000-unds-cote-350gr"},"modified":"2025-11-10T14:41:24","modified_gmt":"2025-11-10T13:41:24","slug":"tarjetas-estampada-foil-1-lado-1000-unds-cote-350gr","status":"publish","type":"product","link":"https:\/\/bam-digitalacademy.com\/?product=tarjetas-estampada-foil-1-lado-1000-unds-cote-350gr","title":{"rendered":"Tarjetas Estampada Foil 1 Lado (1000 unds, Cote 350gr)"},"content":{"rendered":"<p data-start=\"204\" data-end=\"312\">Tarjetas de alta calidad con estampado foil en una cara, ideales para una presentaci\u00f3n elegante y llamativa.<\/p>\n<p data-start=\"314\" data-end=\"346\"><strong data-start=\"314\" data-end=\"346\">Caracter\u00edsticas principales:<\/strong><\/p>\n<ul data-start=\"347\" data-end=\"740\">\n<li data-start=\"347\" data-end=\"467\">\n<p data-start=\"349\" data-end=\"467\">Impresi\u00f3n a color en una cara (4&#215;0), con acabado estampado foil que agrega un toque met\u00e1lico y brillante a la tarjeta.<\/p>\n<\/li>\n<li data-start=\"468\" data-end=\"547\">\n<p data-start=\"470\" data-end=\"547\">Papel Cote 350 gramos, firme y duradero, que garantiza una sensaci\u00f3n premium.<\/p>\n<\/li>\n<li data-start=\"548\" data-end=\"634\">\n<p data-start=\"550\" data-end=\"634\">Cantidad de 1000 unidades, perfecto para empresas, eventos o promociones exclusivas.<\/p>\n<\/li>\n<li data-start=\"635\" data-end=\"740\">\n<p data-start=\"637\" data-end=\"740\">El acabado foil resalta detalles y agrega sofisticaci\u00f3n, ideal para logotipos, nombres o dise\u00f1os clave.<\/p>\n<\/li>\n<\/ul>\n<p data-start=\"742\" data-end=\"757\"><strong data-start=\"742\" data-end=\"757\">Beneficios:<\/strong><\/p>\n<ul data-start=\"758\" data-end=\"1015\">\n<li data-start=\"758\" data-end=\"840\">\n<p data-start=\"760\" data-end=\"840\">El estampado foil da un efecto met\u00e1lico llamativo que resalta tu marca o dise\u00f1o.<\/p>\n<\/li>\n<li data-start=\"841\" data-end=\"936\">\n<p data-start=\"843\" data-end=\"936\">Perfectas para tarjetas de presentaci\u00f3n, invitaciones de alto nivel o promociones exclusivas.<\/p>\n<\/li>\n<li data-start=\"937\" data-end=\"1015\">\n<p data-start=\"939\" data-end=\"1015\">Alta durabilidad y presentaci\u00f3n profesional que deja una impresi\u00f3n duradera.<\/p>\n<\/li>\n<\/ul>\n","protected":false},"excerpt":{"rendered":"<p>Tarjetas de alta calidad con estampado foil en una cara, ideales para una presentaci\u00f3n elegante y llamativa. Caracter\u00edsticas principales: Impresi\u00f3n a color en una cara (4&#215;0), con acabado estampado foil que agrega un toque met\u00e1lico y brillante a la tarjeta. Papel Cote 350 gramos, firme y duradero, que garantiza una sensaci\u00f3n premium. Cantidad de 1000 unidades, perfecto para empresas, eventos o promociones exclusivas. El acabado foil resalta detalles y agrega sofisticaci\u00f3n, ideal para logotipos, nombres o dise\u00f1os clave. Beneficios: El estampado foil da un efecto met\u00e1lico llamativo que resalta tu marca o dise\u00f1o. Perfectas para tarjetas de presentaci\u00f3n, invitaciones de alto nivel o promociones exclusivas. Alta durabilidad y presentaci\u00f3n profesional que deja una impresi\u00f3n duradera.<\/p>\n","protected":false},"featured_media":1301,"template":"","meta":[],"product_brand":[],"product_cat":[23],"product_tag":[],"class_list":{"0":"post-950","1":"product","2":"type-product","3":"status-publish","4":"has-post-thumbnail","6":"product_cat-impresos-por-millar","8":"first","9":"instock","10":"shipping-taxable","11":"purchasable","12":"product-type-simple"},"_links":{"self":[{"href":"https:\/\/bam-digitalacademy.com\/index.php?rest_route=\/wp\/v2\/product\/950","targetHints":{"allow":["GET"]}}],"collection":[{"href":"https:\/\/bam-digitalacademy.com\/index.php?rest_route=\/wp\/v2\/product"}],"about":[{"href":"https:\/\/bam-digitalacademy.com\/index.php?rest_route=\/wp\/v2\/types\/product"}],"wp:featuredmedia":[{"embeddable":true,"href":"https:\/\/bam-digitalacademy.com\/index.php?rest_route=\/wp\/v2\/media\/1301"}],"wp:attachment":[{"href":"https:\/\/bam-digitalacademy.com\/index.php?rest_route=%2Fwp%2Fv2%2Fmedia&parent=950"}],"wp:term":[{"taxonomy":"product_brand","embeddable":true,"href":"https:\/\/bam-digitalacademy.com\/index.php?rest_route=%2Fwp%2Fv2%2Fproduct_brand&post=950"},{"taxonomy":"product_cat","embeddable":true,"href":"https:\/\/bam-digitalacademy.com\/index.php?rest_route=%2Fwp%2Fv2%2Fproduct_cat&post=950"},{"taxonomy":"product_tag","embeddable":true,"href":"https:\/\/bam-digitalacademy.com\/index.php?rest_route=%2Fwp%2Fv2%2Fproduct_tag&post=950"}],"curies":[{"name":"wp","href":"https:\/\/api.w.org\/{rel}","templated":true}]}}