{"id":951,"date":"2025-09-05T00:35:00","date_gmt":"2025-09-04T22:35:00","guid":{"rendered":"https:\/\/bam-digitalacademy.com\/?product=tarjetas-estampada-foil-2-lados-1000-unds-cote-350gr"},"modified":"2025-11-10T14:41:25","modified_gmt":"2025-11-10T13:41:25","slug":"tarjetas-estampada-foil-2-lados-1000-unds-cote-350gr","status":"publish","type":"product","link":"https:\/\/bam-digitalacademy.com\/?product=tarjetas-estampada-foil-2-lados-1000-unds-cote-350gr","title":{"rendered":"Tarjetas Estampada Foil 2 Lados (1000 unds, Cote 350gr)"},"content":{"rendered":"<p data-start=\"206\" data-end=\"335\">Tarjetas personalizadas con acabado estampado foil en ambos lados, ideales para una presentaci\u00f3n lujosa y de alto impacto visual.<\/p>\n<p data-start=\"337\" data-end=\"369\"><strong data-start=\"337\" data-end=\"369\">Caracter\u00edsticas principales:<\/strong><\/p>\n<ul data-start=\"370\" data-end=\"804\">\n<li data-start=\"370\" data-end=\"518\">\n<p data-start=\"372\" data-end=\"518\">Impresi\u00f3n a color en ambos lados (4&#215;4) con acabado estampado foil, agregando un toque met\u00e1lico brillante en detalles clave (como el logo o texto).<\/p>\n<\/li>\n<li data-start=\"519\" data-end=\"616\">\n<p data-start=\"521\" data-end=\"616\">Papel Cote 350 gramos, de alta calidad, firme y duradero para una excelente sensaci\u00f3n al tacto.<\/p>\n<\/li>\n<li data-start=\"617\" data-end=\"704\">\n<p data-start=\"619\" data-end=\"704\">Paquete de 1000 unidades, ideal para empresas, eventos de lujo o campa\u00f1as exclusivas.<\/p>\n<\/li>\n<li data-start=\"705\" data-end=\"804\">\n<p data-start=\"707\" data-end=\"804\">El acabado foil destaca los detalles con un brillo met\u00e1lico que aporta elegancia y sofisticaci\u00f3n.<\/p>\n<\/li>\n<\/ul>\n<p data-start=\"806\" data-end=\"821\"><strong data-start=\"806\" data-end=\"821\">Beneficios:<\/strong><\/p>\n<ul data-start=\"822\" data-end=\"1154\">\n<li data-start=\"822\" data-end=\"917\">\n<p data-start=\"824\" data-end=\"917\">El acabado estampado foil en ambos lados ofrece una apariencia premium que atrae la atenci\u00f3n.<\/p>\n<\/li>\n<li data-start=\"918\" data-end=\"1030\">\n<p data-start=\"920\" data-end=\"1030\">Perfectas para tarjetas de presentaci\u00f3n, invitaciones de alto nivel, promociones exclusivas o eventos de lujo.<\/p>\n<\/li>\n<li data-start=\"1031\" data-end=\"1154\">\n<p data-start=\"1033\" data-end=\"1154\">Alta durabilidad y resistencia, lo que asegura que las tarjetas mantendr\u00e1n su calidad y apariencia a lo largo del tiempo.<\/p>\n<\/li>\n<\/ul>\n","protected":false},"excerpt":{"rendered":"<p>Tarjetas personalizadas con acabado estampado foil en ambos lados, ideales para una presentaci\u00f3n lujosa y de alto impacto visual. Caracter\u00edsticas principales: Impresi\u00f3n a color en ambos lados (4&#215;4) con acabado estampado foil, agregando un toque met\u00e1lico brillante en detalles clave (como el logo o texto). Papel Cote 350 gramos, de alta calidad, firme y duradero para una excelente sensaci\u00f3n al tacto. Paquete de 1000 unidades, ideal para empresas, eventos de lujo o campa\u00f1as exclusivas. El acabado foil destaca los detalles con un brillo met\u00e1lico que aporta elegancia y sofisticaci\u00f3n. Beneficios: El acabado estampado foil en ambos lados ofrece una apariencia premium que atrae la atenci\u00f3n. Perfectas para tarjetas de presentaci\u00f3n, invitaciones de alto nivel, promociones exclusivas o eventos de lujo. Alta durabilidad y resistencia, lo que asegura que las tarjetas mantendr\u00e1n su calidad y apariencia a lo largo del tiempo.<\/p>\n","protected":false},"featured_media":1301,"template":"","meta":[],"product_brand":[],"product_cat":[23],"product_tag":[],"class_list":{"0":"post-951","1":"product","2":"type-product","3":"status-publish","4":"has-post-thumbnail","6":"product_cat-impresos-por-millar","8":"first","9":"instock","10":"shipping-taxable","11":"purchasable","12":"product-type-simple"},"_links":{"self":[{"href":"https:\/\/bam-digitalacademy.com\/index.php?rest_route=\/wp\/v2\/product\/951","targetHints":{"allow":["GET"]}}],"collection":[{"href":"https:\/\/bam-digitalacademy.com\/index.php?rest_route=\/wp\/v2\/product"}],"about":[{"href":"https:\/\/bam-digitalacademy.com\/index.php?rest_route=\/wp\/v2\/types\/product"}],"wp:featuredmedia":[{"embeddable":true,"href":"https:\/\/bam-digitalacademy.com\/index.php?rest_route=\/wp\/v2\/media\/1301"}],"wp:attachment":[{"href":"https:\/\/bam-digitalacademy.com\/index.php?rest_route=%2Fwp%2Fv2%2Fmedia&parent=951"}],"wp:term":[{"taxonomy":"product_brand","embeddable":true,"href":"https:\/\/bam-digitalacademy.com\/index.php?rest_route=%2Fwp%2Fv2%2Fproduct_brand&post=951"},{"taxonomy":"product_cat","embeddable":true,"href":"https:\/\/bam-digitalacademy.com\/index.php?rest_route=%2Fwp%2Fv2%2Fproduct_cat&post=951"},{"taxonomy":"product_tag","embeddable":true,"href":"https:\/\/bam-digitalacademy.com\/index.php?rest_route=%2Fwp%2Fv2%2Fproduct_tag&post=951"}],"curies":[{"name":"wp","href":"https:\/\/api.w.org\/{rel}","templated":true}]}}