{"id":952,"date":"2025-09-05T00:35:01","date_gmt":"2025-09-04T22:35:01","guid":{"rendered":"https:\/\/bam-digitalacademy.com\/?product=tarjetas-repujada-1-lado-1000-unds-cote-350gr"},"modified":"2025-11-10T14:42:10","modified_gmt":"2025-11-10T13:42:10","slug":"tarjetas-repujada-1-lado-1000-unds-cote-350gr","status":"publish","type":"product","link":"https:\/\/bam-digitalacademy.com\/?product=tarjetas-repujada-1-lado-1000-unds-cote-350gr","title":{"rendered":"Tarjetas Repujada 1 Lado (1000 unds, Cote 350gr)"},"content":{"rendered":"<p data-start=\"192\" data-end=\"332\">Tarjetas personalizadas con un acabado repujado en una cara, proporcionando un dise\u00f1o de alto relieve para un toque exclusivo y sofisticado.<\/p>\n<p data-start=\"334\" data-end=\"366\"><strong data-start=\"334\" data-end=\"366\">Caracter\u00edsticas principales:<\/strong><\/p>\n<ul data-start=\"367\" data-end=\"737\">\n<li data-start=\"367\" data-end=\"486\">\n<p data-start=\"369\" data-end=\"486\">Impresi\u00f3n a color en una cara (4&#215;0), con acabado repujado que crea un relieve en el dise\u00f1o para mayor impacto visual.<\/p>\n<\/li>\n<li data-start=\"487\" data-end=\"547\">\n<p data-start=\"489\" data-end=\"547\">Papel Cote 350 gramos, de alta calidad, fuerte y duradero.<\/p>\n<\/li>\n<li data-start=\"548\" data-end=\"627\">\n<p data-start=\"550\" data-end=\"627\">Paquete de 1000 unidades, ideal para grandes vol\u00famenes y distribuci\u00f3n masiva.<\/p>\n<\/li>\n<li data-start=\"628\" data-end=\"737\">\n<p data-start=\"630\" data-end=\"737\">El repujado da un toque \u00fanico a detalles clave como logotipos o nombres, elevando la percepci\u00f3n de calidad.<\/p>\n<\/li>\n<\/ul>\n<p data-start=\"739\" data-end=\"754\"><strong data-start=\"739\" data-end=\"754\">Beneficios:<\/strong><\/p>\n<ul data-start=\"755\" data-end=\"1007\">\n<li data-start=\"755\" data-end=\"830\">\n<p data-start=\"757\" data-end=\"830\">El efecto repujado agrega un toque t\u00e1ctil y visual que resalta tu dise\u00f1o.<\/p>\n<\/li>\n<li data-start=\"831\" data-end=\"931\">\n<p data-start=\"833\" data-end=\"931\">Ideal para tarjetas de presentaci\u00f3n, invitaciones exclusivas o material promocional de alto nivel.<\/p>\n<\/li>\n<li data-start=\"932\" data-end=\"1007\">\n<p data-start=\"934\" data-end=\"1007\">Alta durabilidad, con un acabado de lujo que deja una impresi\u00f3n duradera.<\/p>\n<\/li>\n<\/ul>\n","protected":false},"excerpt":{"rendered":"<p>Tarjetas personalizadas con un acabado repujado en una cara, proporcionando un dise\u00f1o de alto relieve para un toque exclusivo y sofisticado. Caracter\u00edsticas principales: Impresi\u00f3n a color en una cara (4&#215;0), con acabado repujado que crea un relieve en el dise\u00f1o para mayor impacto visual. Papel Cote 350 gramos, de alta calidad, fuerte y duradero. Paquete de 1000 unidades, ideal para grandes vol\u00famenes y distribuci\u00f3n masiva. El repujado da un toque \u00fanico a detalles clave como logotipos o nombres, elevando la percepci\u00f3n de calidad. Beneficios: El efecto repujado agrega un toque t\u00e1ctil y visual que resalta tu dise\u00f1o. Ideal para tarjetas de presentaci\u00f3n, invitaciones exclusivas o material promocional de alto nivel. Alta durabilidad, con un acabado de lujo que deja una impresi\u00f3n duradera.<\/p>\n","protected":false},"featured_media":1302,"template":"","meta":[],"product_brand":[],"product_cat":[23],"product_tag":[],"class_list":{"0":"post-952","1":"product","2":"type-product","3":"status-publish","4":"has-post-thumbnail","6":"product_cat-impresos-por-millar","8":"first","9":"instock","10":"shipping-taxable","11":"purchasable","12":"product-type-simple"},"_links":{"self":[{"href":"https:\/\/bam-digitalacademy.com\/index.php?rest_route=\/wp\/v2\/product\/952","targetHints":{"allow":["GET"]}}],"collection":[{"href":"https:\/\/bam-digitalacademy.com\/index.php?rest_route=\/wp\/v2\/product"}],"about":[{"href":"https:\/\/bam-digitalacademy.com\/index.php?rest_route=\/wp\/v2\/types\/product"}],"wp:featuredmedia":[{"embeddable":true,"href":"https:\/\/bam-digitalacademy.com\/index.php?rest_route=\/wp\/v2\/media\/1302"}],"wp:attachment":[{"href":"https:\/\/bam-digitalacademy.com\/index.php?rest_route=%2Fwp%2Fv2%2Fmedia&parent=952"}],"wp:term":[{"taxonomy":"product_brand","embeddable":true,"href":"https:\/\/bam-digitalacademy.com\/index.php?rest_route=%2Fwp%2Fv2%2Fproduct_brand&post=952"},{"taxonomy":"product_cat","embeddable":true,"href":"https:\/\/bam-digitalacademy.com\/index.php?rest_route=%2Fwp%2Fv2%2Fproduct_cat&post=952"},{"taxonomy":"product_tag","embeddable":true,"href":"https:\/\/bam-digitalacademy.com\/index.php?rest_route=%2Fwp%2Fv2%2Fproduct_tag&post=952"}],"curies":[{"name":"wp","href":"https:\/\/api.w.org\/{rel}","templated":true}]}}