{"id":953,"date":"2025-09-05T00:35:01","date_gmt":"2025-09-04T22:35:01","guid":{"rendered":"https:\/\/bam-digitalacademy.com\/?product=tarjetas-adhesivas-9x5-1000-unds-cote-350gr"},"modified":"2025-11-10T14:42:41","modified_gmt":"2025-11-10T13:42:41","slug":"tarjetas-adhesivas-9x5-1000-unds-cote-350gr","status":"publish","type":"product","link":"https:\/\/bam-digitalacademy.com\/?product=tarjetas-adhesivas-9x5-1000-unds-cote-350gr","title":{"rendered":"Tarjetas Adhesivas 9&#215;5 (1000 unds, Cote 350gr)"},"content":{"rendered":"<p data-start=\"188\" data-end=\"302\">Impresi\u00f3n de tarjetas adhesivas personalizadas, ideales para promociones, etiquetas o identificaci\u00f3n de productos.<\/p>\n<p data-start=\"304\" data-end=\"336\"><strong data-start=\"304\" data-end=\"336\">Caracter\u00edsticas principales:<\/strong><\/p>\n<ul data-start=\"337\" data-end=\"676\">\n<li data-start=\"337\" data-end=\"409\">\n<p data-start=\"339\" data-end=\"409\">Formato de 9&#215;5 cm, adecuado para etiquetas o tarjetas de uso vers\u00e1til.<\/p>\n<\/li>\n<li data-start=\"410\" data-end=\"492\">\n<p data-start=\"412\" data-end=\"492\">Papel Cote 350 gramos, resistente y de alta calidad para garantizar durabilidad.<\/p>\n<\/li>\n<li data-start=\"493\" data-end=\"581\">\n<p data-start=\"495\" data-end=\"581\">Adhesivo en el reverso, lo que permite pegarlas f\u00e1cilmente sobre diversas superficies.<\/p>\n<\/li>\n<li data-start=\"582\" data-end=\"676\">\n<p data-start=\"584\" data-end=\"676\">Paquete de 1000 unidades, perfecto para empresas o campa\u00f1as que requieren grandes vol\u00famenes.<\/p>\n<\/li>\n<\/ul>\n<p data-start=\"678\" data-end=\"693\"><strong data-start=\"678\" data-end=\"693\">Beneficios:<\/strong><\/p>\n<ul data-start=\"694\" data-end=\"923\">\n<li data-start=\"694\" data-end=\"765\">\n<p data-start=\"696\" data-end=\"765\">F\u00e1cil aplicaci\u00f3n en productos, packaging, o materiales promocionales.<\/p>\n<\/li>\n<li data-start=\"766\" data-end=\"851\">\n<p data-start=\"768\" data-end=\"851\">Ideal para etiquetas personalizadas, tarjetas de fidelidad o campa\u00f1as de marketing.<\/p>\n<\/li>\n<li data-start=\"852\" data-end=\"923\">\n<p data-start=\"854\" data-end=\"923\">Material fuerte y duradero que asegura un pegado seguro y prolongado.<\/p>\n<\/li>\n<\/ul>\n","protected":false},"excerpt":{"rendered":"<p>Impresi\u00f3n de tarjetas adhesivas personalizadas, ideales para promociones, etiquetas o identificaci\u00f3n de productos. Caracter\u00edsticas principales: Formato de 9&#215;5 cm, adecuado para etiquetas o tarjetas de uso vers\u00e1til. Papel Cote 350 gramos, resistente y de alta calidad para garantizar durabilidad. Adhesivo en el reverso, lo que permite pegarlas f\u00e1cilmente sobre diversas superficies. Paquete de 1000 unidades, perfecto para empresas o campa\u00f1as que requieren grandes vol\u00famenes. Beneficios: F\u00e1cil aplicaci\u00f3n en productos, packaging, o materiales promocionales. Ideal para etiquetas personalizadas, tarjetas de fidelidad o campa\u00f1as de marketing. Material fuerte y duradero que asegura un pegado seguro y prolongado.<\/p>\n","protected":false},"featured_media":1303,"template":"","meta":[],"product_brand":[],"product_cat":[23],"product_tag":[],"class_list":{"0":"post-953","1":"product","2":"type-product","3":"status-publish","4":"has-post-thumbnail","6":"product_cat-impresos-por-millar","8":"first","9":"instock","10":"shipping-taxable","11":"purchasable","12":"product-type-simple"},"_links":{"self":[{"href":"https:\/\/bam-digitalacademy.com\/index.php?rest_route=\/wp\/v2\/product\/953","targetHints":{"allow":["GET"]}}],"collection":[{"href":"https:\/\/bam-digitalacademy.com\/index.php?rest_route=\/wp\/v2\/product"}],"about":[{"href":"https:\/\/bam-digitalacademy.com\/index.php?rest_route=\/wp\/v2\/types\/product"}],"wp:featuredmedia":[{"embeddable":true,"href":"https:\/\/bam-digitalacademy.com\/index.php?rest_route=\/wp\/v2\/media\/1303"}],"wp:attachment":[{"href":"https:\/\/bam-digitalacademy.com\/index.php?rest_route=%2Fwp%2Fv2%2Fmedia&parent=953"}],"wp:term":[{"taxonomy":"product_brand","embeddable":true,"href":"https:\/\/bam-digitalacademy.com\/index.php?rest_route=%2Fwp%2Fv2%2Fproduct_brand&post=953"},{"taxonomy":"product_cat","embeddable":true,"href":"https:\/\/bam-digitalacademy.com\/index.php?rest_route=%2Fwp%2Fv2%2Fproduct_cat&post=953"},{"taxonomy":"product_tag","embeddable":true,"href":"https:\/\/bam-digitalacademy.com\/index.php?rest_route=%2Fwp%2Fv2%2Fproduct_tag&post=953"}],"curies":[{"name":"wp","href":"https:\/\/api.w.org\/{rel}","templated":true}]}}