{"id":954,"date":"2025-09-05T00:35:01","date_gmt":"2025-09-04T22:35:01","guid":{"rendered":"https:\/\/bam-digitalacademy.com\/?product=tarjetas-imanadas-9x5-1000-unds-cote-350gr"},"modified":"2025-11-10T14:43:21","modified_gmt":"2025-11-10T13:43:21","slug":"tarjetas-imanadas-9x5-1000-unds-cote-350gr","status":"publish","type":"product","link":"https:\/\/bam-digitalacademy.com\/?product=tarjetas-imanadas-9x5-1000-unds-cote-350gr","title":{"rendered":"Tarjetas Imanadas 9&#215;5 (1000 unds, Cote 350gr)"},"content":{"rendered":"<p data-start=\"178\" data-end=\"305\">Tarjetas personalizadas con im\u00e1n en el reverso, perfectas para promociones, regalos o informaci\u00f3n \u00fatil que se mantenga visible.<\/p>\n<p data-start=\"307\" data-end=\"339\"><strong data-start=\"307\" data-end=\"339\">Caracter\u00edsticas principales:<\/strong><\/p>\n<ul data-start=\"340\" data-end=\"742\">\n<li data-start=\"340\" data-end=\"430\">\n<p data-start=\"342\" data-end=\"430\">Formato 9&#215;5 cm, ideal para tarjetas de presentaci\u00f3n, recordatorios o anuncios compactos.<\/p>\n<\/li>\n<li data-start=\"431\" data-end=\"514\">\n<p data-start=\"433\" data-end=\"514\">Papel Cote 350 gramos, fuerte y duradero, con una excelente calidad de impresi\u00f3n.<\/p>\n<\/li>\n<li data-start=\"515\" data-end=\"647\">\n<p data-start=\"517\" data-end=\"647\">Reverso con im\u00e1n incorporado, permitiendo que las tarjetas se adhieran a superficies met\u00e1licas como refrigeradores, pizarras, etc.<\/p>\n<\/li>\n<li data-start=\"648\" data-end=\"742\">\n<p data-start=\"650\" data-end=\"742\">Paquete de 1000 unidades, perfecto para campa\u00f1as de marketing o promociones en gran volumen.<\/p>\n<\/li>\n<\/ul>\n<p data-start=\"744\" data-end=\"759\"><strong data-start=\"744\" data-end=\"759\">Beneficios:<\/strong><\/p>\n<ul data-start=\"760\" data-end=\"1039\">\n<li data-start=\"760\" data-end=\"850\">\n<p data-start=\"762\" data-end=\"850\">El im\u00e1n asegura que las tarjetas se mantengan visibles, como recordatorios o publicidad.<\/p>\n<\/li>\n<li data-start=\"851\" data-end=\"946\">\n<p data-start=\"853\" data-end=\"946\">Material resistente, ideal para asegurar una larga duraci\u00f3n en cualquier superficie met\u00e1lica.<\/p>\n<\/li>\n<li data-start=\"947\" data-end=\"1039\">\n<p data-start=\"949\" data-end=\"1039\">Perfecto para empresas que buscan una forma innovadora de promocionar su marca o producto.<\/p>\n<\/li>\n<\/ul>\n","protected":false},"excerpt":{"rendered":"<p>Tarjetas personalizadas con im\u00e1n en el reverso, perfectas para promociones, regalos o informaci\u00f3n \u00fatil que se mantenga visible. Caracter\u00edsticas principales: Formato 9&#215;5 cm, ideal para tarjetas de presentaci\u00f3n, recordatorios o anuncios compactos. Papel Cote 350 gramos, fuerte y duradero, con una excelente calidad de impresi\u00f3n. Reverso con im\u00e1n incorporado, permitiendo que las tarjetas se adhieran a superficies met\u00e1licas como refrigeradores, pizarras, etc. Paquete de 1000 unidades, perfecto para campa\u00f1as de marketing o promociones en gran volumen. Beneficios: El im\u00e1n asegura que las tarjetas se mantengan visibles, como recordatorios o publicidad. Material resistente, ideal para asegurar una larga duraci\u00f3n en cualquier superficie met\u00e1lica. Perfecto para empresas que buscan una forma innovadora de promocionar su marca o producto.<\/p>\n","protected":false},"featured_media":1304,"template":"","meta":[],"product_brand":[],"product_cat":[23],"product_tag":[],"class_list":{"0":"post-954","1":"product","2":"type-product","3":"status-publish","4":"has-post-thumbnail","6":"product_cat-impresos-por-millar","8":"first","9":"instock","10":"shipping-taxable","11":"purchasable","12":"product-type-simple"},"_links":{"self":[{"href":"https:\/\/bam-digitalacademy.com\/index.php?rest_route=\/wp\/v2\/product\/954","targetHints":{"allow":["GET"]}}],"collection":[{"href":"https:\/\/bam-digitalacademy.com\/index.php?rest_route=\/wp\/v2\/product"}],"about":[{"href":"https:\/\/bam-digitalacademy.com\/index.php?rest_route=\/wp\/v2\/types\/product"}],"wp:featuredmedia":[{"embeddable":true,"href":"https:\/\/bam-digitalacademy.com\/index.php?rest_route=\/wp\/v2\/media\/1304"}],"wp:attachment":[{"href":"https:\/\/bam-digitalacademy.com\/index.php?rest_route=%2Fwp%2Fv2%2Fmedia&parent=954"}],"wp:term":[{"taxonomy":"product_brand","embeddable":true,"href":"https:\/\/bam-digitalacademy.com\/index.php?rest_route=%2Fwp%2Fv2%2Fproduct_brand&post=954"},{"taxonomy":"product_cat","embeddable":true,"href":"https:\/\/bam-digitalacademy.com\/index.php?rest_route=%2Fwp%2Fv2%2Fproduct_cat&post=954"},{"taxonomy":"product_tag","embeddable":true,"href":"https:\/\/bam-digitalacademy.com\/index.php?rest_route=%2Fwp%2Fv2%2Fproduct_tag&post=954"}],"curies":[{"name":"wp","href":"https:\/\/api.w.org\/{rel}","templated":true}]}}