{"id":959,"date":"2025-09-05T00:35:01","date_gmt":"2025-09-04T22:35:01","guid":{"rendered":"https:\/\/bam-digitalacademy.com\/?product=volantes-tradicionales-4x0-cote-115gr-21x10-1000-unds"},"modified":"2025-11-10T14:44:54","modified_gmt":"2025-11-10T13:44:54","slug":"volantes-tradicionales-4x0-cote-115gr-21x10-1000-unds","status":"publish","type":"product","link":"https:\/\/bam-digitalacademy.com\/?product=volantes-tradicionales-4x0-cote-115gr-21x10-1000-unds","title":{"rendered":"Volantes Tradicionales 4&#215;0 Cote 115gr 21&#215;10 (1000 unds)"},"content":{"rendered":"<p data-start=\"197\" data-end=\"318\">Impresi\u00f3n de volantes a una cara (4&#215;0) en formato amplio, perfectos para anuncios visuales y promociones de gran impacto.<\/p>\n<p data-start=\"320\" data-end=\"352\"><strong data-start=\"320\" data-end=\"352\">Caracter\u00edsticas principales:<\/strong><\/p>\n<ul data-start=\"353\" data-end=\"710\">\n<li data-start=\"353\" data-end=\"425\">\n<p data-start=\"355\" data-end=\"425\">Impresi\u00f3n a color en una cara (4&#215;0), con acabado limpio en el reverso.<\/p>\n<\/li>\n<li data-start=\"426\" data-end=\"525\">\n<p data-start=\"428\" data-end=\"525\">Papel Cote 115 gramos, ideal para volantes ligeros y econ\u00f3micos, pero con un buen acabado visual.<\/p>\n<\/li>\n<li data-start=\"526\" data-end=\"584\">\n<p data-start=\"528\" data-end=\"584\">Formato 21&#215;10 cm, adecuado para folleto o flyer de mano.<\/p>\n<\/li>\n<li data-start=\"585\" data-end=\"656\">\n<p data-start=\"587\" data-end=\"656\">Cantidad de 1000 unidades, ideal para campa\u00f1as publicitarias masivas.<\/p>\n<\/li>\n<li data-start=\"657\" data-end=\"710\">\n<p data-start=\"659\" data-end=\"710\">Ideal para promociones, eventos o anuncios r\u00e1pidos.<\/p>\n<\/li>\n<\/ul>\n<p data-start=\"712\" data-end=\"727\"><strong data-start=\"712\" data-end=\"727\">Beneficios:<\/strong><\/p>\n<ul data-start=\"728\" data-end=\"971\">\n<li data-start=\"728\" data-end=\"785\">\n<p data-start=\"730\" data-end=\"785\">Gran formato para mayor visibilidad y atractivo visual.<\/p>\n<\/li>\n<li data-start=\"786\" data-end=\"867\">\n<p data-start=\"788\" data-end=\"867\">Material ligero pero duradero, adecuado para distribuci\u00f3n en grandes vol\u00famenes.<\/p>\n<\/li>\n<li data-start=\"868\" data-end=\"971\">\n<p data-start=\"870\" data-end=\"971\">Perfecto para empresas que necesitan llegar a una audiencia amplia con un dise\u00f1o sencillo y efectivo.<\/p>\n<\/li>\n<\/ul>\n","protected":false},"excerpt":{"rendered":"<p>Impresi\u00f3n de volantes a una cara (4&#215;0) en formato amplio, perfectos para anuncios visuales y promociones de gran impacto. Caracter\u00edsticas principales: Impresi\u00f3n a color en una cara (4&#215;0), con acabado limpio en el reverso. Papel Cote 115 gramos, ideal para volantes ligeros y econ\u00f3micos, pero con un buen acabado visual. Formato 21&#215;10 cm, adecuado para folleto o flyer de mano. Cantidad de 1000 unidades, ideal para campa\u00f1as publicitarias masivas. Ideal para promociones, eventos o anuncios r\u00e1pidos. Beneficios: Gran formato para mayor visibilidad y atractivo visual. Material ligero pero duradero, adecuado para distribuci\u00f3n en grandes vol\u00famenes. Perfecto para empresas que necesitan llegar a una audiencia amplia con un dise\u00f1o sencillo y efectivo.<\/p>\n","protected":false},"featured_media":1307,"template":"","meta":[],"product_brand":[],"product_cat":[23],"product_tag":[],"class_list":{"0":"post-959","1":"product","2":"type-product","3":"status-publish","4":"has-post-thumbnail","6":"product_cat-impresos-por-millar","8":"first","9":"instock","10":"shipping-taxable","11":"purchasable","12":"product-type-simple"},"_links":{"self":[{"href":"https:\/\/bam-digitalacademy.com\/index.php?rest_route=\/wp\/v2\/product\/959","targetHints":{"allow":["GET"]}}],"collection":[{"href":"https:\/\/bam-digitalacademy.com\/index.php?rest_route=\/wp\/v2\/product"}],"about":[{"href":"https:\/\/bam-digitalacademy.com\/index.php?rest_route=\/wp\/v2\/types\/product"}],"wp:featuredmedia":[{"embeddable":true,"href":"https:\/\/bam-digitalacademy.com\/index.php?rest_route=\/wp\/v2\/media\/1307"}],"wp:attachment":[{"href":"https:\/\/bam-digitalacademy.com\/index.php?rest_route=%2Fwp%2Fv2%2Fmedia&parent=959"}],"wp:term":[{"taxonomy":"product_brand","embeddable":true,"href":"https:\/\/bam-digitalacademy.com\/index.php?rest_route=%2Fwp%2Fv2%2Fproduct_brand&post=959"},{"taxonomy":"product_cat","embeddable":true,"href":"https:\/\/bam-digitalacademy.com\/index.php?rest_route=%2Fwp%2Fv2%2Fproduct_cat&post=959"},{"taxonomy":"product_tag","embeddable":true,"href":"https:\/\/bam-digitalacademy.com\/index.php?rest_route=%2Fwp%2Fv2%2Fproduct_tag&post=959"}],"curies":[{"name":"wp","href":"https:\/\/api.w.org\/{rel}","templated":true}]}}