{"id":960,"date":"2025-09-05T00:35:02","date_gmt":"2025-09-04T22:35:02","guid":{"rendered":"https:\/\/bam-digitalacademy.com\/?product=volantes-tradicionales-4x0-cote-115gr-7x13-1000-unds"},"modified":"2025-11-10T14:45:22","modified_gmt":"2025-11-10T13:45:22","slug":"volantes-tradicionales-4x0-cote-115gr-7x13-1000-unds","status":"publish","type":"product","link":"https:\/\/bam-digitalacademy.com\/?product=volantes-tradicionales-4x0-cote-115gr-7x13-1000-unds","title":{"rendered":"Volantes Tradicionales 4&#215;0 Cote 115gr 7&#215;13 (1000 unds)"},"content":{"rendered":"<p data-start=\"195\" data-end=\"333\">Impresi\u00f3n de volantes tradicionales en formato 4&#215;0 (a una cara), con un acabado brillante, ideales para promocionar productos o servicios.<\/p>\n<p data-start=\"335\" data-end=\"367\"><strong data-start=\"335\" data-end=\"367\">Caracter\u00edsticas principales:<\/strong><\/p>\n<ul data-start=\"368\" data-end=\"701\">\n<li data-start=\"368\" data-end=\"431\">\n<p data-start=\"370\" data-end=\"431\">Impresi\u00f3n a color en una cara (4&#215;0), sin tinta en el reverso.<\/p>\n<\/li>\n<li data-start=\"432\" data-end=\"495\">\n<p data-start=\"434\" data-end=\"495\">Papel Cote 115 gramos de alta calidad, con acabado brillante.<\/p>\n<\/li>\n<li data-start=\"496\" data-end=\"549\">\n<p data-start=\"498\" data-end=\"549\">Formato 7&#215;13 cm, perfecto para distribuci\u00f3n masiva.<\/p>\n<\/li>\n<li data-start=\"550\" data-end=\"623\">\n<p data-start=\"552\" data-end=\"623\">Cantidad de 1000 unidades, ideal para campa\u00f1as promocionales o eventos.<\/p>\n<\/li>\n<li data-start=\"624\" data-end=\"701\">\n<p data-start=\"626\" data-end=\"701\">Opciones personalizadas de dise\u00f1o y contenido (de acuerdo a lo solicitado).<\/p>\n<\/li>\n<\/ul>\n<p data-start=\"703\" data-end=\"718\"><strong data-start=\"703\" data-end=\"718\">Beneficios:<\/strong><\/p>\n<ul data-start=\"719\" data-end=\"938\">\n<li data-start=\"719\" data-end=\"794\">\n<p data-start=\"721\" data-end=\"794\">Material resistente y de alta calidad que asegura un acabado profesional.<\/p>\n<\/li>\n<li data-start=\"795\" data-end=\"872\">\n<p data-start=\"797\" data-end=\"872\">Perfecto para promociones, anuncios o eventos que requieren impacto visual.<\/p>\n<\/li>\n<li data-start=\"873\" data-end=\"938\">\n<p data-start=\"875\" data-end=\"938\">Gran cantidad para distribuci\u00f3n masiva a bajo costo por unidad.<\/p>\n<\/li>\n<\/ul>\n","protected":false},"excerpt":{"rendered":"<p>Impresi\u00f3n de volantes tradicionales en formato 4&#215;0 (a una cara), con un acabado brillante, ideales para promocionar productos o servicios. Caracter\u00edsticas principales: Impresi\u00f3n a color en una cara (4&#215;0), sin tinta en el reverso. Papel Cote 115 gramos de alta calidad, con acabado brillante. Formato 7&#215;13 cm, perfecto para distribuci\u00f3n masiva. Cantidad de 1000 unidades, ideal para campa\u00f1as promocionales o eventos. Opciones personalizadas de dise\u00f1o y contenido (de acuerdo a lo solicitado). Beneficios: Material resistente y de alta calidad que asegura un acabado profesional. Perfecto para promociones, anuncios o eventos que requieren impacto visual. Gran cantidad para distribuci\u00f3n masiva a bajo costo por unidad.<\/p>\n","protected":false},"featured_media":1308,"template":"","meta":[],"product_brand":[],"product_cat":[23],"product_tag":[],"class_list":{"0":"post-960","1":"product","2":"type-product","3":"status-publish","4":"has-post-thumbnail","6":"product_cat-impresos-por-millar","8":"first","9":"instock","10":"shipping-taxable","11":"purchasable","12":"product-type-simple"},"_links":{"self":[{"href":"https:\/\/bam-digitalacademy.com\/index.php?rest_route=\/wp\/v2\/product\/960","targetHints":{"allow":["GET"]}}],"collection":[{"href":"https:\/\/bam-digitalacademy.com\/index.php?rest_route=\/wp\/v2\/product"}],"about":[{"href":"https:\/\/bam-digitalacademy.com\/index.php?rest_route=\/wp\/v2\/types\/product"}],"wp:featuredmedia":[{"embeddable":true,"href":"https:\/\/bam-digitalacademy.com\/index.php?rest_route=\/wp\/v2\/media\/1308"}],"wp:attachment":[{"href":"https:\/\/bam-digitalacademy.com\/index.php?rest_route=%2Fwp%2Fv2%2Fmedia&parent=960"}],"wp:term":[{"taxonomy":"product_brand","embeddable":true,"href":"https:\/\/bam-digitalacademy.com\/index.php?rest_route=%2Fwp%2Fv2%2Fproduct_brand&post=960"},{"taxonomy":"product_cat","embeddable":true,"href":"https:\/\/bam-digitalacademy.com\/index.php?rest_route=%2Fwp%2Fv2%2Fproduct_cat&post=960"},{"taxonomy":"product_tag","embeddable":true,"href":"https:\/\/bam-digitalacademy.com\/index.php?rest_route=%2Fwp%2Fv2%2Fproduct_tag&post=960"}],"curies":[{"name":"wp","href":"https:\/\/api.w.org\/{rel}","templated":true}]}}