{"id":962,"date":"2025-09-05T00:35:02","date_gmt":"2025-09-04T22:35:02","guid":{"rendered":"https:\/\/bam-digitalacademy.com\/?product=volantes-tradicionales-4x4-cote-150gr-21x12-1000-unds"},"modified":"2025-11-10T14:45:23","modified_gmt":"2025-11-10T13:45:23","slug":"volantes-tradicionales-4x4-cote-150gr-21x12-1000-unds","status":"publish","type":"product","link":"https:\/\/bam-digitalacademy.com\/?product=volantes-tradicionales-4x4-cote-150gr-21x12-1000-unds","title":{"rendered":"Volantes Tradicionales 4&#215;4 Cote 150gr 21&#215;12 (1000 unds)"},"content":{"rendered":"<p data-start=\"197\" data-end=\"323\">Impresi\u00f3n a color en ambas caras (4&#215;4) de volantes, ideales para campa\u00f1as publicitarias de alto impacto y distribuci\u00f3n masiva.<\/p>\n<p data-start=\"325\" data-end=\"357\"><strong data-start=\"325\" data-end=\"357\">Caracter\u00edsticas principales:<\/strong><\/p>\n<ul data-start=\"358\" data-end=\"672\">\n<li data-start=\"358\" data-end=\"435\">\n<p data-start=\"360\" data-end=\"435\">Impresi\u00f3n a color en ambas caras (4&#215;4) para un dise\u00f1o completo y atractivo.<\/p>\n<\/li>\n<li data-start=\"436\" data-end=\"513\">\n<p data-start=\"438\" data-end=\"513\">Papel Cote 150 gramos, de alta calidad para una sensaci\u00f3n firme y duradera.<\/p>\n<\/li>\n<li data-start=\"514\" data-end=\"583\">\n<p data-start=\"516\" data-end=\"583\">Formato 21&#215;12 cm, ideal para folletos informativos o publicitarios.<\/p>\n<\/li>\n<li data-start=\"584\" data-end=\"672\">\n<p data-start=\"586\" data-end=\"672\">Paquete de 1000 unidades, perfecto para eventos, promociones o campa\u00f1as a gran escala.<\/p>\n<\/li>\n<\/ul>\n<p data-start=\"674\" data-end=\"689\"><strong data-start=\"674\" data-end=\"689\">Beneficios:<\/strong><\/p>\n<ul data-start=\"690\" data-end=\"939\">\n<li data-start=\"690\" data-end=\"777\">\n<p data-start=\"692\" data-end=\"777\">Mayor visibilidad con impresi\u00f3n a doble cara, maximizando el espacio de comunicaci\u00f3n.<\/p>\n<\/li>\n<li data-start=\"778\" data-end=\"845\">\n<p data-start=\"780\" data-end=\"845\">Material resistente que garantiza durabilidad en su distribuci\u00f3n.<\/p>\n<\/li>\n<li data-start=\"846\" data-end=\"939\">\n<p data-start=\"848\" data-end=\"939\">Ideal para empresas que buscan una opci\u00f3n profesional y econ\u00f3mica para promociones masivas.<\/p>\n<\/li>\n<\/ul>\n","protected":false},"excerpt":{"rendered":"<p>Impresi\u00f3n a color en ambas caras (4&#215;4) de volantes, ideales para campa\u00f1as publicitarias de alto impacto y distribuci\u00f3n masiva. Caracter\u00edsticas principales: Impresi\u00f3n a color en ambas caras (4&#215;4) para un dise\u00f1o completo y atractivo. Papel Cote 150 gramos, de alta calidad para una sensaci\u00f3n firme y duradera. Formato 21&#215;12 cm, ideal para folletos informativos o publicitarios. Paquete de 1000 unidades, perfecto para eventos, promociones o campa\u00f1as a gran escala. Beneficios: Mayor visibilidad con impresi\u00f3n a doble cara, maximizando el espacio de comunicaci\u00f3n. Material resistente que garantiza durabilidad en su distribuci\u00f3n. Ideal para empresas que buscan una opci\u00f3n profesional y econ\u00f3mica para promociones masivas.<\/p>\n","protected":false},"featured_media":1306,"template":"","meta":[],"product_brand":[],"product_cat":[23],"product_tag":[],"class_list":{"0":"post-962","1":"product","2":"type-product","3":"status-publish","4":"has-post-thumbnail","6":"product_cat-impresos-por-millar","8":"first","9":"instock","10":"shipping-taxable","11":"purchasable","12":"product-type-simple"},"_links":{"self":[{"href":"https:\/\/bam-digitalacademy.com\/index.php?rest_route=\/wp\/v2\/product\/962","targetHints":{"allow":["GET"]}}],"collection":[{"href":"https:\/\/bam-digitalacademy.com\/index.php?rest_route=\/wp\/v2\/product"}],"about":[{"href":"https:\/\/bam-digitalacademy.com\/index.php?rest_route=\/wp\/v2\/types\/product"}],"wp:featuredmedia":[{"embeddable":true,"href":"https:\/\/bam-digitalacademy.com\/index.php?rest_route=\/wp\/v2\/media\/1306"}],"wp:attachment":[{"href":"https:\/\/bam-digitalacademy.com\/index.php?rest_route=%2Fwp%2Fv2%2Fmedia&parent=962"}],"wp:term":[{"taxonomy":"product_brand","embeddable":true,"href":"https:\/\/bam-digitalacademy.com\/index.php?rest_route=%2Fwp%2Fv2%2Fproduct_brand&post=962"},{"taxonomy":"product_cat","embeddable":true,"href":"https:\/\/bam-digitalacademy.com\/index.php?rest_route=%2Fwp%2Fv2%2Fproduct_cat&post=962"},{"taxonomy":"product_tag","embeddable":true,"href":"https:\/\/bam-digitalacademy.com\/index.php?rest_route=%2Fwp%2Fv2%2Fproduct_tag&post=962"}],"curies":[{"name":"wp","href":"https:\/\/api.w.org\/{rel}","templated":true}]}}