{"id":963,"date":"2025-09-05T00:35:02","date_gmt":"2025-09-04T22:35:02","guid":{"rendered":"https:\/\/bam-digitalacademy.com\/?product=volantes-tradicionales-4x4-cote-150gr-21x10-1000-unds"},"modified":"2025-11-10T14:45:23","modified_gmt":"2025-11-10T13:45:23","slug":"volantes-tradicionales-4x4-cote-150gr-21x10-1000-unds","status":"publish","type":"product","link":"https:\/\/bam-digitalacademy.com\/?product=volantes-tradicionales-4x4-cote-150gr-21x10-1000-unds","title":{"rendered":"Volantes Tradicionales 4&#215;4 Cote 150gr 21&#215;10 (1000 unds)"},"content":{"rendered":"<p data-start=\"197\" data-end=\"319\">Impresi\u00f3n de volantes a doble cara (4&#215;4) con acabado de alta calidad, perfectos para promociones y campa\u00f1as publicitarias.<\/p>\n<p data-start=\"321\" data-end=\"353\"><strong data-start=\"321\" data-end=\"353\">Caracter\u00edsticas principales:<\/strong><\/p>\n<ul data-start=\"354\" data-end=\"667\">\n<li data-start=\"354\" data-end=\"424\">\n<p data-start=\"356\" data-end=\"424\">Impresi\u00f3n a color en ambas caras (4&#215;4) para un mayor impacto visual.<\/p>\n<\/li>\n<li data-start=\"425\" data-end=\"504\">\n<p data-start=\"427\" data-end=\"504\">Papel Cote 150 gramos, con buen acabado para una mayor durabilidad y calidad.<\/p>\n<\/li>\n<li data-start=\"505\" data-end=\"581\">\n<p data-start=\"507\" data-end=\"581\">Formato 21&#215;10 cm, adecuado para folletos o flyers que destacan f\u00e1cilmente.<\/p>\n<\/li>\n<li data-start=\"582\" data-end=\"667\">\n<p data-start=\"584\" data-end=\"667\">Paquete de 1000 unidades, ideal para distribuci\u00f3n masiva o eventos de alto alcance.<\/p>\n<\/li>\n<\/ul>\n<p data-start=\"669\" data-end=\"684\"><strong data-start=\"669\" data-end=\"684\">Beneficios:<\/strong><\/p>\n<ul data-start=\"685\" data-end=\"891\">\n<li data-start=\"685\" data-end=\"741\">\n<p data-start=\"687\" data-end=\"741\">Mayor visibilidad gracias a la impresi\u00f3n a doble cara.<\/p>\n<\/li>\n<li data-start=\"742\" data-end=\"817\">\n<p data-start=\"744\" data-end=\"817\">Material resistente y de buena calidad para una presentaci\u00f3n profesional.<\/p>\n<\/li>\n<li data-start=\"818\" data-end=\"891\">\n<p data-start=\"820\" data-end=\"891\">Ideal para promociones, eventos, y publicidad de productos o servicios.<\/p>\n<\/li>\n<\/ul>\n","protected":false},"excerpt":{"rendered":"<p>Impresi\u00f3n de volantes a doble cara (4&#215;4) con acabado de alta calidad, perfectos para promociones y campa\u00f1as publicitarias. Caracter\u00edsticas principales: Impresi\u00f3n a color en ambas caras (4&#215;4) para un mayor impacto visual. Papel Cote 150 gramos, con buen acabado para una mayor durabilidad y calidad. Formato 21&#215;10 cm, adecuado para folletos o flyers que destacan f\u00e1cilmente. Paquete de 1000 unidades, ideal para distribuci\u00f3n masiva o eventos de alto alcance. Beneficios: Mayor visibilidad gracias a la impresi\u00f3n a doble cara. Material resistente y de buena calidad para una presentaci\u00f3n profesional. Ideal para promociones, eventos, y publicidad de productos o servicios.<\/p>\n","protected":false},"featured_media":1307,"template":"","meta":[],"product_brand":[],"product_cat":[23],"product_tag":[],"class_list":{"0":"post-963","1":"product","2":"type-product","3":"status-publish","4":"has-post-thumbnail","6":"product_cat-impresos-por-millar","8":"first","9":"instock","10":"shipping-taxable","11":"purchasable","12":"product-type-simple"},"_links":{"self":[{"href":"https:\/\/bam-digitalacademy.com\/index.php?rest_route=\/wp\/v2\/product\/963","targetHints":{"allow":["GET"]}}],"collection":[{"href":"https:\/\/bam-digitalacademy.com\/index.php?rest_route=\/wp\/v2\/product"}],"about":[{"href":"https:\/\/bam-digitalacademy.com\/index.php?rest_route=\/wp\/v2\/types\/product"}],"wp:featuredmedia":[{"embeddable":true,"href":"https:\/\/bam-digitalacademy.com\/index.php?rest_route=\/wp\/v2\/media\/1307"}],"wp:attachment":[{"href":"https:\/\/bam-digitalacademy.com\/index.php?rest_route=%2Fwp%2Fv2%2Fmedia&parent=963"}],"wp:term":[{"taxonomy":"product_brand","embeddable":true,"href":"https:\/\/bam-digitalacademy.com\/index.php?rest_route=%2Fwp%2Fv2%2Fproduct_brand&post=963"},{"taxonomy":"product_cat","embeddable":true,"href":"https:\/\/bam-digitalacademy.com\/index.php?rest_route=%2Fwp%2Fv2%2Fproduct_cat&post=963"},{"taxonomy":"product_tag","embeddable":true,"href":"https:\/\/bam-digitalacademy.com\/index.php?rest_route=%2Fwp%2Fv2%2Fproduct_tag&post=963"}],"curies":[{"name":"wp","href":"https:\/\/api.w.org\/{rel}","templated":true}]}}