{"id":964,"date":"2025-09-05T00:35:02","date_gmt":"2025-09-04T22:35:02","guid":{"rendered":"https:\/\/bam-digitalacademy.com\/?product=volantes-tradicionales-4x4-cote-150gr-7x13-1000-unds"},"modified":"2025-11-10T14:45:23","modified_gmt":"2025-11-10T13:45:23","slug":"volantes-tradicionales-4x4-cote-150gr-7x13-1000-unds","status":"publish","type":"product","link":"https:\/\/bam-digitalacademy.com\/?product=volantes-tradicionales-4x4-cote-150gr-7x13-1000-unds","title":{"rendered":"Volantes Tradicionales 4&#215;4 Cote 150gr 7&#215;13 (1000 unds)"},"content":{"rendered":"<p data-start=\"195\" data-end=\"336\">Impresi\u00f3n de volantes en formato 4&#215;4 (a doble cara), con papel Cote 150 gramos, ideales para promociones y anuncios visuales de alto impacto.<\/p>\n<p data-start=\"338\" data-end=\"370\"><strong data-start=\"338\" data-end=\"370\">Caracter\u00edsticas principales:<\/strong><\/p>\n<ul data-start=\"371\" data-end=\"754\">\n<li data-start=\"371\" data-end=\"446\">\n<p data-start=\"373\" data-end=\"446\">Impresi\u00f3n a color en ambas caras (4&#215;4), para mayor visibilidad y detalle.<\/p>\n<\/li>\n<li data-start=\"447\" data-end=\"535\">\n<p data-start=\"449\" data-end=\"535\">Papel Cote 150 gramos de calidad media-alta, con buen acabado para impresi\u00f3n vibrante.<\/p>\n<\/li>\n<li data-start=\"536\" data-end=\"601\">\n<p data-start=\"538\" data-end=\"601\">Formato 7&#215;13 cm, c\u00f3modo para distribuci\u00f3n en mano o por correo.<\/p>\n<\/li>\n<li data-start=\"602\" data-end=\"674\">\n<p data-start=\"604\" data-end=\"674\">Paquete de 1000 unidades, perfecto para campa\u00f1as de marketing masivas.<\/p>\n<\/li>\n<li data-start=\"675\" data-end=\"754\">\n<p data-start=\"677\" data-end=\"754\">Ideal para negocios que buscan un volante con contenido completo y atractivo.<\/p>\n<\/li>\n<\/ul>\n<p data-start=\"756\" data-end=\"771\"><strong data-start=\"756\" data-end=\"771\">Beneficios:<\/strong><\/p>\n<ul data-start=\"772\" data-end=\"975\">\n<li data-start=\"772\" data-end=\"835\">\n<p data-start=\"774\" data-end=\"835\">Mejor aprovechamiento del espacio con impresi\u00f3n a doble cara.<\/p>\n<\/li>\n<li data-start=\"836\" data-end=\"906\">\n<p data-start=\"838\" data-end=\"906\">Material duradero y adecuado para campa\u00f1as de corto y mediano plazo.<\/p>\n<\/li>\n<li data-start=\"907\" data-end=\"975\">\n<p data-start=\"909\" data-end=\"975\">Ideal para promociones, eventos o distribuci\u00f3n en puntos de venta.<\/p>\n<\/li>\n<\/ul>\n","protected":false},"excerpt":{"rendered":"<p>Impresi\u00f3n de volantes en formato 4&#215;4 (a doble cara), con papel Cote 150 gramos, ideales para promociones y anuncios visuales de alto impacto. Caracter\u00edsticas principales: Impresi\u00f3n a color en ambas caras (4&#215;4), para mayor visibilidad y detalle. Papel Cote 150 gramos de calidad media-alta, con buen acabado para impresi\u00f3n vibrante. Formato 7&#215;13 cm, c\u00f3modo para distribuci\u00f3n en mano o por correo. Paquete de 1000 unidades, perfecto para campa\u00f1as de marketing masivas. Ideal para negocios que buscan un volante con contenido completo y atractivo. Beneficios: Mejor aprovechamiento del espacio con impresi\u00f3n a doble cara. Material duradero y adecuado para campa\u00f1as de corto y mediano plazo. Ideal para promociones, eventos o distribuci\u00f3n en puntos de venta.<\/p>\n","protected":false},"featured_media":1308,"template":"","meta":[],"product_brand":[],"product_cat":[23],"product_tag":[],"class_list":{"0":"post-964","1":"product","2":"type-product","3":"status-publish","4":"has-post-thumbnail","6":"product_cat-impresos-por-millar","8":"first","9":"instock","10":"shipping-taxable","11":"purchasable","12":"product-type-simple"},"_links":{"self":[{"href":"https:\/\/bam-digitalacademy.com\/index.php?rest_route=\/wp\/v2\/product\/964","targetHints":{"allow":["GET"]}}],"collection":[{"href":"https:\/\/bam-digitalacademy.com\/index.php?rest_route=\/wp\/v2\/product"}],"about":[{"href":"https:\/\/bam-digitalacademy.com\/index.php?rest_route=\/wp\/v2\/types\/product"}],"wp:featuredmedia":[{"embeddable":true,"href":"https:\/\/bam-digitalacademy.com\/index.php?rest_route=\/wp\/v2\/media\/1308"}],"wp:attachment":[{"href":"https:\/\/bam-digitalacademy.com\/index.php?rest_route=%2Fwp%2Fv2%2Fmedia&parent=964"}],"wp:term":[{"taxonomy":"product_brand","embeddable":true,"href":"https:\/\/bam-digitalacademy.com\/index.php?rest_route=%2Fwp%2Fv2%2Fproduct_brand&post=964"},{"taxonomy":"product_cat","embeddable":true,"href":"https:\/\/bam-digitalacademy.com\/index.php?rest_route=%2Fwp%2Fv2%2Fproduct_cat&post=964"},{"taxonomy":"product_tag","embeddable":true,"href":"https:\/\/bam-digitalacademy.com\/index.php?rest_route=%2Fwp%2Fv2%2Fproduct_tag&post=964"}],"curies":[{"name":"wp","href":"https:\/\/api.w.org\/{rel}","templated":true}]}}