{"id":965,"date":"2025-09-05T00:35:03","date_gmt":"2025-09-04T22:35:03","guid":{"rendered":"https:\/\/bam-digitalacademy.com\/?product=afiches-4x0-cote-115gr"},"modified":"2025-11-10T14:45:42","modified_gmt":"2025-11-10T13:45:42","slug":"afiches-4x0-cote-115gr","status":"publish","type":"product","link":"https:\/\/bam-digitalacademy.com\/?product=afiches-4x0-cote-115gr","title":{"rendered":"Afiches 4&#215;0 Cote 115gr"},"content":{"rendered":"<p data-start=\"136\" data-end=\"244\">Afiches impresos a una cara, ideales para publicidad de eventos, promociones o campa\u00f1as de marketing visual.<\/p>\n<p data-start=\"246\" data-end=\"278\"><strong data-start=\"246\" data-end=\"278\">Caracter\u00edsticas principales:<\/strong><\/p>\n<ul data-start=\"279\" data-end=\"598\">\n<li data-start=\"279\" data-end=\"372\">\n<p data-start=\"281\" data-end=\"372\">Impresi\u00f3n a color en una cara (4&#215;0), perfecta para transmitir mensajes claros y llamativos.<\/p>\n<\/li>\n<li data-start=\"373\" data-end=\"461\">\n<p data-start=\"375\" data-end=\"461\">Papel Cote 115 gramos, de calidad ligera pero duradera, ideal para afiches econ\u00f3micos.<\/p>\n<\/li>\n<li data-start=\"462\" data-end=\"530\">\n<p data-start=\"464\" data-end=\"530\">Formato adaptable a diferentes necesidades de comunicaci\u00f3n visual.<\/p>\n<\/li>\n<li data-start=\"531\" data-end=\"598\">\n<p data-start=\"533\" data-end=\"598\">Perfecto para campa\u00f1as de gran visibilidad y distribuci\u00f3n masiva.<\/p>\n<\/li>\n<\/ul>\n<p data-start=\"600\" data-end=\"615\"><strong data-start=\"600\" data-end=\"615\">Beneficios:<\/strong><\/p>\n<ul data-start=\"616\" data-end=\"863\">\n<li data-start=\"616\" data-end=\"701\">\n<p data-start=\"618\" data-end=\"701\">Gran formato para maximizar el impacto visual y atraer la atenci\u00f3n de tu audiencia.<\/p>\n<\/li>\n<li data-start=\"702\" data-end=\"774\">\n<p data-start=\"704\" data-end=\"774\">Material ligero, f\u00e1cil de distribuir y colocar en diferentes espacios.<\/p>\n<\/li>\n<li data-start=\"775\" data-end=\"863\">\n<p data-start=\"777\" data-end=\"863\">Ideal para empresas o eventos que buscan una opci\u00f3n econ\u00f3mica y efectiva de promoci\u00f3n.<\/p>\n<\/li>\n<\/ul>\n","protected":false},"excerpt":{"rendered":"<p>Afiches impresos a una cara, ideales para publicidad de eventos, promociones o campa\u00f1as de marketing visual. Caracter\u00edsticas principales: Impresi\u00f3n a color en una cara (4&#215;0), perfecta para transmitir mensajes claros y llamativos. Papel Cote 115 gramos, de calidad ligera pero duradera, ideal para afiches econ\u00f3micos. Formato adaptable a diferentes necesidades de comunicaci\u00f3n visual. Perfecto para campa\u00f1as de gran visibilidad y distribuci\u00f3n masiva. Beneficios: Gran formato para maximizar el impacto visual y atraer la atenci\u00f3n de tu audiencia. Material ligero, f\u00e1cil de distribuir y colocar en diferentes espacios. Ideal para empresas o eventos que buscan una opci\u00f3n econ\u00f3mica y efectiva de promoci\u00f3n.<\/p>\n","protected":false},"featured_media":1309,"template":"","meta":[],"product_brand":[],"product_cat":[23],"product_tag":[],"class_list":{"0":"post-965","1":"product","2":"type-product","3":"status-publish","4":"has-post-thumbnail","6":"product_cat-impresos-por-millar","8":"first","9":"instock","10":"shipping-taxable","11":"purchasable","12":"product-type-simple"},"_links":{"self":[{"href":"https:\/\/bam-digitalacademy.com\/index.php?rest_route=\/wp\/v2\/product\/965","targetHints":{"allow":["GET"]}}],"collection":[{"href":"https:\/\/bam-digitalacademy.com\/index.php?rest_route=\/wp\/v2\/product"}],"about":[{"href":"https:\/\/bam-digitalacademy.com\/index.php?rest_route=\/wp\/v2\/types\/product"}],"wp:featuredmedia":[{"embeddable":true,"href":"https:\/\/bam-digitalacademy.com\/index.php?rest_route=\/wp\/v2\/media\/1309"}],"wp:attachment":[{"href":"https:\/\/bam-digitalacademy.com\/index.php?rest_route=%2Fwp%2Fv2%2Fmedia&parent=965"}],"wp:term":[{"taxonomy":"product_brand","embeddable":true,"href":"https:\/\/bam-digitalacademy.com\/index.php?rest_route=%2Fwp%2Fv2%2Fproduct_brand&post=965"},{"taxonomy":"product_cat","embeddable":true,"href":"https:\/\/bam-digitalacademy.com\/index.php?rest_route=%2Fwp%2Fv2%2Fproduct_cat&post=965"},{"taxonomy":"product_tag","embeddable":true,"href":"https:\/\/bam-digitalacademy.com\/index.php?rest_route=%2Fwp%2Fv2%2Fproduct_tag&post=965"}],"curies":[{"name":"wp","href":"https:\/\/api.w.org\/{rel}","templated":true}]}}