{"id":966,"date":"2025-09-05T00:35:03","date_gmt":"2025-09-04T22:35:03","guid":{"rendered":"https:\/\/bam-digitalacademy.com\/?product=afiches-4x0-cote-150gr"},"modified":"2025-11-10T14:45:42","modified_gmt":"2025-11-10T13:45:42","slug":"afiches-4x0-cote-150gr","status":"publish","type":"product","link":"https:\/\/bam-digitalacademy.com\/?product=afiches-4x0-cote-150gr","title":{"rendered":"Afiches 4&#215;0 Cote 150gr"},"content":{"rendered":"<p data-start=\"136\" data-end=\"273\">Afiches impresos a una cara, ideales para publicidad visual en alta calidad, perfectos para eventos, promociones y campa\u00f1as de marketing.<\/p>\n<p data-start=\"275\" data-end=\"307\"><strong data-start=\"275\" data-end=\"307\">Caracter\u00edsticas principales:<\/strong><\/p>\n<ul data-start=\"308\" data-end=\"674\">\n<li data-start=\"308\" data-end=\"396\">\n<p data-start=\"310\" data-end=\"396\">Impresi\u00f3n a color en una cara (4&#215;0), ideal para dise\u00f1os impactantes y mensajes claros.<\/p>\n<\/li>\n<li data-start=\"397\" data-end=\"511\">\n<p data-start=\"399\" data-end=\"511\">Papel Cote 150 gramos, de mayor grosor y calidad, proporcionando una mayor durabilidad y un acabado profesional.<\/p>\n<\/li>\n<li data-start=\"512\" data-end=\"592\">\n<p data-start=\"514\" data-end=\"592\">Formato flexible, adecuado para diversos tama\u00f1os y aplicaciones publicitarias.<\/p>\n<\/li>\n<li data-start=\"593\" data-end=\"674\">\n<p data-start=\"595\" data-end=\"674\">Perfecto para distribuci\u00f3n masiva en espacios p\u00fablicos, eventos o exhibiciones.<\/p>\n<\/li>\n<\/ul>\n<p data-start=\"676\" data-end=\"691\"><strong data-start=\"676\" data-end=\"691\">Beneficios:<\/strong><\/p>\n<ul data-start=\"692\" data-end=\"1038\">\n<li data-start=\"692\" data-end=\"817\">\n<p data-start=\"694\" data-end=\"817\">Mayor resistencia y calidad en comparaci\u00f3n con papeles m\u00e1s ligeros, lo que asegura una presentaci\u00f3n profesional y duradera.<\/p>\n<\/li>\n<li data-start=\"818\" data-end=\"929\">\n<p data-start=\"820\" data-end=\"929\">Ideal para promociones de alto impacto, afiches de eventos o materiales publicitarios que requieren destacar.<\/p>\n<\/li>\n<li data-start=\"930\" data-end=\"1038\">\n<p data-start=\"932\" data-end=\"1038\">Perfecto para empresas o marcas que buscan visibilidad a trav\u00e9s de una soluci\u00f3n econ\u00f3mica pero de calidad.<\/p>\n<\/li>\n<\/ul>\n","protected":false},"excerpt":{"rendered":"<p>Afiches impresos a una cara, ideales para publicidad visual en alta calidad, perfectos para eventos, promociones y campa\u00f1as de marketing. Caracter\u00edsticas principales: Impresi\u00f3n a color en una cara (4&#215;0), ideal para dise\u00f1os impactantes y mensajes claros. Papel Cote 150 gramos, de mayor grosor y calidad, proporcionando una mayor durabilidad y un acabado profesional. Formato flexible, adecuado para diversos tama\u00f1os y aplicaciones publicitarias. Perfecto para distribuci\u00f3n masiva en espacios p\u00fablicos, eventos o exhibiciones. Beneficios: Mayor resistencia y calidad en comparaci\u00f3n con papeles m\u00e1s ligeros, lo que asegura una presentaci\u00f3n profesional y duradera. Ideal para promociones de alto impacto, afiches de eventos o materiales publicitarios que requieren destacar. Perfecto para empresas o marcas que buscan visibilidad a trav\u00e9s de una soluci\u00f3n econ\u00f3mica pero de calidad.<\/p>\n","protected":false},"featured_media":1309,"template":"","meta":[],"product_brand":[],"product_cat":[23],"product_tag":[],"class_list":{"0":"post-966","1":"product","2":"type-product","3":"status-publish","4":"has-post-thumbnail","6":"product_cat-impresos-por-millar","8":"first","9":"instock","10":"shipping-taxable","11":"purchasable","12":"product-type-simple"},"_links":{"self":[{"href":"https:\/\/bam-digitalacademy.com\/index.php?rest_route=\/wp\/v2\/product\/966","targetHints":{"allow":["GET"]}}],"collection":[{"href":"https:\/\/bam-digitalacademy.com\/index.php?rest_route=\/wp\/v2\/product"}],"about":[{"href":"https:\/\/bam-digitalacademy.com\/index.php?rest_route=\/wp\/v2\/types\/product"}],"wp:featuredmedia":[{"embeddable":true,"href":"https:\/\/bam-digitalacademy.com\/index.php?rest_route=\/wp\/v2\/media\/1309"}],"wp:attachment":[{"href":"https:\/\/bam-digitalacademy.com\/index.php?rest_route=%2Fwp%2Fv2%2Fmedia&parent=966"}],"wp:term":[{"taxonomy":"product_brand","embeddable":true,"href":"https:\/\/bam-digitalacademy.com\/index.php?rest_route=%2Fwp%2Fv2%2Fproduct_brand&post=966"},{"taxonomy":"product_cat","embeddable":true,"href":"https:\/\/bam-digitalacademy.com\/index.php?rest_route=%2Fwp%2Fv2%2Fproduct_cat&post=966"},{"taxonomy":"product_tag","embeddable":true,"href":"https:\/\/bam-digitalacademy.com\/index.php?rest_route=%2Fwp%2Fv2%2Fproduct_tag&post=966"}],"curies":[{"name":"wp","href":"https:\/\/api.w.org\/{rel}","templated":true}]}}