{"id":967,"date":"2025-09-05T00:35:03","date_gmt":"2025-09-04T22:35:03","guid":{"rendered":"https:\/\/bam-digitalacademy.com\/?product=plegable-carta-u-oficio"},"modified":"2025-11-10T14:46:18","modified_gmt":"2025-11-10T13:46:18","slug":"plegable-carta-u-oficio","status":"publish","type":"product","link":"https:\/\/bam-digitalacademy.com\/?product=plegable-carta-u-oficio","title":{"rendered":"Plegable Carta u Oficio"},"content":{"rendered":"<p data-start=\"138\" data-end=\"269\">Plegables de alta calidad en formato carta o oficio, ideales para folletos informativos, promociones o presentaciones corporativas.<\/p>\n<p data-start=\"271\" data-end=\"303\"><strong data-start=\"271\" data-end=\"303\">Caracter\u00edsticas principales:<\/strong><\/p>\n<ul data-start=\"304\" data-end=\"690\">\n<li data-start=\"304\" data-end=\"390\">\n<p data-start=\"306\" data-end=\"390\">Formatos disponibles: Carta o Oficio, adapt\u00e1ndose a tus necesidades de comunicaci\u00f3n.<\/p>\n<\/li>\n<li data-start=\"391\" data-end=\"496\">\n<p data-start=\"393\" data-end=\"496\">Impresi\u00f3n a color en alta calidad, ideal para folletos, tr\u00edpticos, invitaciones o material promocional.<\/p>\n<\/li>\n<li data-start=\"497\" data-end=\"588\">\n<p data-start=\"499\" data-end=\"588\">Papel resistente, con opci\u00f3n de acabado mate o brillante seg\u00fan el dise\u00f1o y uso requerido.<\/p>\n<\/li>\n<li data-start=\"589\" data-end=\"690\">\n<p data-start=\"591\" data-end=\"690\">Perfecto para distribuir en eventos, ferias, campa\u00f1as publicitarias o presentaciones empresariales.<\/p>\n<\/li>\n<\/ul>\n<p data-start=\"692\" data-end=\"707\"><strong data-start=\"692\" data-end=\"707\">Beneficios:<\/strong><\/p>\n<ul data-start=\"708\" data-end=\"986\">\n<li data-start=\"708\" data-end=\"790\">\n<p data-start=\"710\" data-end=\"790\">Ofrecen una forma pr\u00e1ctica de presentar informaci\u00f3n de manera clara y atractiva.<\/p>\n<\/li>\n<li data-start=\"791\" data-end=\"884\">\n<p data-start=\"793\" data-end=\"884\">Flexibilidad para crear material informativo o promocional, con varias opciones de pliegue.<\/p>\n<\/li>\n<li data-start=\"885\" data-end=\"986\">\n<p data-start=\"887\" data-end=\"986\">Ideal para empresas que buscan un formato compacto y funcional para compartir detalles importantes.<\/p>\n<\/li>\n<\/ul>\n","protected":false},"excerpt":{"rendered":"<p>Plegables de alta calidad en formato carta o oficio, ideales para folletos informativos, promociones o presentaciones corporativas. Caracter\u00edsticas principales: Formatos disponibles: Carta o Oficio, adapt\u00e1ndose a tus necesidades de comunicaci\u00f3n. Impresi\u00f3n a color en alta calidad, ideal para folletos, tr\u00edpticos, invitaciones o material promocional. Papel resistente, con opci\u00f3n de acabado mate o brillante seg\u00fan el dise\u00f1o y uso requerido. Perfecto para distribuir en eventos, ferias, campa\u00f1as publicitarias o presentaciones empresariales. Beneficios: Ofrecen una forma pr\u00e1ctica de presentar informaci\u00f3n de manera clara y atractiva. Flexibilidad para crear material informativo o promocional, con varias opciones de pliegue. Ideal para empresas que buscan un formato compacto y funcional para compartir detalles importantes.<\/p>\n","protected":false},"featured_media":1310,"template":"","meta":[],"product_brand":[],"product_cat":[23],"product_tag":[],"class_list":{"0":"post-967","1":"product","2":"type-product","3":"status-publish","4":"has-post-thumbnail","6":"product_cat-impresos-por-millar","8":"first","9":"instock","10":"shipping-taxable","11":"purchasable","12":"product-type-simple"},"_links":{"self":[{"href":"https:\/\/bam-digitalacademy.com\/index.php?rest_route=\/wp\/v2\/product\/967","targetHints":{"allow":["GET"]}}],"collection":[{"href":"https:\/\/bam-digitalacademy.com\/index.php?rest_route=\/wp\/v2\/product"}],"about":[{"href":"https:\/\/bam-digitalacademy.com\/index.php?rest_route=\/wp\/v2\/types\/product"}],"wp:featuredmedia":[{"embeddable":true,"href":"https:\/\/bam-digitalacademy.com\/index.php?rest_route=\/wp\/v2\/media\/1310"}],"wp:attachment":[{"href":"https:\/\/bam-digitalacademy.com\/index.php?rest_route=%2Fwp%2Fv2%2Fmedia&parent=967"}],"wp:term":[{"taxonomy":"product_brand","embeddable":true,"href":"https:\/\/bam-digitalacademy.com\/index.php?rest_route=%2Fwp%2Fv2%2Fproduct_brand&post=967"},{"taxonomy":"product_cat","embeddable":true,"href":"https:\/\/bam-digitalacademy.com\/index.php?rest_route=%2Fwp%2Fv2%2Fproduct_cat&post=967"},{"taxonomy":"product_tag","embeddable":true,"href":"https:\/\/bam-digitalacademy.com\/index.php?rest_route=%2Fwp%2Fv2%2Fproduct_tag&post=967"}],"curies":[{"name":"wp","href":"https:\/\/api.w.org\/{rel}","templated":true}]}}