{"id":968,"date":"2025-09-05T00:35:03","date_gmt":"2025-09-04T22:35:03","guid":{"rendered":"https:\/\/bam-digitalacademy.com\/?product=10-talonarios-original-y-copia"},"modified":"2025-11-10T14:46:44","modified_gmt":"2025-11-10T13:46:44","slug":"10-talonarios-original-y-copia","status":"publish","type":"product","link":"https:\/\/bam-digitalacademy.com\/?product=10-talonarios-original-y-copia","title":{"rendered":"10 Talonarios Original y Copia"},"content":{"rendered":"<p data-start=\"152\" data-end=\"277\">Conjunto de 10 talonarios con hojas originales y copias, ideales para emitir recibos, facturas o pedidos en m\u00faltiples copias.<\/p>\n<p data-start=\"279\" data-end=\"311\"><strong data-start=\"279\" data-end=\"311\">Caracter\u00edsticas principales:<\/strong><\/p>\n<ul data-start=\"312\" data-end=\"731\">\n<li data-start=\"312\" data-end=\"407\">\n<p data-start=\"314\" data-end=\"407\">Paquete de 10 talonarios con formato original y copia (carbono) para duplicar la informaci\u00f3n.<\/p>\n<\/li>\n<li data-start=\"408\" data-end=\"467\">\n<p data-start=\"410\" data-end=\"467\">Ideal para recibos, facturas, \u00f3rdenes de compra o ventas.<\/p>\n<\/li>\n<li data-start=\"468\" data-end=\"549\">\n<p data-start=\"470\" data-end=\"549\">Dise\u00f1o funcional con numeraci\u00f3n secuencial para un f\u00e1cil control de documentos.<\/p>\n<\/li>\n<li data-start=\"550\" data-end=\"636\">\n<p data-start=\"552\" data-end=\"636\">Hojas de calidad, resistentes al uso y con suficiente espacio para datos esenciales.<\/p>\n<\/li>\n<li data-start=\"637\" data-end=\"731\">\n<p data-start=\"639\" data-end=\"731\">Se entrega en formato est\u00e1ndar, adecuado para negocios que requieren documentaci\u00f3n en papel.<\/p>\n<\/li>\n<\/ul>\n<p data-start=\"733\" data-end=\"748\"><strong data-start=\"733\" data-end=\"748\">Beneficios:<\/strong><\/p>\n<ul data-start=\"749\" data-end=\"991\">\n<li data-start=\"749\" data-end=\"831\">\n<p data-start=\"751\" data-end=\"831\">Facilidad para mantener un registro claro y ordenado de transacciones o pedidos.<\/p>\n<\/li>\n<li data-start=\"832\" data-end=\"905\">\n<p data-start=\"834\" data-end=\"905\">La copia permite que ambas partes conserven un documento de referencia.<\/p>\n<\/li>\n<li data-start=\"906\" data-end=\"991\">\n<p data-start=\"908\" data-end=\"991\">Ideal para empresas que necesitan emitir documentos f\u00edsicos en su operativa diaria.<\/p>\n<\/li>\n<\/ul>\n","protected":false},"excerpt":{"rendered":"<p>Conjunto de 10 talonarios con hojas originales y copias, ideales para emitir recibos, facturas o pedidos en m\u00faltiples copias. Caracter\u00edsticas principales: Paquete de 10 talonarios con formato original y copia (carbono) para duplicar la informaci\u00f3n. Ideal para recibos, facturas, \u00f3rdenes de compra o ventas. Dise\u00f1o funcional con numeraci\u00f3n secuencial para un f\u00e1cil control de documentos. Hojas de calidad, resistentes al uso y con suficiente espacio para datos esenciales. Se entrega en formato est\u00e1ndar, adecuado para negocios que requieren documentaci\u00f3n en papel. Beneficios: Facilidad para mantener un registro claro y ordenado de transacciones o pedidos. La copia permite que ambas partes conserven un documento de referencia. Ideal para empresas que necesitan emitir documentos f\u00edsicos en su operativa diaria.<\/p>\n","protected":false},"featured_media":1311,"template":"","meta":[],"product_brand":[],"product_cat":[23],"product_tag":[],"class_list":{"0":"post-968","1":"product","2":"type-product","3":"status-publish","4":"has-post-thumbnail","6":"product_cat-impresos-por-millar","8":"first","9":"instock","10":"shipping-taxable","11":"purchasable","12":"product-type-simple"},"_links":{"self":[{"href":"https:\/\/bam-digitalacademy.com\/index.php?rest_route=\/wp\/v2\/product\/968","targetHints":{"allow":["GET"]}}],"collection":[{"href":"https:\/\/bam-digitalacademy.com\/index.php?rest_route=\/wp\/v2\/product"}],"about":[{"href":"https:\/\/bam-digitalacademy.com\/index.php?rest_route=\/wp\/v2\/types\/product"}],"wp:featuredmedia":[{"embeddable":true,"href":"https:\/\/bam-digitalacademy.com\/index.php?rest_route=\/wp\/v2\/media\/1311"}],"wp:attachment":[{"href":"https:\/\/bam-digitalacademy.com\/index.php?rest_route=%2Fwp%2Fv2%2Fmedia&parent=968"}],"wp:term":[{"taxonomy":"product_brand","embeddable":true,"href":"https:\/\/bam-digitalacademy.com\/index.php?rest_route=%2Fwp%2Fv2%2Fproduct_brand&post=968"},{"taxonomy":"product_cat","embeddable":true,"href":"https:\/\/bam-digitalacademy.com\/index.php?rest_route=%2Fwp%2Fv2%2Fproduct_cat&post=968"},{"taxonomy":"product_tag","embeddable":true,"href":"https:\/\/bam-digitalacademy.com\/index.php?rest_route=%2Fwp%2Fv2%2Fproduct_tag&post=968"}],"curies":[{"name":"wp","href":"https:\/\/api.w.org\/{rel}","templated":true}]}}