{"id":969,"date":"2025-09-05T00:35:03","date_gmt":"2025-09-04T22:35:03","guid":{"rendered":"https:\/\/bam-digitalacademy.com\/?product=1000-hojas-membrete"},"modified":"2025-11-10T14:47:04","modified_gmt":"2025-11-10T13:47:04","slug":"1000-hojas-membrete","status":"publish","type":"product","link":"https:\/\/bam-digitalacademy.com\/?product=1000-hojas-membrete","title":{"rendered":"1000 Hojas Membrete"},"content":{"rendered":"<p data-start=\"130\" data-end=\"269\">Hojas de membrete personalizadas de alta calidad, ideales para documentos oficiales, comunicaciones empresariales o correspondencia formal.<\/p>\n<p data-start=\"271\" data-end=\"303\"><strong data-start=\"271\" data-end=\"303\">Caracter\u00edsticas principales:<\/strong><\/p>\n<ul data-start=\"304\" data-end=\"704\">\n<li data-start=\"304\" data-end=\"411\">\n<p data-start=\"306\" data-end=\"411\">Paquete de 1000 hojas de membrete, perfectas para empresas o negocios con altas necesidades de impresi\u00f3n.<\/p>\n<\/li>\n<li data-start=\"412\" data-end=\"503\">\n<p data-start=\"414\" data-end=\"503\">Papel de calidad, adecuado para impresi\u00f3n de textos, logotipos y otros detalles gr\u00e1ficos.<\/p>\n<\/li>\n<li data-start=\"504\" data-end=\"608\">\n<p data-start=\"506\" data-end=\"608\">Dise\u00f1o personalizable con el membrete de tu marca, incluyendo logotipo, direcci\u00f3n y datos de contacto.<\/p>\n<\/li>\n<li data-start=\"609\" data-end=\"704\">\n<p data-start=\"611\" data-end=\"704\">Ideal para uso en cartas, presupuestos, facturas, contratos u otros documentos profesionales.<\/p>\n<\/li>\n<\/ul>\n<p data-start=\"706\" data-end=\"721\"><strong data-start=\"706\" data-end=\"721\">Beneficios:<\/strong><\/p>\n<ul data-start=\"722\" data-end=\"983\">\n<li data-start=\"722\" data-end=\"814\">\n<p data-start=\"724\" data-end=\"814\">Proporciona un aspecto profesional y corporativo a todas las comunicaciones empresariales.<\/p>\n<\/li>\n<li data-start=\"815\" data-end=\"882\">\n<p data-start=\"817\" data-end=\"882\">Alta calidad de impresi\u00f3n que asegura una presentaci\u00f3n impecable.<\/p>\n<\/li>\n<li data-start=\"883\" data-end=\"983\">\n<p data-start=\"885\" data-end=\"983\">Ideal para empresas que desean mantener una identidad visual consistente en toda su documentaci\u00f3n.<\/p>\n<\/li>\n<\/ul>\n","protected":false},"excerpt":{"rendered":"<p>Hojas de membrete personalizadas de alta calidad, ideales para documentos oficiales, comunicaciones empresariales o correspondencia formal. Caracter\u00edsticas principales: Paquete de 1000 hojas de membrete, perfectas para empresas o negocios con altas necesidades de impresi\u00f3n. Papel de calidad, adecuado para impresi\u00f3n de textos, logotipos y otros detalles gr\u00e1ficos. Dise\u00f1o personalizable con el membrete de tu marca, incluyendo logotipo, direcci\u00f3n y datos de contacto. Ideal para uso en cartas, presupuestos, facturas, contratos u otros documentos profesionales. Beneficios: Proporciona un aspecto profesional y corporativo a todas las comunicaciones empresariales. Alta calidad de impresi\u00f3n que asegura una presentaci\u00f3n impecable. Ideal para empresas que desean mantener una identidad visual consistente en toda su documentaci\u00f3n.<\/p>\n","protected":false},"featured_media":1312,"template":"","meta":[],"product_brand":[],"product_cat":[23],"product_tag":[],"class_list":{"0":"post-969","1":"product","2":"type-product","3":"status-publish","4":"has-post-thumbnail","6":"product_cat-impresos-por-millar","8":"first","9":"instock","10":"shipping-taxable","11":"purchasable","12":"product-type-simple"},"_links":{"self":[{"href":"https:\/\/bam-digitalacademy.com\/index.php?rest_route=\/wp\/v2\/product\/969","targetHints":{"allow":["GET"]}}],"collection":[{"href":"https:\/\/bam-digitalacademy.com\/index.php?rest_route=\/wp\/v2\/product"}],"about":[{"href":"https:\/\/bam-digitalacademy.com\/index.php?rest_route=\/wp\/v2\/types\/product"}],"wp:featuredmedia":[{"embeddable":true,"href":"https:\/\/bam-digitalacademy.com\/index.php?rest_route=\/wp\/v2\/media\/1312"}],"wp:attachment":[{"href":"https:\/\/bam-digitalacademy.com\/index.php?rest_route=%2Fwp%2Fv2%2Fmedia&parent=969"}],"wp:term":[{"taxonomy":"product_brand","embeddable":true,"href":"https:\/\/bam-digitalacademy.com\/index.php?rest_route=%2Fwp%2Fv2%2Fproduct_brand&post=969"},{"taxonomy":"product_cat","embeddable":true,"href":"https:\/\/bam-digitalacademy.com\/index.php?rest_route=%2Fwp%2Fv2%2Fproduct_cat&post=969"},{"taxonomy":"product_tag","embeddable":true,"href":"https:\/\/bam-digitalacademy.com\/index.php?rest_route=%2Fwp%2Fv2%2Fproduct_tag&post=969"}],"curies":[{"name":"wp","href":"https:\/\/api.w.org\/{rel}","templated":true}]}}